{"id":885,"date":"2021-04-29T16:56:01","date_gmt":"2021-04-29T19:56:01","guid":{"rendered":"https:\/\/rotasturisticas.jundiai.sp.gov.br\/centrohistorico\/?page_id=885"},"modified":"2021-05-04T10:11:44","modified_gmt":"2021-05-04T13:11:44","slug":"padaria-e-confeitaria-nossa-senhora-aparecida","status":"publish","type":"page","link":"https:\/\/rotasturisticas.jundiai.sp.gov.br\/centrohistorico\/coxinha-de-queijo\/festivalmelhorcoxinhadequeijo2021\/padaria-e-confeitaria-nossa-senhora-aparecida\/","title":{"rendered":"Padaria e Confeitaria Nossa Senhora Aparecida"},"content":{"rendered":"\n<p><strong>Endere\u00e7o:<\/strong>\u00a0Av. Carlos de Salles Bloch, 234 &#8211; Anhangaba\u00fa<br><strong>Telefone:<\/strong>\u00a0(11) 4521-3069 \/ 98912-1391<br><strong>E-mail:<\/strong>\u00a0panificadoraanhangabau@hotmail.com<br><strong>Hor\u00e1rio de funcionamento:<\/strong>\u00a0Segunda a Sexta das 7h30 \u00e0s 18h30. S\u00e1bado das 7h30 \u00e0s 17h00. <\/p>\n\n\n\n<div class=\"wp-block-columns is-layout-flex wp-container-core-columns-is-layout-9d6595d7 wp-block-columns-is-layout-flex\">\n<div class=\"wp-block-column is-layout-flow wp-block-column-is-layout-flow\" style=\"flex-basis:100%\">\n<div class=\"wp-block-image\"><figure class=\"aligncenter size-large\"><img loading=\"lazy\" decoding=\"async\" width=\"218\" height=\"304\" src=\"https:\/\/rotasturisticas.jundiai.sp.gov.br\/centrohistorico\/wp-content\/uploads\/sites\/6\/2021\/04\/logo-padaria-Jose-Ayres.png\" alt=\"\" class=\"wp-image-888\"\/><\/figure><\/div>\n\n\n\n<div class=\"wp-block-image\"><figure class=\"aligncenter size-large is-resized\"><img loading=\"lazy\" decoding=\"async\" src=\"https:\/\/rotasturisticas.jundiai.sp.gov.br\/centrohistorico\/wp-content\/uploads\/sites\/6\/2021\/04\/coxinha-Jose-Ayres-920x518.jpg\" alt=\"\" class=\"wp-image-889\" width=\"632\" height=\"355\" srcset=\"https:\/\/rotasturisticas.jundiai.sp.gov.br\/centrohistorico\/wp-content\/uploads\/sites\/6\/2021\/04\/coxinha-Jose-Ayres-920x518.jpg 920w, https:\/\/rotasturisticas.jundiai.sp.gov.br\/centrohistorico\/wp-content\/uploads\/sites\/6\/2021\/04\/coxinha-Jose-Ayres-300x169.jpg 300w, https:\/\/rotasturisticas.jundiai.sp.gov.br\/centrohistorico\/wp-content\/uploads\/sites\/6\/2021\/04\/coxinha-Jose-Ayres-768x432.jpg 768w, https:\/\/rotasturisticas.jundiai.sp.gov.br\/centrohistorico\/wp-content\/uploads\/sites\/6\/2021\/04\/coxinha-Jose-Ayres.jpg 1280w\" sizes=\"auto, (max-width: 632px) 100vw, 632px\" \/><\/figure><\/div>\n<\/div>\n<\/div>\n","protected":false},"excerpt":{"rendered":"<p>Endere\u00e7o:\u00a0Av. Carlos de Salles Bloch, 234 &#8211; Anhangaba\u00faTelefone:\u00a0(11) 4521-3069 \/ 98912-1391E-mail:\u00a0panificadoraanhangabau@hotmail.comHor\u00e1rio de funcionamento:\u00a0Segunda a Sexta das 7h30 \u00e0s 18h30. S\u00e1bado das 7h30 \u00e0s 17h00.<\/p>\n","protected":false},"author":16,"featured_media":0,"parent":849,"menu_order":0,"comment_status":"closed","ping_status":"closed","template":"","meta":{"footnotes":""},"class_list":["post-885","page","type-page","status-publish","hentry"],"_links":{"self":[{"href":"https:\/\/rotasturisticas.jundiai.sp.gov.br\/centrohistorico\/wp-json\/wp\/v2\/pages\/885","targetHints":{"allow":["GET"]}}],"collection":[{"href":"https:\/\/rotasturisticas.jundiai.sp.gov.br\/centrohistorico\/wp-json\/wp\/v2\/pages"}],"about":[{"href":"https:\/\/rotasturisticas.jundiai.sp.gov.br\/centrohistorico\/wp-json\/wp\/v2\/types\/page"}],"author":[{"embeddable":true,"href":"https:\/\/rotasturisticas.jundiai.sp.gov.br\/centrohistorico\/wp-json\/wp\/v2\/users\/16"}],"replies":[{"embeddable":true,"href":"https:\/\/rotasturisticas.jundiai.sp.gov.br\/centrohistorico\/wp-json\/wp\/v2\/comments?post=885"}],"version-history":[{"count":3,"href":"https:\/\/rotasturisticas.jundiai.sp.gov.br\/centrohistorico\/wp-json\/wp\/v2\/pages\/885\/revisions"}],"predecessor-version":[{"id":967,"href":"https:\/\/rotasturisticas.jundiai.sp.gov.br\/centrohistorico\/wp-json\/wp\/v2\/pages\/885\/revisions\/967"}],"up":[{"embeddable":true,"href":"https:\/\/rotasturisticas.jundiai.sp.gov.br\/centrohistorico\/wp-json\/wp\/v2\/pages\/849"}],"wp:attachment":[{"href":"https:\/\/rotasturisticas.jundiai.sp.gov.br\/centrohistorico\/wp-json\/wp\/v2\/media?parent=885"}],"curies":[{"name":"wp","href":"https:\/\/api.w.org\/{rel}","templated":true}]}}