{"id":88,"date":"2018-06-28T14:30:45","date_gmt":"2018-06-28T17:30:45","guid":{"rendered":"http:\/\/rotasturisticas.jundiai.sp.gov.br\/centrohistorico\/?page_id=88"},"modified":"2024-08-14T16:21:39","modified_gmt":"2024-08-14T19:21:39","slug":"antigo-mercado-municipal","status":"publish","type":"page","link":"https:\/\/rotasturisticas.jundiai.sp.gov.br\/centrohistorico\/o-que-visitar\/antigo-mercado-municipal\/","title":{"rendered":"Antigo Mercado Municipal"},"content":{"rendered":"\n<p>O mercado agr\u00edcola municipal surgido para venda de hortali\u00e7as dos italianos no s\u00e9culo 19 foi parte do fen\u00f4meno que tornou Jundia\u00ed conhecida nacionalmente como a Terra da Uva ao abrigar, em 1934, a 1\u00aa Festa Vitivin\u00edcola e Industrial que celebrou a descoberta e o manejo em 1933 da variedade local de uvas chamada Niagara Rosada. E continuou sendo mercado at\u00e9 a d\u00e9cada de 1970, quando uma das diversas reformas transformou-o em importante espa\u00e7o p\u00fablico e da cultura que \u00e9 o Centro das Artes.<\/p>\n\n\n\n<figure class=\"wp-block-gallery has-nested-images columns-default is-cropped wp-block-gallery-1 is-layout-flex wp-block-gallery-is-layout-flex\">\n<figure class=\"wp-block-image size-large\"><img loading=\"lazy\" decoding=\"async\" width=\"800\" height=\"453\" data-id=\"1578\" src=\"https:\/\/rotasturisticas.jundiai.sp.gov.br\/centrohistorico\/wp-content\/uploads\/sites\/6\/2023\/05\/Centro-das-Artes.1970-Sebo0-2.jpg\" alt=\"\" class=\"wp-image-1578\" srcset=\"https:\/\/rotasturisticas.jundiai.sp.gov.br\/centrohistorico\/wp-content\/uploads\/sites\/6\/2023\/05\/Centro-das-Artes.1970-Sebo0-2.jpg 800w, https:\/\/rotasturisticas.jundiai.sp.gov.br\/centrohistorico\/wp-content\/uploads\/sites\/6\/2023\/05\/Centro-das-Artes.1970-Sebo0-2-768x435.jpg 768w\" sizes=\"auto, (max-width: 800px) 100vw, 800px\" \/><figcaption class=\"wp-element-caption\">Acervo Professor Maur\u00edcio Ferreira<\/figcaption><\/figure>\n\n\n\n<figure class=\"wp-block-image size-large\"><img loading=\"lazy\" decoding=\"async\" width=\"960\" height=\"645\" data-id=\"1577\" src=\"https:\/\/rotasturisticas.jundiai.sp.gov.br\/centrohistorico\/wp-content\/uploads\/sites\/6\/2023\/05\/Festa-da-Uva-Jundiahy-Antiga-2.jpg\" alt=\"Foto: Jundiahy Antiga\/ Reprodu\u00e7\u00e3o\" class=\"wp-image-1577\" srcset=\"https:\/\/rotasturisticas.jundiai.sp.gov.br\/centrohistorico\/wp-content\/uploads\/sites\/6\/2023\/05\/Festa-da-Uva-Jundiahy-Antiga-2.jpg 960w, https:\/\/rotasturisticas.jundiai.sp.gov.br\/centrohistorico\/wp-content\/uploads\/sites\/6\/2023\/05\/Festa-da-Uva-Jundiahy-Antiga-2-768x516.jpg 768w\" sizes=\"auto, (max-width: 960px) 100vw, 960px\" \/><\/figure>\n<\/figure>\n","protected":false},"excerpt":{"rendered":"<p>O mercado agr\u00edcola municipal surgido para venda de hortali\u00e7as dos italianos no s\u00e9culo 19 foi parte do fen\u00f4meno que tornou Jundia\u00ed conhecida nacionalmente como a Terra da Uva ao abrigar, em 1934, a 1\u00aa Festa Vitivin\u00edcola e Industrial que celebrou a descoberta e o manejo em 1933 da variedade local de uvas chamada Niagara Rosada. [&hellip;]<\/p>\n","protected":false},"author":11,"featured_media":0,"parent":14,"menu_order":0,"comment_status":"closed","ping_status":"closed","template":"page-local.php","meta":{"footnotes":""},"class_list":["post-88","page","type-page","status-publish","hentry"],"_links":{"self":[{"href":"https:\/\/rotasturisticas.jundiai.sp.gov.br\/centrohistorico\/wp-json\/wp\/v2\/pages\/88","targetHints":{"allow":["GET"]}}],"collection":[{"href":"https:\/\/rotasturisticas.jundiai.sp.gov.br\/centrohistorico\/wp-json\/wp\/v2\/pages"}],"about":[{"href":"https:\/\/rotasturisticas.jundiai.sp.gov.br\/centrohistorico\/wp-json\/wp\/v2\/types\/page"}],"author":[{"embeddable":true,"href":"https:\/\/rotasturisticas.jundiai.sp.gov.br\/centrohistorico\/wp-json\/wp\/v2\/users\/11"}],"replies":[{"embeddable":true,"href":"https:\/\/rotasturisticas.jundiai.sp.gov.br\/centrohistorico\/wp-json\/wp\/v2\/comments?post=88"}],"version-history":[{"count":4,"href":"https:\/\/rotasturisticas.jundiai.sp.gov.br\/centrohistorico\/wp-json\/wp\/v2\/pages\/88\/revisions"}],"predecessor-version":[{"id":1876,"href":"https:\/\/rotasturisticas.jundiai.sp.gov.br\/centrohistorico\/wp-json\/wp\/v2\/pages\/88\/revisions\/1876"}],"up":[{"embeddable":true,"href":"https:\/\/rotasturisticas.jundiai.sp.gov.br\/centrohistorico\/wp-json\/wp\/v2\/pages\/14"}],"wp:attachment":[{"href":"https:\/\/rotasturisticas.jundiai.sp.gov.br\/centrohistorico\/wp-json\/wp\/v2\/media?parent=88"}],"curies":[{"name":"wp","href":"https:\/\/api.w.org\/{rel}","templated":true}]}}