{"id":849,"date":"2021-04-29T16:19:47","date_gmt":"2021-04-29T19:19:47","guid":{"rendered":"https:\/\/rotasturisticas.jundiai.sp.gov.br\/centrohistorico\/?page_id=849"},"modified":"2022-11-25T11:39:35","modified_gmt":"2022-11-25T14:39:35","slug":"festivalmelhorcoxinhadequeijo2021","status":"publish","type":"page","link":"https:\/\/rotasturisticas.jundiai.sp.gov.br\/centrohistorico\/coxinha-de-queijo\/festivalmelhorcoxinhadequeijo2021\/","title":{"rendered":"Festival A Melhor Coxinha de Queijo de Jundia\u00ed 2021"},"content":{"rendered":"\n<div class=\"wp-block-media-text alignwide has-media-on-the-right is-stacked-on-mobile\"><div class=\"wp-block-media-text__content\">\n<p>O Vencedor do<br><strong>Festival A Melhor Coxinha de Queijo de Jundia\u00ed 2021<\/strong><\/p>\n\n\n\n<p>J\u00fari T\u00e9cnico:<br><a rel=\"noreferrer noopener\" href=\"https:\/\/rotasturisticas.jundiai.sp.gov.br\/centrohistorico\/coxinha-de-queijo\/festivalmelhorcoxinhadequeijo2021\/891-2\/\" target=\"_blank\"><strong>Kiosque Roseira<\/strong><\/a><br>Voto Popular:<br><a href=\"https:\/\/rotasturisticas.jundiai.sp.gov.br\/centrohistorico\/coxinha-de-queijo\/festivalmelhorcoxinhadequeijo2021\/891-2\/\"><strong>Kiosque da Roseira<\/strong><\/a><\/p>\n\n\n\n<p><strong>Confira o Edital do Concurso \u201cA Melhor Coxinha de Queijo de Jundia\u00ed\u201d \u2013 Edi\u00e7\u00e3o 2021&nbsp;<a href=\"https:\/\/rotasturisticas.jundiai.sp.gov.br\/centrohistorico\/coxinhadequeijo2021\/\">Clique aqui<\/a><\/strong><\/p>\n\n\n\n<p class=\"has-medium-font-size\">Confira abaixo os participantes desta edi\u00e7\u00e3o.<\/p>\n<\/div><figure class=\"wp-block-media-text__media\"><img loading=\"lazy\" decoding=\"async\" width=\"1250\" height=\"1250\" src=\"https:\/\/rotasturisticas.jundiai.sp.gov.br\/centrohistorico\/wp-content\/uploads\/sites\/6\/2021\/03\/WhatsApp-Image-2021-03-23-at-11.39.54-2.jpeg\" alt=\"\" class=\"wp-image-841 size-full\" srcset=\"https:\/\/rotasturisticas.jundiai.sp.gov.br\/centrohistorico\/wp-content\/uploads\/sites\/6\/2021\/03\/WhatsApp-Image-2021-03-23-at-11.39.54-2.jpeg 1250w, https:\/\/rotasturisticas.jundiai.sp.gov.br\/centrohistorico\/wp-content\/uploads\/sites\/6\/2021\/03\/WhatsApp-Image-2021-03-23-at-11.39.54-2-300x300.jpeg 300w, https:\/\/rotasturisticas.jundiai.sp.gov.br\/centrohistorico\/wp-content\/uploads\/sites\/6\/2021\/03\/WhatsApp-Image-2021-03-23-at-11.39.54-2-920x920.jpeg 920w, https:\/\/rotasturisticas.jundiai.sp.gov.br\/centrohistorico\/wp-content\/uploads\/sites\/6\/2021\/03\/WhatsApp-Image-2021-03-23-at-11.39.54-2-150x150.jpeg 150w, https:\/\/rotasturisticas.jundiai.sp.gov.br\/centrohistorico\/wp-content\/uploads\/sites\/6\/2021\/03\/WhatsApp-Image-2021-03-23-at-11.39.54-2-768x768.jpeg 768w\" sizes=\"auto, (max-width: 1250px) 100vw, 1250px\" \/><\/figure><\/div>\n","protected":false},"excerpt":{"rendered":"<p>O Vencedor doFestival A Melhor Coxinha de Queijo de Jundia\u00ed 2021 J\u00fari T\u00e9cnico:Kiosque RoseiraVoto Popular:Kiosque da Roseira Confira o Edital do Concurso \u201cA Melhor Coxinha de Queijo de Jundia\u00ed\u201d \u2013 Edi\u00e7\u00e3o 2021&nbsp;Clique aqui Confira abaixo os participantes desta edi\u00e7\u00e3o.<\/p>\n","protected":false},"author":16,"featured_media":0,"parent":293,"menu_order":2,"comment_status":"closed","ping_status":"closed","template":"","meta":{"footnotes":""},"class_list":["post-849","page","type-page","status-publish","hentry"],"_links":{"self":[{"href":"https:\/\/rotasturisticas.jundiai.sp.gov.br\/centrohistorico\/wp-json\/wp\/v2\/pages\/849","targetHints":{"allow":["GET"]}}],"collection":[{"href":"https:\/\/rotasturisticas.jundiai.sp.gov.br\/centrohistorico\/wp-json\/wp\/v2\/pages"}],"about":[{"href":"https:\/\/rotasturisticas.jundiai.sp.gov.br\/centrohistorico\/wp-json\/wp\/v2\/types\/page"}],"author":[{"embeddable":true,"href":"https:\/\/rotasturisticas.jundiai.sp.gov.br\/centrohistorico\/wp-json\/wp\/v2\/users\/16"}],"replies":[{"embeddable":true,"href":"https:\/\/rotasturisticas.jundiai.sp.gov.br\/centrohistorico\/wp-json\/wp\/v2\/comments?post=849"}],"version-history":[{"count":12,"href":"https:\/\/rotasturisticas.jundiai.sp.gov.br\/centrohistorico\/wp-json\/wp\/v2\/pages\/849\/revisions"}],"predecessor-version":[{"id":1414,"href":"https:\/\/rotasturisticas.jundiai.sp.gov.br\/centrohistorico\/wp-json\/wp\/v2\/pages\/849\/revisions\/1414"}],"up":[{"embeddable":true,"href":"https:\/\/rotasturisticas.jundiai.sp.gov.br\/centrohistorico\/wp-json\/wp\/v2\/pages\/293"}],"wp:attachment":[{"href":"https:\/\/rotasturisticas.jundiai.sp.gov.br\/centrohistorico\/wp-json\/wp\/v2\/media?parent=849"}],"curies":[{"name":"wp","href":"https:\/\/api.w.org\/{rel}","templated":true}]}}