{"id":759,"date":"2020-04-06T10:58:15","date_gmt":"2020-04-06T13:58:15","guid":{"rendered":"http:\/\/rotasturisticas.jundiai.sp.gov.br\/centrohistorico\/?page_id=759"},"modified":"2024-04-23T13:24:59","modified_gmt":"2024-04-23T16:24:59","slug":"giffacervejaria","status":"publish","type":"page","link":"https:\/\/rotasturisticas.jundiai.sp.gov.br\/centrohistorico\/onde-comer\/giffacervejaria\/","title":{"rendered":"Giffa Imperial Cervejaria"},"content":{"rendered":"\n<p id=\"block-6dcc0c42-3b30-4299-9b4b-6c8ac7187380\">Cervejaria Artesanal de Jundia\u00ed. Produ\u00e7\u00e3o pr\u00f3pria com bar\/loja com vista para a f\u00e1brica, com petiscos e mais de 8 estilos de chope. Growlers para encher direto da cervejaria com chope fresco. Kits e souvenires para presentear.<br>Desde 2015 desenvolvendo com sabedoria, elaborando com leveza e comercializando com efici\u00eancia cervejas que inspiram nossos consumidores, criando a sensa\u00e7\u00e3o de orgulho, felicidade e valor.<\/p>\n\n\n\n<figure class=\"wp-block-gallery has-nested-images columns-default is-cropped wp-block-gallery-1 is-layout-flex wp-block-gallery-is-layout-flex\">\n<figure class=\"wp-block-image size-large\"><a href=\"https:\/\/turismo.jundiai.sp.gov.br\/wp-content\/uploads\/2021\/07\/FACHADAGIFFA2-Marcelo-Giffoni-680x510.jpg\"><img decoding=\"async\" data-id=\"21797\" src=\"https:\/\/turismo.jundiai.sp.gov.br\/wp-content\/uploads\/2021\/07\/FACHADAGIFFA2-Marcelo-Giffoni-680x510.jpg\" alt=\"\" class=\"wp-image-21797\" \/><\/a><\/figure>\n\n\n\n<figure class=\"wp-block-image size-large\"><a href=\"https:\/\/turismo.jundiai.sp.gov.br\/wp-content\/uploads\/2021\/07\/garrafasgiffa50cm-Marcelo-Giffoni-680x462.jpg\"><img decoding=\"async\" data-id=\"21798\" src=\"https:\/\/turismo.jundiai.sp.gov.br\/wp-content\/uploads\/2021\/07\/garrafasgiffa50cm-Marcelo-Giffoni-680x462.jpg\" alt=\"\" class=\"wp-image-21798\" \/><\/a><\/figure>\n\n\n\n<figure class=\"wp-block-image size-large\"><a href=\"https:\/\/turismo.jundiai.sp.gov.br\/wp-content\/uploads\/2021\/07\/loja1-Marcelo-Giffoni.png\"><img decoding=\"async\" data-id=\"21799\" src=\"https:\/\/turismo.jundiai.sp.gov.br\/wp-content\/uploads\/2021\/07\/loja1-Marcelo-Giffoni.png\" alt=\"\" class=\"wp-image-21799\" \/><\/a><\/figure>\n\n\n\n<figure class=\"wp-block-image size-large\"><a href=\"https:\/\/turismo.jundiai.sp.gov.br\/wp-content\/uploads\/2021\/07\/loja2-Marcelo-Giffoni-680x510.jpeg\"><img decoding=\"async\" data-id=\"21800\" src=\"https:\/\/turismo.jundiai.sp.gov.br\/wp-content\/uploads\/2021\/07\/loja2-Marcelo-Giffoni-680x510.jpeg\" alt=\"\" class=\"wp-image-21800\" \/><\/a><\/figure>\n\n\n\n<figure class=\"wp-block-image size-large\"><a href=\"https:\/\/turismo.jundiai.sp.gov.br\/wp-content\/uploads\/2021\/07\/loja4-Marcelo-Giffoni-680x907.jpeg\"><img decoding=\"async\" data-id=\"21801\" src=\"https:\/\/turismo.jundiai.sp.gov.br\/wp-content\/uploads\/2021\/07\/loja4-Marcelo-Giffoni-680x907.jpeg\" alt=\"\" class=\"wp-image-21801\" \/><\/a><\/figure>\n\n\n\n<figure class=\"wp-block-image size-large\"><a href=\"https:\/\/turismo.jundiai.sp.gov.br\/wp-content\/uploads\/2021\/07\/tacagiffa-Marcelo-Giffoni-680x453.jpg\"><img decoding=\"async\" data-id=\"21802\" src=\"https:\/\/turismo.jundiai.sp.gov.br\/wp-content\/uploads\/2021\/07\/tacagiffa-Marcelo-Giffoni-680x453.jpg\" alt=\"\" class=\"wp-image-21802\" \/><\/a><\/figure>\n\n\n\n<figure class=\"wp-block-image size-large\"><a href=\"https:\/\/turismo.jundiai.sp.gov.br\/wp-content\/uploads\/2021\/07\/TAPSGIFFA-Marcelo-Giffoni-680x907.jpg\"><img decoding=\"async\" data-id=\"21803\" src=\"https:\/\/turismo.jundiai.sp.gov.br\/wp-content\/uploads\/2021\/07\/TAPSGIFFA-Marcelo-Giffoni-680x907.jpg\" alt=\"\" class=\"wp-image-21803\" \/><\/a><\/figure>\n\n\n\n<figure class=\"wp-block-image size-large\"><a href=\"https:\/\/turismo.jundiai.sp.gov.br\/wp-content\/uploads\/2021\/07\/adega-Marcelo-Giffoni-680x513.jpeg\"><img decoding=\"async\" data-id=\"21804\" src=\"https:\/\/turismo.jundiai.sp.gov.br\/wp-content\/uploads\/2021\/07\/adega-Marcelo-Giffoni-680x513.jpeg\" alt=\"\" class=\"wp-image-21804\" \/><\/a><\/figure>\n\n\n\n<figure class=\"wp-block-image size-large\"><a href=\"https:\/\/turismo.jundiai.sp.gov.br\/wp-content\/uploads\/2021\/07\/brassagem-Marcelo-Giffoni-680x510.jpeg\"><img decoding=\"async\" data-id=\"21805\" src=\"https:\/\/turismo.jundiai.sp.gov.br\/wp-content\/uploads\/2021\/07\/brassagem-Marcelo-Giffoni-680x510.jpeg\" alt=\"\" class=\"wp-image-21805\" \/><\/a><\/figure>\n<\/figure>\n","protected":false},"excerpt":{"rendered":"<p>Cervejaria Artesanal de Jundia\u00ed. Produ\u00e7\u00e3o pr\u00f3pria com bar\/loja com vista para a f\u00e1brica, com petiscos e mais de 8 estilos de chope. Growlers para encher direto da cervejaria com chope fresco. Kits e souvenires para presentear.Desde 2015 desenvolvendo com sabedoria, elaborando com leveza e comercializando com efici\u00eancia cervejas que inspiram nossos consumidores, criando a sensa\u00e7\u00e3o [&hellip;]<\/p>\n","protected":false},"author":16,"featured_media":1665,"parent":406,"menu_order":0,"comment_status":"closed","ping_status":"closed","template":"page-local.php","meta":{"footnotes":""},"class_list":["post-759","page","type-page","status-publish","has-post-thumbnail","hentry"],"_links":{"self":[{"href":"https:\/\/rotasturisticas.jundiai.sp.gov.br\/centrohistorico\/wp-json\/wp\/v2\/pages\/759","targetHints":{"allow":["GET"]}}],"collection":[{"href":"https:\/\/rotasturisticas.jundiai.sp.gov.br\/centrohistorico\/wp-json\/wp\/v2\/pages"}],"about":[{"href":"https:\/\/rotasturisticas.jundiai.sp.gov.br\/centrohistorico\/wp-json\/wp\/v2\/types\/page"}],"author":[{"embeddable":true,"href":"https:\/\/rotasturisticas.jundiai.sp.gov.br\/centrohistorico\/wp-json\/wp\/v2\/users\/16"}],"replies":[{"embeddable":true,"href":"https:\/\/rotasturisticas.jundiai.sp.gov.br\/centrohistorico\/wp-json\/wp\/v2\/comments?post=759"}],"version-history":[{"count":4,"href":"https:\/\/rotasturisticas.jundiai.sp.gov.br\/centrohistorico\/wp-json\/wp\/v2\/pages\/759\/revisions"}],"predecessor-version":[{"id":1664,"href":"https:\/\/rotasturisticas.jundiai.sp.gov.br\/centrohistorico\/wp-json\/wp\/v2\/pages\/759\/revisions\/1664"}],"up":[{"embeddable":true,"href":"https:\/\/rotasturisticas.jundiai.sp.gov.br\/centrohistorico\/wp-json\/wp\/v2\/pages\/406"}],"wp:featuredmedia":[{"embeddable":true,"href":"https:\/\/rotasturisticas.jundiai.sp.gov.br\/centrohistorico\/wp-json\/wp\/v2\/media\/1665"}],"wp:attachment":[{"href":"https:\/\/rotasturisticas.jundiai.sp.gov.br\/centrohistorico\/wp-json\/wp\/v2\/media?parent=759"}],"curies":[{"name":"wp","href":"https:\/\/api.w.org\/{rel}","templated":true}]}}