{"id":675,"date":"2019-08-29T18:09:14","date_gmt":"2019-08-29T21:09:14","guid":{"rendered":"http:\/\/rotasturisticas.jundiai.sp.gov.br\/centrohistorico\/?page_id=675"},"modified":"2025-09-23T13:45:12","modified_gmt":"2025-09-23T16:45:12","slug":"emporio-terra-da-uva","status":"publish","type":"page","link":"https:\/\/rotasturisticas.jundiai.sp.gov.br\/centrohistorico\/lojas-especiais\/emporio-terra-da-uva\/","title":{"rendered":"Emp\u00f3rio Terra da Uva"},"content":{"rendered":"\n<p>O Emp\u00f3rio Terra da Uva foi criado a partir da ideia de reunir num s\u00f3 local os produtos da terra querida. Um espa\u00e7o onde podemos representar e valorizar os nossos produtores, servindo tamb\u00e9m como um importante apoio aos setores tur\u00edstico e hoteleiro da cidade.<\/p>\n\n\n\n<p><\/p>\n\n\n\n<figure class=\"wp-block-gallery has-nested-images columns-default is-cropped wp-block-gallery-1 is-layout-flex wp-block-gallery-is-layout-flex\">\n<figure class=\"wp-block-image size-large\"><a href=\"https:\/\/rotasturisticas.jundiai.sp.gov.br\/centrohistorico\/wp-content\/uploads\/sites\/6\/2022\/09\/70118497_127318001936793_8445085363948486656_n.jpg\"><img loading=\"lazy\" decoding=\"async\" width=\"712\" height=\"950\" data-id=\"1345\" src=\"https:\/\/rotasturisticas.jundiai.sp.gov.br\/centrohistorico\/wp-content\/uploads\/sites\/6\/2022\/09\/70118497_127318001936793_8445085363948486656_n-712x950.jpg\" alt=\"\" class=\"wp-image-1345\" srcset=\"https:\/\/rotasturisticas.jundiai.sp.gov.br\/centrohistorico\/wp-content\/uploads\/sites\/6\/2022\/09\/70118497_127318001936793_8445085363948486656_n-712x950.jpg 712w, https:\/\/rotasturisticas.jundiai.sp.gov.br\/centrohistorico\/wp-content\/uploads\/sites\/6\/2022\/09\/70118497_127318001936793_8445085363948486656_n-768x1024.jpg 768w, https:\/\/rotasturisticas.jundiai.sp.gov.br\/centrohistorico\/wp-content\/uploads\/sites\/6\/2022\/09\/70118497_127318001936793_8445085363948486656_n-1152x1536.jpg 1152w, https:\/\/rotasturisticas.jundiai.sp.gov.br\/centrohistorico\/wp-content\/uploads\/sites\/6\/2022\/09\/70118497_127318001936793_8445085363948486656_n.jpg 1280w\" sizes=\"auto, (max-width: 712px) 100vw, 712px\" \/><\/a><\/figure>\n\n\n\n<figure class=\"wp-block-image size-large\"><a href=\"https:\/\/rotasturisticas.jundiai.sp.gov.br\/centrohistorico\/wp-content\/uploads\/sites\/6\/2022\/09\/79427838_150101386325121_5969235527545651200_n.jpg\"><img loading=\"lazy\" decoding=\"async\" width=\"534\" height=\"950\" data-id=\"1344\" src=\"https:\/\/rotasturisticas.jundiai.sp.gov.br\/centrohistorico\/wp-content\/uploads\/sites\/6\/2022\/09\/79427838_150101386325121_5969235527545651200_n-534x950.jpg\" alt=\"\" class=\"wp-image-1344\" srcset=\"https:\/\/rotasturisticas.jundiai.sp.gov.br\/centrohistorico\/wp-content\/uploads\/sites\/6\/2022\/09\/79427838_150101386325121_5969235527545651200_n-534x950.jpg 534w, https:\/\/rotasturisticas.jundiai.sp.gov.br\/centrohistorico\/wp-content\/uploads\/sites\/6\/2022\/09\/79427838_150101386325121_5969235527545651200_n-768x1365.jpg 768w, https:\/\/rotasturisticas.jundiai.sp.gov.br\/centrohistorico\/wp-content\/uploads\/sites\/6\/2022\/09\/79427838_150101386325121_5969235527545651200_n-864x1536.jpg 864w, https:\/\/rotasturisticas.jundiai.sp.gov.br\/centrohistorico\/wp-content\/uploads\/sites\/6\/2022\/09\/79427838_150101386325121_5969235527545651200_n.jpg 1152w\" sizes=\"auto, (max-width: 534px) 100vw, 534px\" \/><\/a><\/figure>\n\n\n\n<figure class=\"wp-block-image size-large\"><a href=\"https:\/\/rotasturisticas.jundiai.sp.gov.br\/centrohistorico\/wp-content\/uploads\/sites\/6\/2022\/09\/123551484_367934337875157_8743450863571643243_n.jpg\"><img loading=\"lazy\" decoding=\"async\" width=\"950\" height=\"950\" data-id=\"1340\" src=\"https:\/\/rotasturisticas.jundiai.sp.gov.br\/centrohistorico\/wp-content\/uploads\/sites\/6\/2022\/09\/123551484_367934337875157_8743450863571643243_n-950x950.jpg\" alt=\"\" class=\"wp-image-1340\" srcset=\"https:\/\/rotasturisticas.jundiai.sp.gov.br\/centrohistorico\/wp-content\/uploads\/sites\/6\/2022\/09\/123551484_367934337875157_8743450863571643243_n-950x950.jpg 950w, https:\/\/rotasturisticas.jundiai.sp.gov.br\/centrohistorico\/wp-content\/uploads\/sites\/6\/2022\/09\/123551484_367934337875157_8743450863571643243_n-100x100.jpg 100w, https:\/\/rotasturisticas.jundiai.sp.gov.br\/centrohistorico\/wp-content\/uploads\/sites\/6\/2022\/09\/123551484_367934337875157_8743450863571643243_n-768x768.jpg 768w, https:\/\/rotasturisticas.jundiai.sp.gov.br\/centrohistorico\/wp-content\/uploads\/sites\/6\/2022\/09\/123551484_367934337875157_8743450863571643243_n.jpg 1080w\" sizes=\"auto, (max-width: 950px) 100vw, 950px\" \/><\/a><\/figure>\n\n\n\n<figure class=\"wp-block-image size-large\"><a href=\"https:\/\/rotasturisticas.jundiai.sp.gov.br\/centrohistorico\/wp-content\/uploads\/sites\/6\/2022\/09\/174489354_123910923063412_490614643666992711_n.jpg\"><img loading=\"lazy\" decoding=\"async\" width=\"720\" height=\"720\" data-id=\"1339\" src=\"https:\/\/rotasturisticas.jundiai.sp.gov.br\/centrohistorico\/wp-content\/uploads\/sites\/6\/2022\/09\/174489354_123910923063412_490614643666992711_n.jpg\" alt=\"\" class=\"wp-image-1339\" srcset=\"https:\/\/rotasturisticas.jundiai.sp.gov.br\/centrohistorico\/wp-content\/uploads\/sites\/6\/2022\/09\/174489354_123910923063412_490614643666992711_n.jpg 720w, https:\/\/rotasturisticas.jundiai.sp.gov.br\/centrohistorico\/wp-content\/uploads\/sites\/6\/2022\/09\/174489354_123910923063412_490614643666992711_n-100x100.jpg 100w\" sizes=\"auto, (max-width: 720px) 100vw, 720px\" \/><\/a><\/figure>\n\n\n\n<figure class=\"wp-block-image size-large\"><a href=\"https:\/\/rotasturisticas.jundiai.sp.gov.br\/centrohistorico\/wp-content\/uploads\/sites\/6\/2022\/09\/219865785_173639568090547_7096369137232068396_n.jpg\"><img loading=\"lazy\" decoding=\"async\" width=\"950\" height=\"950\" data-id=\"1343\" src=\"https:\/\/rotasturisticas.jundiai.sp.gov.br\/centrohistorico\/wp-content\/uploads\/sites\/6\/2022\/09\/219865785_173639568090547_7096369137232068396_n-950x950.jpg\" alt=\"\" class=\"wp-image-1343\" srcset=\"https:\/\/rotasturisticas.jundiai.sp.gov.br\/centrohistorico\/wp-content\/uploads\/sites\/6\/2022\/09\/219865785_173639568090547_7096369137232068396_n-950x950.jpg 950w, https:\/\/rotasturisticas.jundiai.sp.gov.br\/centrohistorico\/wp-content\/uploads\/sites\/6\/2022\/09\/219865785_173639568090547_7096369137232068396_n-100x100.jpg 100w, https:\/\/rotasturisticas.jundiai.sp.gov.br\/centrohistorico\/wp-content\/uploads\/sites\/6\/2022\/09\/219865785_173639568090547_7096369137232068396_n-768x768.jpg 768w, https:\/\/rotasturisticas.jundiai.sp.gov.br\/centrohistorico\/wp-content\/uploads\/sites\/6\/2022\/09\/219865785_173639568090547_7096369137232068396_n.jpg 1080w\" sizes=\"auto, (max-width: 950px) 100vw, 950px\" \/><\/a><\/figure>\n\n\n\n<figure class=\"wp-block-image size-large\"><a href=\"https:\/\/rotasturisticas.jundiai.sp.gov.br\/centrohistorico\/wp-content\/uploads\/sites\/6\/2022\/09\/237149375_192529176201586_8832423042063282959_n.jpg\"><img loading=\"lazy\" decoding=\"async\" width=\"950\" height=\"950\" data-id=\"1341\" src=\"https:\/\/rotasturisticas.jundiai.sp.gov.br\/centrohistorico\/wp-content\/uploads\/sites\/6\/2022\/09\/237149375_192529176201586_8832423042063282959_n-950x950.jpg\" alt=\"\" class=\"wp-image-1341\" srcset=\"https:\/\/rotasturisticas.jundiai.sp.gov.br\/centrohistorico\/wp-content\/uploads\/sites\/6\/2022\/09\/237149375_192529176201586_8832423042063282959_n-950x950.jpg 950w, https:\/\/rotasturisticas.jundiai.sp.gov.br\/centrohistorico\/wp-content\/uploads\/sites\/6\/2022\/09\/237149375_192529176201586_8832423042063282959_n-100x100.jpg 100w, https:\/\/rotasturisticas.jundiai.sp.gov.br\/centrohistorico\/wp-content\/uploads\/sites\/6\/2022\/09\/237149375_192529176201586_8832423042063282959_n-768x768.jpg 768w, https:\/\/rotasturisticas.jundiai.sp.gov.br\/centrohistorico\/wp-content\/uploads\/sites\/6\/2022\/09\/237149375_192529176201586_8832423042063282959_n.jpg 1080w\" sizes=\"auto, (max-width: 950px) 100vw, 950px\" \/><\/a><\/figure>\n\n\n\n<figure class=\"wp-block-image size-large\"><a href=\"https:\/\/rotasturisticas.jundiai.sp.gov.br\/centrohistorico\/wp-content\/uploads\/sites\/6\/2022\/09\/237536866_192529009534936_7151831841417517407_n.jpg\"><img loading=\"lazy\" decoding=\"async\" width=\"950\" height=\"950\" data-id=\"1342\" src=\"https:\/\/rotasturisticas.jundiai.sp.gov.br\/centrohistorico\/wp-content\/uploads\/sites\/6\/2022\/09\/237536866_192529009534936_7151831841417517407_n-950x950.jpg\" alt=\"\" class=\"wp-image-1342\" srcset=\"https:\/\/rotasturisticas.jundiai.sp.gov.br\/centrohistorico\/wp-content\/uploads\/sites\/6\/2022\/09\/237536866_192529009534936_7151831841417517407_n-950x950.jpg 950w, https:\/\/rotasturisticas.jundiai.sp.gov.br\/centrohistorico\/wp-content\/uploads\/sites\/6\/2022\/09\/237536866_192529009534936_7151831841417517407_n-100x100.jpg 100w, https:\/\/rotasturisticas.jundiai.sp.gov.br\/centrohistorico\/wp-content\/uploads\/sites\/6\/2022\/09\/237536866_192529009534936_7151831841417517407_n-768x768.jpg 768w, https:\/\/rotasturisticas.jundiai.sp.gov.br\/centrohistorico\/wp-content\/uploads\/sites\/6\/2022\/09\/237536866_192529009534936_7151831841417517407_n.jpg 1080w\" sizes=\"auto, (max-width: 950px) 100vw, 950px\" \/><\/a><\/figure>\n\n\n\n<figure class=\"wp-block-image size-large\"><a href=\"https:\/\/rotasturisticas.jundiai.sp.gov.br\/centrohistorico\/wp-content\/uploads\/sites\/6\/2022\/09\/68965246_121717202496873_9028339337174974464_n.jpg\"><img loading=\"lazy\" decoding=\"async\" width=\"712\" height=\"950\" data-id=\"1346\" src=\"https:\/\/rotasturisticas.jundiai.sp.gov.br\/centrohistorico\/wp-content\/uploads\/sites\/6\/2022\/09\/68965246_121717202496873_9028339337174974464_n-712x950.jpg\" alt=\"\" class=\"wp-image-1346\" srcset=\"https:\/\/rotasturisticas.jundiai.sp.gov.br\/centrohistorico\/wp-content\/uploads\/sites\/6\/2022\/09\/68965246_121717202496873_9028339337174974464_n-712x950.jpg 712w, https:\/\/rotasturisticas.jundiai.sp.gov.br\/centrohistorico\/wp-content\/uploads\/sites\/6\/2022\/09\/68965246_121717202496873_9028339337174974464_n-768x1024.jpg 768w, https:\/\/rotasturisticas.jundiai.sp.gov.br\/centrohistorico\/wp-content\/uploads\/sites\/6\/2022\/09\/68965246_121717202496873_9028339337174974464_n-1152x1536.jpg 1152w, https:\/\/rotasturisticas.jundiai.sp.gov.br\/centrohistorico\/wp-content\/uploads\/sites\/6\/2022\/09\/68965246_121717202496873_9028339337174974464_n.jpg 1280w\" sizes=\"auto, (max-width: 712px) 100vw, 712px\" \/><\/a><\/figure>\n<\/figure>\n","protected":false},"excerpt":{"rendered":"<p>O Emp\u00f3rio Terra da Uva foi criado a partir da ideia de reunir num s\u00f3 local os produtos da terra querida. Um espa\u00e7o onde podemos representar e valorizar os nossos produtores, servindo tamb\u00e9m como um importante apoio aos setores tur\u00edstico e hoteleiro da cidade.<\/p>\n","protected":false},"author":16,"featured_media":1347,"parent":668,"menu_order":0,"comment_status":"closed","ping_status":"closed","template":"page-local.php","meta":{"footnotes":""},"class_list":["post-675","page","type-page","status-publish","has-post-thumbnail","hentry"],"_links":{"self":[{"href":"https:\/\/rotasturisticas.jundiai.sp.gov.br\/centrohistorico\/wp-json\/wp\/v2\/pages\/675","targetHints":{"allow":["GET"]}}],"collection":[{"href":"https:\/\/rotasturisticas.jundiai.sp.gov.br\/centrohistorico\/wp-json\/wp\/v2\/pages"}],"about":[{"href":"https:\/\/rotasturisticas.jundiai.sp.gov.br\/centrohistorico\/wp-json\/wp\/v2\/types\/page"}],"author":[{"embeddable":true,"href":"https:\/\/rotasturisticas.jundiai.sp.gov.br\/centrohistorico\/wp-json\/wp\/v2\/users\/16"}],"replies":[{"embeddable":true,"href":"https:\/\/rotasturisticas.jundiai.sp.gov.br\/centrohistorico\/wp-json\/wp\/v2\/comments?post=675"}],"version-history":[{"count":4,"href":"https:\/\/rotasturisticas.jundiai.sp.gov.br\/centrohistorico\/wp-json\/wp\/v2\/pages\/675\/revisions"}],"predecessor-version":[{"id":2124,"href":"https:\/\/rotasturisticas.jundiai.sp.gov.br\/centrohistorico\/wp-json\/wp\/v2\/pages\/675\/revisions\/2124"}],"up":[{"embeddable":true,"href":"https:\/\/rotasturisticas.jundiai.sp.gov.br\/centrohistorico\/wp-json\/wp\/v2\/pages\/668"}],"wp:featuredmedia":[{"embeddable":true,"href":"https:\/\/rotasturisticas.jundiai.sp.gov.br\/centrohistorico\/wp-json\/wp\/v2\/media\/1347"}],"wp:attachment":[{"href":"https:\/\/rotasturisticas.jundiai.sp.gov.br\/centrohistorico\/wp-json\/wp\/v2\/media?parent=675"}],"curies":[{"name":"wp","href":"https:\/\/api.w.org\/{rel}","templated":true}]}}