{"id":545,"date":"2019-04-05T15:33:08","date_gmt":"2019-04-05T18:33:08","guid":{"rendered":"http:\/\/rotasturisticas.jundiai.sp.gov.br\/centrohistorico\/?page_id=545"},"modified":"2019-04-05T15:42:24","modified_gmt":"2019-04-05T18:42:24","slug":"esquina-gaucha","status":"publish","type":"page","link":"https:\/\/rotasturisticas.jundiai.sp.gov.br\/centrohistorico\/esquina-gaucha\/","title":{"rendered":"Esquina Ga\u00facha"},"content":{"rendered":"<p><strong>Endere\u00e7o:<\/strong> Av. Dr. Cavalcanti, 299 &#8211; Centro<br \/>\n<strong>Telefone:<\/strong> (11) 4526-2348<br \/>\n<strong>E-mail:<\/strong>contato@esquinagaucha.com.br<br \/>\n<strong>Facebook: <\/strong><a href=\"http:\/\/www.facebook.com\/esquinagaucha\/\" target=\"_blank\" rel=\"noopener noreferrer\">Esquina Gaucha Restaurante<\/a><br \/>\n<strong>Instagram: <\/strong><a href=\"http:\/\/www.instagram.com\/esquinagaucha\/\" target=\"_blank\" rel=\"noopener noreferrer\">esquinagaucha<\/a><strong><br \/>\nHor\u00e1rio\u00a0de funcionamento:<\/strong> Segunda a sexta das 11h \u00e0s 23h. Domingo das 11h \u00e0s 15h30.<\/p>\n<p>Al\u00e9m dos pratos executivos, o diferencial do restaurante \u00e9 a refei\u00e7\u00e3o de Capit\u00e3o, que \u00e9 um tipo de corte da carne bovina que \u00e9 composto por picanha, maminha e alcatra e acompanha arroz, feij\u00e3o, frituras e salada.<\/p>\n<p><img loading=\"lazy\" decoding=\"async\" class=\"size-medium wp-image-18235 alignleft\" src=\"http:\/\/turismo.jundiai.sp.gov.br\/wp-content\/uploads\/2019\/04\/esquina-300x300.png\" alt=\"\" width=\"300\" height=\"300\" \/> <img loading=\"lazy\" decoding=\"async\" class=\"size-medium wp-image-18236 alignright\" src=\"http:\/\/turismo.jundiai.sp.gov.br\/wp-content\/uploads\/2019\/04\/esquina3-300x300.jpg\" alt=\"\" width=\"300\" height=\"300\" \/> <img loading=\"lazy\" decoding=\"async\" class=\"size-medium wp-image-18237 aligncenter\" src=\"http:\/\/turismo.jundiai.sp.gov.br\/wp-content\/uploads\/2019\/04\/esquina4-300x300.jpg\" alt=\"\" width=\"300\" height=\"300\" \/> <img loading=\"lazy\" decoding=\"async\" class=\"size-medium wp-image-18238 alignleft\" src=\"http:\/\/turismo.jundiai.sp.gov.br\/wp-content\/uploads\/2019\/04\/esquina5-300x300.jpg\" alt=\"\" width=\"300\" height=\"300\" \/> <img loading=\"lazy\" decoding=\"async\" class=\"size-medium wp-image-18239 alignright\" src=\"http:\/\/turismo.jundiai.sp.gov.br\/wp-content\/uploads\/2019\/04\/esquina6-300x300.jpg\" alt=\"\" width=\"300\" height=\"300\" \/><\/p>\n","protected":false},"excerpt":{"rendered":"<p>Endere\u00e7o: Av. Dr. Cavalcanti, 299 &#8211; Centro Telefone: (11) 4526-2348 E-mail:contato@esquinagaucha.com.br Facebook: Esquina Gaucha Restaurante Instagram: esquinagaucha Hor\u00e1rio\u00a0de funcionamento: Segunda a sexta das 11h \u00e0s 23h. Domingo das 11h \u00e0s 15h30. Al\u00e9m dos pratos executivos, o diferencial do restaurante \u00e9 a refei\u00e7\u00e3o de Capit\u00e3o, que \u00e9 um tipo de corte da carne bovina que \u00e9 [&hellip;]<\/p>\n","protected":false},"author":16,"featured_media":0,"parent":0,"menu_order":0,"comment_status":"closed","ping_status":"closed","template":"","meta":{"footnotes":""},"class_list":["post-545","page","type-page","status-publish","hentry"],"_links":{"self":[{"href":"https:\/\/rotasturisticas.jundiai.sp.gov.br\/centrohistorico\/wp-json\/wp\/v2\/pages\/545","targetHints":{"allow":["GET"]}}],"collection":[{"href":"https:\/\/rotasturisticas.jundiai.sp.gov.br\/centrohistorico\/wp-json\/wp\/v2\/pages"}],"about":[{"href":"https:\/\/rotasturisticas.jundiai.sp.gov.br\/centrohistorico\/wp-json\/wp\/v2\/types\/page"}],"author":[{"embeddable":true,"href":"https:\/\/rotasturisticas.jundiai.sp.gov.br\/centrohistorico\/wp-json\/wp\/v2\/users\/16"}],"replies":[{"embeddable":true,"href":"https:\/\/rotasturisticas.jundiai.sp.gov.br\/centrohistorico\/wp-json\/wp\/v2\/comments?post=545"}],"version-history":[{"count":2,"href":"https:\/\/rotasturisticas.jundiai.sp.gov.br\/centrohistorico\/wp-json\/wp\/v2\/pages\/545\/revisions"}],"predecessor-version":[{"id":547,"href":"https:\/\/rotasturisticas.jundiai.sp.gov.br\/centrohistorico\/wp-json\/wp\/v2\/pages\/545\/revisions\/547"}],"wp:attachment":[{"href":"https:\/\/rotasturisticas.jundiai.sp.gov.br\/centrohistorico\/wp-json\/wp\/v2\/media?parent=545"}],"curies":[{"name":"wp","href":"https:\/\/api.w.org\/{rel}","templated":true}]}}