{"id":527,"date":"2019-04-04T16:50:56","date_gmt":"2019-04-04T19:50:56","guid":{"rendered":"http:\/\/rotasturisticas.jundiai.sp.gov.br\/centrohistorico\/?page_id=527"},"modified":"2024-04-23T17:39:48","modified_gmt":"2024-04-23T20:39:48","slug":"casablanca-restaurante","status":"publish","type":"page","link":"https:\/\/rotasturisticas.jundiai.sp.gov.br\/centrohistorico\/onde-comer\/casablanca-restaurante\/","title":{"rendered":"Casablanca Restaurante"},"content":{"rendered":"\n<p>Um lugar para passar bons momentos. Nada melhor do que sair de casa para fazer uma refei\u00e7\u00e3o em um local bonito, charmoso, familiar e aconchegante, esse \u00e9 um h\u00e1bito que est\u00e1 crescendo cada vez mais entre os brasileiros e faz sucesso entre os jundiaienses. No card\u00e1pio o melhor da gastronomia brasileira caseira, com diversos pratos quentes, mais de 42 tipos de saladas e sobremesas.<\/p>\n\n\n\n<figure class=\"wp-block-gallery has-nested-images columns-default is-cropped wp-block-gallery-1 is-layout-flex wp-block-gallery-is-layout-flex\">\n<figure class=\"wp-block-image size-large\"><a href=\"https:\/\/rotasturisticas.jundiai.sp.gov.br\/centrohistorico\/wp-content\/uploads\/sites\/6\/2024\/04\/318178984_562990075801756_7189735244571805501_n.jpg\"><img loading=\"lazy\" decoding=\"async\" width=\"713\" height=\"950\" data-id=\"1723\" src=\"https:\/\/rotasturisticas.jundiai.sp.gov.br\/centrohistorico\/wp-content\/uploads\/sites\/6\/2024\/04\/318178984_562990075801756_7189735244571805501_n-713x950.jpg\" alt=\"\" class=\"wp-image-1723\" srcset=\"https:\/\/rotasturisticas.jundiai.sp.gov.br\/centrohistorico\/wp-content\/uploads\/sites\/6\/2024\/04\/318178984_562990075801756_7189735244571805501_n-713x950.jpg 713w, https:\/\/rotasturisticas.jundiai.sp.gov.br\/centrohistorico\/wp-content\/uploads\/sites\/6\/2024\/04\/318178984_562990075801756_7189735244571805501_n-768x1024.jpg 768w, https:\/\/rotasturisticas.jundiai.sp.gov.br\/centrohistorico\/wp-content\/uploads\/sites\/6\/2024\/04\/318178984_562990075801756_7189735244571805501_n-1152x1536.jpg 1152w, https:\/\/rotasturisticas.jundiai.sp.gov.br\/centrohistorico\/wp-content\/uploads\/sites\/6\/2024\/04\/318178984_562990075801756_7189735244571805501_n.jpg 1200w\" sizes=\"auto, (max-width: 713px) 100vw, 713px\" \/><\/a><\/figure>\n\n\n\n<figure class=\"wp-block-image size-large\"><a href=\"https:\/\/rotasturisticas.jundiai.sp.gov.br\/centrohistorico\/wp-content\/uploads\/sites\/6\/2024\/04\/318317571_562990282468402_7917688975644569669_n.jpg\"><img loading=\"lazy\" decoding=\"async\" width=\"713\" height=\"950\" data-id=\"1725\" src=\"https:\/\/rotasturisticas.jundiai.sp.gov.br\/centrohistorico\/wp-content\/uploads\/sites\/6\/2024\/04\/318317571_562990282468402_7917688975644569669_n-713x950.jpg\" alt=\"\" class=\"wp-image-1725\" srcset=\"https:\/\/rotasturisticas.jundiai.sp.gov.br\/centrohistorico\/wp-content\/uploads\/sites\/6\/2024\/04\/318317571_562990282468402_7917688975644569669_n-713x950.jpg 713w, https:\/\/rotasturisticas.jundiai.sp.gov.br\/centrohistorico\/wp-content\/uploads\/sites\/6\/2024\/04\/318317571_562990282468402_7917688975644569669_n-768x1024.jpg 768w, https:\/\/rotasturisticas.jundiai.sp.gov.br\/centrohistorico\/wp-content\/uploads\/sites\/6\/2024\/04\/318317571_562990282468402_7917688975644569669_n-1152x1536.jpg 1152w, https:\/\/rotasturisticas.jundiai.sp.gov.br\/centrohistorico\/wp-content\/uploads\/sites\/6\/2024\/04\/318317571_562990282468402_7917688975644569669_n.jpg 1200w\" sizes=\"auto, (max-width: 713px) 100vw, 713px\" \/><\/a><\/figure>\n\n\n\n<figure class=\"wp-block-image size-large\"><a href=\"https:\/\/rotasturisticas.jundiai.sp.gov.br\/centrohistorico\/wp-content\/uploads\/sites\/6\/2024\/04\/CC87D2D3-9AFD-4499-8B9A-954AF748E7F9-Nivia-Savieto-Spinace.jpeg\"><img loading=\"lazy\" decoding=\"async\" width=\"534\" height=\"950\" data-id=\"1734\" src=\"https:\/\/rotasturisticas.jundiai.sp.gov.br\/centrohistorico\/wp-content\/uploads\/sites\/6\/2024\/04\/CC87D2D3-9AFD-4499-8B9A-954AF748E7F9-Nivia-Savieto-Spinace-534x950.jpeg\" alt=\"\" class=\"wp-image-1734\" srcset=\"https:\/\/rotasturisticas.jundiai.sp.gov.br\/centrohistorico\/wp-content\/uploads\/sites\/6\/2024\/04\/CC87D2D3-9AFD-4499-8B9A-954AF748E7F9-Nivia-Savieto-Spinace-534x950.jpeg 534w, https:\/\/rotasturisticas.jundiai.sp.gov.br\/centrohistorico\/wp-content\/uploads\/sites\/6\/2024\/04\/CC87D2D3-9AFD-4499-8B9A-954AF748E7F9-Nivia-Savieto-Spinace-768x1366.jpeg 768w, https:\/\/rotasturisticas.jundiai.sp.gov.br\/centrohistorico\/wp-content\/uploads\/sites\/6\/2024\/04\/CC87D2D3-9AFD-4499-8B9A-954AF748E7F9-Nivia-Savieto-Spinace-864x1536.jpeg 864w, https:\/\/rotasturisticas.jundiai.sp.gov.br\/centrohistorico\/wp-content\/uploads\/sites\/6\/2024\/04\/CC87D2D3-9AFD-4499-8B9A-954AF748E7F9-Nivia-Savieto-Spinace-1152x2048.jpeg 1152w, https:\/\/rotasturisticas.jundiai.sp.gov.br\/centrohistorico\/wp-content\/uploads\/sites\/6\/2024\/04\/CC87D2D3-9AFD-4499-8B9A-954AF748E7F9-Nivia-Savieto-Spinace.jpeg 1280w\" sizes=\"auto, (max-width: 534px) 100vw, 534px\" \/><\/a><\/figure>\n\n\n\n<figure class=\"wp-block-image size-large\"><a href=\"https:\/\/rotasturisticas.jundiai.sp.gov.br\/centrohistorico\/wp-content\/uploads\/sites\/6\/2024\/04\/E6F0E4BF-0FBE-4A2B-910B-73C6F7375FA4-Nivia-Savieto-Spinace.jpeg\"><img loading=\"lazy\" decoding=\"async\" width=\"534\" height=\"950\" data-id=\"1736\" src=\"https:\/\/rotasturisticas.jundiai.sp.gov.br\/centrohistorico\/wp-content\/uploads\/sites\/6\/2024\/04\/E6F0E4BF-0FBE-4A2B-910B-73C6F7375FA4-Nivia-Savieto-Spinace-534x950.jpeg\" alt=\"\" class=\"wp-image-1736\" srcset=\"https:\/\/rotasturisticas.jundiai.sp.gov.br\/centrohistorico\/wp-content\/uploads\/sites\/6\/2024\/04\/E6F0E4BF-0FBE-4A2B-910B-73C6F7375FA4-Nivia-Savieto-Spinace-534x950.jpeg 534w, https:\/\/rotasturisticas.jundiai.sp.gov.br\/centrohistorico\/wp-content\/uploads\/sites\/6\/2024\/04\/E6F0E4BF-0FBE-4A2B-910B-73C6F7375FA4-Nivia-Savieto-Spinace-768x1366.jpeg 768w, https:\/\/rotasturisticas.jundiai.sp.gov.br\/centrohistorico\/wp-content\/uploads\/sites\/6\/2024\/04\/E6F0E4BF-0FBE-4A2B-910B-73C6F7375FA4-Nivia-Savieto-Spinace-864x1536.jpeg 864w, https:\/\/rotasturisticas.jundiai.sp.gov.br\/centrohistorico\/wp-content\/uploads\/sites\/6\/2024\/04\/E6F0E4BF-0FBE-4A2B-910B-73C6F7375FA4-Nivia-Savieto-Spinace-1152x2048.jpeg 1152w, https:\/\/rotasturisticas.jundiai.sp.gov.br\/centrohistorico\/wp-content\/uploads\/sites\/6\/2024\/04\/E6F0E4BF-0FBE-4A2B-910B-73C6F7375FA4-Nivia-Savieto-Spinace.jpeg 1280w\" sizes=\"auto, (max-width: 534px) 100vw, 534px\" \/><\/a><\/figure>\n\n\n\n<figure class=\"wp-block-image size-large\"><a href=\"https:\/\/rotasturisticas.jundiai.sp.gov.br\/centrohistorico\/wp-content\/uploads\/sites\/6\/2024\/04\/EC41F63E-DC9D-4480-AAFD-B77A81157814-Nivia-Savieto-Spinace.jpeg\"><img loading=\"lazy\" decoding=\"async\" width=\"549\" height=\"950\" data-id=\"1730\" src=\"https:\/\/rotasturisticas.jundiai.sp.gov.br\/centrohistorico\/wp-content\/uploads\/sites\/6\/2024\/04\/EC41F63E-DC9D-4480-AAFD-B77A81157814-Nivia-Savieto-Spinace-549x950.jpeg\" alt=\"\" class=\"wp-image-1730\" srcset=\"https:\/\/rotasturisticas.jundiai.sp.gov.br\/centrohistorico\/wp-content\/uploads\/sites\/6\/2024\/04\/EC41F63E-DC9D-4480-AAFD-B77A81157814-Nivia-Savieto-Spinace-549x950.jpeg 549w, https:\/\/rotasturisticas.jundiai.sp.gov.br\/centrohistorico\/wp-content\/uploads\/sites\/6\/2024\/04\/EC41F63E-DC9D-4480-AAFD-B77A81157814-Nivia-Savieto-Spinace-768x1328.jpeg 768w, https:\/\/rotasturisticas.jundiai.sp.gov.br\/centrohistorico\/wp-content\/uploads\/sites\/6\/2024\/04\/EC41F63E-DC9D-4480-AAFD-B77A81157814-Nivia-Savieto-Spinace.jpeg 828w\" sizes=\"auto, (max-width: 549px) 100vw, 549px\" \/><\/a><\/figure>\n\n\n\n<figure class=\"wp-block-image size-large\"><a href=\"https:\/\/rotasturisticas.jundiai.sp.gov.br\/centrohistorico\/wp-content\/uploads\/sites\/6\/2024\/04\/4CA7A8FA-FE52-4AA2-B010-0B91E150D171-Nivia-Savieto-Spinace.jpeg\"><img loading=\"lazy\" decoding=\"async\" width=\"534\" height=\"950\" data-id=\"1735\" src=\"https:\/\/rotasturisticas.jundiai.sp.gov.br\/centrohistorico\/wp-content\/uploads\/sites\/6\/2024\/04\/4CA7A8FA-FE52-4AA2-B010-0B91E150D171-Nivia-Savieto-Spinace-534x950.jpeg\" alt=\"\" class=\"wp-image-1735\" srcset=\"https:\/\/rotasturisticas.jundiai.sp.gov.br\/centrohistorico\/wp-content\/uploads\/sites\/6\/2024\/04\/4CA7A8FA-FE52-4AA2-B010-0B91E150D171-Nivia-Savieto-Spinace-534x950.jpeg 534w, https:\/\/rotasturisticas.jundiai.sp.gov.br\/centrohistorico\/wp-content\/uploads\/sites\/6\/2024\/04\/4CA7A8FA-FE52-4AA2-B010-0B91E150D171-Nivia-Savieto-Spinace-768x1366.jpeg 768w, https:\/\/rotasturisticas.jundiai.sp.gov.br\/centrohistorico\/wp-content\/uploads\/sites\/6\/2024\/04\/4CA7A8FA-FE52-4AA2-B010-0B91E150D171-Nivia-Savieto-Spinace-864x1536.jpeg 864w, https:\/\/rotasturisticas.jundiai.sp.gov.br\/centrohistorico\/wp-content\/uploads\/sites\/6\/2024\/04\/4CA7A8FA-FE52-4AA2-B010-0B91E150D171-Nivia-Savieto-Spinace-1152x2048.jpeg 1152w, https:\/\/rotasturisticas.jundiai.sp.gov.br\/centrohistorico\/wp-content\/uploads\/sites\/6\/2024\/04\/4CA7A8FA-FE52-4AA2-B010-0B91E150D171-Nivia-Savieto-Spinace.jpeg 1280w\" sizes=\"auto, (max-width: 534px) 100vw, 534px\" \/><\/a><\/figure>\n\n\n\n<figure class=\"wp-block-image size-large\"><a href=\"https:\/\/rotasturisticas.jundiai.sp.gov.br\/centrohistorico\/wp-content\/uploads\/sites\/6\/2024\/04\/8D9A3882-C8A5-43D3-95EC-BA03B8B9F00B-Nivia-Savieto-Spinace.jpeg\"><img loading=\"lazy\" decoding=\"async\" width=\"553\" height=\"950\" data-id=\"1729\" src=\"https:\/\/rotasturisticas.jundiai.sp.gov.br\/centrohistorico\/wp-content\/uploads\/sites\/6\/2024\/04\/8D9A3882-C8A5-43D3-95EC-BA03B8B9F00B-Nivia-Savieto-Spinace-553x950.jpeg\" alt=\"\" class=\"wp-image-1729\" srcset=\"https:\/\/rotasturisticas.jundiai.sp.gov.br\/centrohistorico\/wp-content\/uploads\/sites\/6\/2024\/04\/8D9A3882-C8A5-43D3-95EC-BA03B8B9F00B-Nivia-Savieto-Spinace-553x950.jpeg 553w, https:\/\/rotasturisticas.jundiai.sp.gov.br\/centrohistorico\/wp-content\/uploads\/sites\/6\/2024\/04\/8D9A3882-C8A5-43D3-95EC-BA03B8B9F00B-Nivia-Savieto-Spinace-768x1319.jpeg 768w, https:\/\/rotasturisticas.jundiai.sp.gov.br\/centrohistorico\/wp-content\/uploads\/sites\/6\/2024\/04\/8D9A3882-C8A5-43D3-95EC-BA03B8B9F00B-Nivia-Savieto-Spinace.jpeg 828w\" sizes=\"auto, (max-width: 553px) 100vw, 553px\" \/><\/a><\/figure>\n\n\n\n<figure class=\"wp-block-image size-large\"><a href=\"https:\/\/rotasturisticas.jundiai.sp.gov.br\/centrohistorico\/wp-content\/uploads\/sites\/6\/2024\/04\/122819966_1723228517840836_834867759402727835_n.jpg\"><img loading=\"lazy\" decoding=\"async\" width=\"950\" height=\"950\" data-id=\"1726\" src=\"https:\/\/rotasturisticas.jundiai.sp.gov.br\/centrohistorico\/wp-content\/uploads\/sites\/6\/2024\/04\/122819966_1723228517840836_834867759402727835_n-950x950.jpg\" alt=\"\" class=\"wp-image-1726\" srcset=\"https:\/\/rotasturisticas.jundiai.sp.gov.br\/centrohistorico\/wp-content\/uploads\/sites\/6\/2024\/04\/122819966_1723228517840836_834867759402727835_n-950x950.jpg 950w, https:\/\/rotasturisticas.jundiai.sp.gov.br\/centrohistorico\/wp-content\/uploads\/sites\/6\/2024\/04\/122819966_1723228517840836_834867759402727835_n-100x100.jpg 100w, https:\/\/rotasturisticas.jundiai.sp.gov.br\/centrohistorico\/wp-content\/uploads\/sites\/6\/2024\/04\/122819966_1723228517840836_834867759402727835_n-768x768.jpg 768w, https:\/\/rotasturisticas.jundiai.sp.gov.br\/centrohistorico\/wp-content\/uploads\/sites\/6\/2024\/04\/122819966_1723228517840836_834867759402727835_n.jpg 960w\" sizes=\"auto, (max-width: 950px) 100vw, 950px\" \/><\/a><\/figure>\n\n\n\n<figure class=\"wp-block-image size-large\"><a href=\"https:\/\/rotasturisticas.jundiai.sp.gov.br\/centrohistorico\/wp-content\/uploads\/sites\/6\/2024\/04\/310712513_524216726345758_5962104190836379535_n.jpg\"><img loading=\"lazy\" decoding=\"async\" width=\"950\" height=\"950\" data-id=\"1727\" src=\"https:\/\/rotasturisticas.jundiai.sp.gov.br\/centrohistorico\/wp-content\/uploads\/sites\/6\/2024\/04\/310712513_524216726345758_5962104190836379535_n-950x950.jpg\" alt=\"\" class=\"wp-image-1727\" srcset=\"https:\/\/rotasturisticas.jundiai.sp.gov.br\/centrohistorico\/wp-content\/uploads\/sites\/6\/2024\/04\/310712513_524216726345758_5962104190836379535_n-950x950.jpg 950w, https:\/\/rotasturisticas.jundiai.sp.gov.br\/centrohistorico\/wp-content\/uploads\/sites\/6\/2024\/04\/310712513_524216726345758_5962104190836379535_n-100x100.jpg 100w, https:\/\/rotasturisticas.jundiai.sp.gov.br\/centrohistorico\/wp-content\/uploads\/sites\/6\/2024\/04\/310712513_524216726345758_5962104190836379535_n-768x768.jpg 768w, https:\/\/rotasturisticas.jundiai.sp.gov.br\/centrohistorico\/wp-content\/uploads\/sites\/6\/2024\/04\/310712513_524216726345758_5962104190836379535_n.jpg 1249w\" sizes=\"auto, (max-width: 950px) 100vw, 950px\" \/><\/a><\/figure>\n<\/figure>\n\n\n\n<p><a href=\"http:\/\/turismo.jundiai.sp.gov.br\/wp-content\/uploads\/2014\/05\/Casa-Blanca.jpg\"><br><\/a><\/p>\n","protected":false},"excerpt":{"rendered":"<p>Um lugar para passar bons momentos. Nada melhor do que sair de casa para fazer uma refei\u00e7\u00e3o em um local bonito, charmoso, familiar e aconchegante, esse \u00e9 um h\u00e1bito que est\u00e1 crescendo cada vez mais entre os brasileiros e faz sucesso entre os jundiaienses. No card\u00e1pio o melhor da gastronomia brasileira caseira, com diversos pratos [&hellip;]<\/p>\n","protected":false},"author":16,"featured_media":1727,"parent":406,"menu_order":0,"comment_status":"closed","ping_status":"closed","template":"page-local.php","meta":{"footnotes":""},"class_list":["post-527","page","type-page","status-publish","has-post-thumbnail","hentry"],"_links":{"self":[{"href":"https:\/\/rotasturisticas.jundiai.sp.gov.br\/centrohistorico\/wp-json\/wp\/v2\/pages\/527","targetHints":{"allow":["GET"]}}],"collection":[{"href":"https:\/\/rotasturisticas.jundiai.sp.gov.br\/centrohistorico\/wp-json\/wp\/v2\/pages"}],"about":[{"href":"https:\/\/rotasturisticas.jundiai.sp.gov.br\/centrohistorico\/wp-json\/wp\/v2\/types\/page"}],"author":[{"embeddable":true,"href":"https:\/\/rotasturisticas.jundiai.sp.gov.br\/centrohistorico\/wp-json\/wp\/v2\/users\/16"}],"replies":[{"embeddable":true,"href":"https:\/\/rotasturisticas.jundiai.sp.gov.br\/centrohistorico\/wp-json\/wp\/v2\/comments?post=527"}],"version-history":[{"count":3,"href":"https:\/\/rotasturisticas.jundiai.sp.gov.br\/centrohistorico\/wp-json\/wp\/v2\/pages\/527\/revisions"}],"predecessor-version":[{"id":1738,"href":"https:\/\/rotasturisticas.jundiai.sp.gov.br\/centrohistorico\/wp-json\/wp\/v2\/pages\/527\/revisions\/1738"}],"up":[{"embeddable":true,"href":"https:\/\/rotasturisticas.jundiai.sp.gov.br\/centrohistorico\/wp-json\/wp\/v2\/pages\/406"}],"wp:featuredmedia":[{"embeddable":true,"href":"https:\/\/rotasturisticas.jundiai.sp.gov.br\/centrohistorico\/wp-json\/wp\/v2\/media\/1727"}],"wp:attachment":[{"href":"https:\/\/rotasturisticas.jundiai.sp.gov.br\/centrohistorico\/wp-json\/wp\/v2\/media?parent=527"}],"curies":[{"name":"wp","href":"https:\/\/api.w.org\/{rel}","templated":true}]}}