{"id":52,"date":"2017-12-08T14:10:19","date_gmt":"2017-12-08T16:10:19","guid":{"rendered":"http:\/\/rotasturisticas.jundiai.sp.gov.br\/centrohistorico\/?page_id=52"},"modified":"2024-08-21T10:27:33","modified_gmt":"2024-08-21T13:27:33","slug":"grupo-escola-conde-do-parnaiba","status":"publish","type":"page","link":"https:\/\/rotasturisticas.jundiai.sp.gov.br\/centrohistorico\/o-que-visitar\/grupo-escola-conde-do-parnaiba\/","title":{"rendered":"Grupo Escolar Conde do Parna\u00edba"},"content":{"rendered":"\n<p>Criado em 1906 como uma das primeiras escolas p\u00fablicas da cidade, o Grupo Escolar Conde do Parna\u00edba ocupou seu atual pr\u00e9dio em 1923. Com linhas que eram padr\u00e3o estadual na \u00e9poca, \u00e9 um patrim\u00f4nio tombado pelo Condephaat e segue entre as mais antigas e importantes escolas ativas.<\/p>\n\n\n\n<p>Inclui um pequeno museu interno e tamb\u00e9m o humor popular de \u201clendas urbanas\u201d sobre a origem de barulhos causados pelo estalar da madeira dos degraus ou das janelas. <\/p>\n\n\n\n<p>(Pesquisa e Texto: Jos\u00e9 Arnaldo de Oliveira)<\/p>\n\n\n\n<figure class=\"wp-block-image size-full\"><img loading=\"lazy\" decoding=\"async\" width=\"800\" height=\"533\" src=\"https:\/\/rotasturisticas.jundiai.sp.gov.br\/centrohistorico\/wp-content\/uploads\/sites\/6\/2024\/08\/Conde-do-PArnaiba.jpg\" alt=\"\" class=\"wp-image-1969\" srcset=\"https:\/\/rotasturisticas.jundiai.sp.gov.br\/centrohistorico\/wp-content\/uploads\/sites\/6\/2024\/08\/Conde-do-PArnaiba.jpg 800w, https:\/\/rotasturisticas.jundiai.sp.gov.br\/centrohistorico\/wp-content\/uploads\/sites\/6\/2024\/08\/Conde-do-PArnaiba-768x512.jpg 768w\" sizes=\"auto, (max-width: 800px) 100vw, 800px\" \/><\/figure>\n","protected":false},"excerpt":{"rendered":"<p>Criado em 1906 como uma das primeiras escolas p\u00fablicas da cidade, o Grupo Escolar Conde do Parna\u00edba ocupou seu atual pr\u00e9dio em 1923. Com linhas que eram padr\u00e3o estadual na \u00e9poca, \u00e9 um patrim\u00f4nio tombado pelo Condephaat e segue entre as mais antigas e importantes escolas ativas. Inclui um pequeno museu interno e tamb\u00e9m o [&hellip;]<\/p>\n","protected":false},"author":15,"featured_media":0,"parent":14,"menu_order":0,"comment_status":"closed","ping_status":"closed","template":"page-local.php","meta":{"footnotes":""},"class_list":["post-52","page","type-page","status-publish","hentry"],"_links":{"self":[{"href":"https:\/\/rotasturisticas.jundiai.sp.gov.br\/centrohistorico\/wp-json\/wp\/v2\/pages\/52","targetHints":{"allow":["GET"]}}],"collection":[{"href":"https:\/\/rotasturisticas.jundiai.sp.gov.br\/centrohistorico\/wp-json\/wp\/v2\/pages"}],"about":[{"href":"https:\/\/rotasturisticas.jundiai.sp.gov.br\/centrohistorico\/wp-json\/wp\/v2\/types\/page"}],"author":[{"embeddable":true,"href":"https:\/\/rotasturisticas.jundiai.sp.gov.br\/centrohistorico\/wp-json\/wp\/v2\/users\/15"}],"replies":[{"embeddable":true,"href":"https:\/\/rotasturisticas.jundiai.sp.gov.br\/centrohistorico\/wp-json\/wp\/v2\/comments?post=52"}],"version-history":[{"count":6,"href":"https:\/\/rotasturisticas.jundiai.sp.gov.br\/centrohistorico\/wp-json\/wp\/v2\/pages\/52\/revisions"}],"predecessor-version":[{"id":1971,"href":"https:\/\/rotasturisticas.jundiai.sp.gov.br\/centrohistorico\/wp-json\/wp\/v2\/pages\/52\/revisions\/1971"}],"up":[{"embeddable":true,"href":"https:\/\/rotasturisticas.jundiai.sp.gov.br\/centrohistorico\/wp-json\/wp\/v2\/pages\/14"}],"wp:attachment":[{"href":"https:\/\/rotasturisticas.jundiai.sp.gov.br\/centrohistorico\/wp-json\/wp\/v2\/media?parent=52"}],"curies":[{"name":"wp","href":"https:\/\/api.w.org\/{rel}","templated":true}]}}