{"id":390,"date":"2019-03-13T17:08:26","date_gmt":"2019-03-13T20:08:26","guid":{"rendered":"http:\/\/rotasturisticas.jundiai.sp.gov.br\/centrohistorico\/?page_id=390"},"modified":"2024-09-23T11:44:58","modified_gmt":"2024-09-23T14:44:58","slug":"padaria-pao-doro","status":"publish","type":"page","link":"https:\/\/rotasturisticas.jundiai.sp.gov.br\/centrohistorico\/onde-comer\/padaria-pao-doro\/","title":{"rendered":"Padaria P\u00e3o D&#8217;oro"},"content":{"rendered":"\n<p>A variada linha de bolos, doces e p\u00e3es, incluindo o famoso p\u00e3o franc\u00eas, ganha destaque com uma pitada extra de amor. O toque especial do card\u00e1pio fica com os maravilhosos sandu\u00edches, pratos quentes e pizzas. Nos finais de semana, a melhor pedida \u00e9 conferir o Buf\u00ea livre no caf\u00e9 da manh\u00e3, afinal voc\u00ea \u00e9 a nossa melhor companhia no dia a dia.<\/p>\n\n\n\n<figure class=\"wp-block-gallery aligncenter has-nested-images columns-default is-cropped wp-block-gallery-1 is-layout-flex wp-block-gallery-is-layout-flex\">\n<figure class=\"wp-block-image size-large\"><a href=\"https:\/\/rotasturisticas.jundiai.sp.gov.br\/centrohistorico\/wp-content\/uploads\/sites\/6\/2024\/09\/67880462_398828700986091_1213879713445969920_n.jpg\"><img loading=\"lazy\" decoding=\"async\" width=\"950\" height=\"950\" data-id=\"2181\" src=\"https:\/\/rotasturisticas.jundiai.sp.gov.br\/centrohistorico\/wp-content\/uploads\/sites\/6\/2024\/09\/67880462_398828700986091_1213879713445969920_n-950x950.jpg\" alt=\"\" class=\"wp-image-2181\" srcset=\"https:\/\/rotasturisticas.jundiai.sp.gov.br\/centrohistorico\/wp-content\/uploads\/sites\/6\/2024\/09\/67880462_398828700986091_1213879713445969920_n-950x950.jpg 950w, https:\/\/rotasturisticas.jundiai.sp.gov.br\/centrohistorico\/wp-content\/uploads\/sites\/6\/2024\/09\/67880462_398828700986091_1213879713445969920_n-100x100.jpg 100w, https:\/\/rotasturisticas.jundiai.sp.gov.br\/centrohistorico\/wp-content\/uploads\/sites\/6\/2024\/09\/67880462_398828700986091_1213879713445969920_n-768x768.jpg 768w, https:\/\/rotasturisticas.jundiai.sp.gov.br\/centrohistorico\/wp-content\/uploads\/sites\/6\/2024\/09\/67880462_398828700986091_1213879713445969920_n.jpg 1000w\" sizes=\"auto, (max-width: 950px) 100vw, 950px\" \/><\/a><\/figure>\n\n\n\n<figure class=\"wp-block-image size-large\"><a href=\"https:\/\/rotasturisticas.jundiai.sp.gov.br\/centrohistorico\/wp-content\/uploads\/sites\/6\/2024\/09\/83598906_519911238877836_5693826629499879424_n.jpg\"><img loading=\"lazy\" decoding=\"async\" width=\"950\" height=\"950\" data-id=\"2182\" src=\"https:\/\/rotasturisticas.jundiai.sp.gov.br\/centrohistorico\/wp-content\/uploads\/sites\/6\/2024\/09\/83598906_519911238877836_5693826629499879424_n-950x950.jpg\" alt=\"\" class=\"wp-image-2182\" srcset=\"https:\/\/rotasturisticas.jundiai.sp.gov.br\/centrohistorico\/wp-content\/uploads\/sites\/6\/2024\/09\/83598906_519911238877836_5693826629499879424_n-950x950.jpg 950w, https:\/\/rotasturisticas.jundiai.sp.gov.br\/centrohistorico\/wp-content\/uploads\/sites\/6\/2024\/09\/83598906_519911238877836_5693826629499879424_n-100x100.jpg 100w, https:\/\/rotasturisticas.jundiai.sp.gov.br\/centrohistorico\/wp-content\/uploads\/sites\/6\/2024\/09\/83598906_519911238877836_5693826629499879424_n-768x768.jpg 768w, https:\/\/rotasturisticas.jundiai.sp.gov.br\/centrohistorico\/wp-content\/uploads\/sites\/6\/2024\/09\/83598906_519911238877836_5693826629499879424_n.jpg 1000w\" sizes=\"auto, (max-width: 950px) 100vw, 950px\" \/><\/a><\/figure>\n\n\n\n<figure class=\"wp-block-image size-large\"><a href=\"https:\/\/rotasturisticas.jundiai.sp.gov.br\/centrohistorico\/wp-content\/uploads\/sites\/6\/2024\/09\/86235986_532018887667071_7238613262202306560_n.jpg\"><img loading=\"lazy\" decoding=\"async\" width=\"950\" height=\"950\" data-id=\"2183\" src=\"https:\/\/rotasturisticas.jundiai.sp.gov.br\/centrohistorico\/wp-content\/uploads\/sites\/6\/2024\/09\/86235986_532018887667071_7238613262202306560_n-950x950.jpg\" alt=\"\" class=\"wp-image-2183\" srcset=\"https:\/\/rotasturisticas.jundiai.sp.gov.br\/centrohistorico\/wp-content\/uploads\/sites\/6\/2024\/09\/86235986_532018887667071_7238613262202306560_n-950x950.jpg 950w, https:\/\/rotasturisticas.jundiai.sp.gov.br\/centrohistorico\/wp-content\/uploads\/sites\/6\/2024\/09\/86235986_532018887667071_7238613262202306560_n-100x100.jpg 100w, https:\/\/rotasturisticas.jundiai.sp.gov.br\/centrohistorico\/wp-content\/uploads\/sites\/6\/2024\/09\/86235986_532018887667071_7238613262202306560_n-768x768.jpg 768w, https:\/\/rotasturisticas.jundiai.sp.gov.br\/centrohistorico\/wp-content\/uploads\/sites\/6\/2024\/09\/86235986_532018887667071_7238613262202306560_n.jpg 1000w\" sizes=\"auto, (max-width: 950px) 100vw, 950px\" \/><\/a><\/figure>\n\n\n\n<figure class=\"wp-block-image size-large\"><a href=\"https:\/\/rotasturisticas.jundiai.sp.gov.br\/centrohistorico\/wp-content\/uploads\/sites\/6\/2024\/09\/90198178_556055971930029_4894065914682540032_n.jpg\"><img loading=\"lazy\" decoding=\"async\" width=\"950\" height=\"950\" data-id=\"2184\" src=\"https:\/\/rotasturisticas.jundiai.sp.gov.br\/centrohistorico\/wp-content\/uploads\/sites\/6\/2024\/09\/90198178_556055971930029_4894065914682540032_n-950x950.jpg\" alt=\"\" class=\"wp-image-2184\" srcset=\"https:\/\/rotasturisticas.jundiai.sp.gov.br\/centrohistorico\/wp-content\/uploads\/sites\/6\/2024\/09\/90198178_556055971930029_4894065914682540032_n-950x950.jpg 950w, https:\/\/rotasturisticas.jundiai.sp.gov.br\/centrohistorico\/wp-content\/uploads\/sites\/6\/2024\/09\/90198178_556055971930029_4894065914682540032_n-100x100.jpg 100w, https:\/\/rotasturisticas.jundiai.sp.gov.br\/centrohistorico\/wp-content\/uploads\/sites\/6\/2024\/09\/90198178_556055971930029_4894065914682540032_n-768x768.jpg 768w, https:\/\/rotasturisticas.jundiai.sp.gov.br\/centrohistorico\/wp-content\/uploads\/sites\/6\/2024\/09\/90198178_556055971930029_4894065914682540032_n.jpg 1000w\" sizes=\"auto, (max-width: 950px) 100vw, 950px\" \/><\/a><\/figure>\n\n\n\n<figure class=\"wp-block-image size-large\"><a href=\"https:\/\/rotasturisticas.jundiai.sp.gov.br\/centrohistorico\/wp-content\/uploads\/sites\/6\/2024\/09\/91406009_564126671122959_8023056336935714816_n.jpg\"><img loading=\"lazy\" decoding=\"async\" width=\"950\" height=\"950\" data-id=\"2185\" src=\"https:\/\/rotasturisticas.jundiai.sp.gov.br\/centrohistorico\/wp-content\/uploads\/sites\/6\/2024\/09\/91406009_564126671122959_8023056336935714816_n-950x950.jpg\" alt=\"\" class=\"wp-image-2185\" srcset=\"https:\/\/rotasturisticas.jundiai.sp.gov.br\/centrohistorico\/wp-content\/uploads\/sites\/6\/2024\/09\/91406009_564126671122959_8023056336935714816_n-950x950.jpg 950w, https:\/\/rotasturisticas.jundiai.sp.gov.br\/centrohistorico\/wp-content\/uploads\/sites\/6\/2024\/09\/91406009_564126671122959_8023056336935714816_n-100x100.jpg 100w, https:\/\/rotasturisticas.jundiai.sp.gov.br\/centrohistorico\/wp-content\/uploads\/sites\/6\/2024\/09\/91406009_564126671122959_8023056336935714816_n-768x768.jpg 768w, https:\/\/rotasturisticas.jundiai.sp.gov.br\/centrohistorico\/wp-content\/uploads\/sites\/6\/2024\/09\/91406009_564126671122959_8023056336935714816_n.jpg 1000w\" sizes=\"auto, (max-width: 950px) 100vw, 950px\" \/><\/a><\/figure>\n\n\n\n<figure class=\"wp-block-image size-large\"><a href=\"https:\/\/rotasturisticas.jundiai.sp.gov.br\/centrohistorico\/wp-content\/uploads\/sites\/6\/2024\/09\/98028348_593817601487199_5397135773365436416_n.jpg\"><img loading=\"lazy\" decoding=\"async\" width=\"950\" height=\"950\" data-id=\"2186\" src=\"https:\/\/rotasturisticas.jundiai.sp.gov.br\/centrohistorico\/wp-content\/uploads\/sites\/6\/2024\/09\/98028348_593817601487199_5397135773365436416_n-950x950.jpg\" alt=\"\" class=\"wp-image-2186\" srcset=\"https:\/\/rotasturisticas.jundiai.sp.gov.br\/centrohistorico\/wp-content\/uploads\/sites\/6\/2024\/09\/98028348_593817601487199_5397135773365436416_n-950x950.jpg 950w, https:\/\/rotasturisticas.jundiai.sp.gov.br\/centrohistorico\/wp-content\/uploads\/sites\/6\/2024\/09\/98028348_593817601487199_5397135773365436416_n-100x100.jpg 100w, https:\/\/rotasturisticas.jundiai.sp.gov.br\/centrohistorico\/wp-content\/uploads\/sites\/6\/2024\/09\/98028348_593817601487199_5397135773365436416_n-768x768.jpg 768w, https:\/\/rotasturisticas.jundiai.sp.gov.br\/centrohistorico\/wp-content\/uploads\/sites\/6\/2024\/09\/98028348_593817601487199_5397135773365436416_n.jpg 1000w\" sizes=\"auto, (max-width: 950px) 100vw, 950px\" \/><\/a><\/figure>\n\n\n\n<figure class=\"wp-block-image size-large\"><a href=\"https:\/\/rotasturisticas.jundiai.sp.gov.br\/centrohistorico\/wp-content\/uploads\/sites\/6\/2024\/09\/126084392_732459510956340_8875706203067441172_n.jpg\"><img loading=\"lazy\" decoding=\"async\" width=\"950\" height=\"950\" data-id=\"2187\" src=\"https:\/\/rotasturisticas.jundiai.sp.gov.br\/centrohistorico\/wp-content\/uploads\/sites\/6\/2024\/09\/126084392_732459510956340_8875706203067441172_n-950x950.jpg\" alt=\"\" class=\"wp-image-2187\" srcset=\"https:\/\/rotasturisticas.jundiai.sp.gov.br\/centrohistorico\/wp-content\/uploads\/sites\/6\/2024\/09\/126084392_732459510956340_8875706203067441172_n-950x950.jpg 950w, https:\/\/rotasturisticas.jundiai.sp.gov.br\/centrohistorico\/wp-content\/uploads\/sites\/6\/2024\/09\/126084392_732459510956340_8875706203067441172_n-100x100.jpg 100w, https:\/\/rotasturisticas.jundiai.sp.gov.br\/centrohistorico\/wp-content\/uploads\/sites\/6\/2024\/09\/126084392_732459510956340_8875706203067441172_n-768x768.jpg 768w, https:\/\/rotasturisticas.jundiai.sp.gov.br\/centrohistorico\/wp-content\/uploads\/sites\/6\/2024\/09\/126084392_732459510956340_8875706203067441172_n.jpg 1000w\" sizes=\"auto, (max-width: 950px) 100vw, 950px\" \/><\/a><\/figure>\n\n\n\n<figure class=\"wp-block-image size-large\"><a href=\"https:\/\/rotasturisticas.jundiai.sp.gov.br\/centrohistorico\/wp-content\/uploads\/sites\/6\/2024\/09\/126490064_732467677622190_903274517806933536_n.jpg\"><img loading=\"lazy\" decoding=\"async\" width=\"950\" height=\"950\" data-id=\"2189\" src=\"https:\/\/rotasturisticas.jundiai.sp.gov.br\/centrohistorico\/wp-content\/uploads\/sites\/6\/2024\/09\/126490064_732467677622190_903274517806933536_n-950x950.jpg\" alt=\"\" class=\"wp-image-2189\" srcset=\"https:\/\/rotasturisticas.jundiai.sp.gov.br\/centrohistorico\/wp-content\/uploads\/sites\/6\/2024\/09\/126490064_732467677622190_903274517806933536_n-950x950.jpg 950w, https:\/\/rotasturisticas.jundiai.sp.gov.br\/centrohistorico\/wp-content\/uploads\/sites\/6\/2024\/09\/126490064_732467677622190_903274517806933536_n-100x100.jpg 100w, https:\/\/rotasturisticas.jundiai.sp.gov.br\/centrohistorico\/wp-content\/uploads\/sites\/6\/2024\/09\/126490064_732467677622190_903274517806933536_n-768x768.jpg 768w, https:\/\/rotasturisticas.jundiai.sp.gov.br\/centrohistorico\/wp-content\/uploads\/sites\/6\/2024\/09\/126490064_732467677622190_903274517806933536_n.jpg 1000w\" sizes=\"auto, (max-width: 950px) 100vw, 950px\" \/><\/a><\/figure>\n\n\n\n<figure class=\"wp-block-image size-large\"><a href=\"https:\/\/rotasturisticas.jundiai.sp.gov.br\/centrohistorico\/wp-content\/uploads\/sites\/6\/2024\/09\/147552567_779188989616725_5156141480155159711_n.jpg\"><img loading=\"lazy\" decoding=\"async\" width=\"950\" height=\"950\" data-id=\"2190\" src=\"https:\/\/rotasturisticas.jundiai.sp.gov.br\/centrohistorico\/wp-content\/uploads\/sites\/6\/2024\/09\/147552567_779188989616725_5156141480155159711_n-950x950.jpg\" alt=\"\" class=\"wp-image-2190\" srcset=\"https:\/\/rotasturisticas.jundiai.sp.gov.br\/centrohistorico\/wp-content\/uploads\/sites\/6\/2024\/09\/147552567_779188989616725_5156141480155159711_n-950x950.jpg 950w, https:\/\/rotasturisticas.jundiai.sp.gov.br\/centrohistorico\/wp-content\/uploads\/sites\/6\/2024\/09\/147552567_779188989616725_5156141480155159711_n-100x100.jpg 100w, https:\/\/rotasturisticas.jundiai.sp.gov.br\/centrohistorico\/wp-content\/uploads\/sites\/6\/2024\/09\/147552567_779188989616725_5156141480155159711_n-768x768.jpg 768w, https:\/\/rotasturisticas.jundiai.sp.gov.br\/centrohistorico\/wp-content\/uploads\/sites\/6\/2024\/09\/147552567_779188989616725_5156141480155159711_n.jpg 1080w\" sizes=\"auto, (max-width: 950px) 100vw, 950px\" \/><\/a><\/figure>\n<\/figure>\n","protected":false},"excerpt":{"rendered":"<p>A variada linha de bolos, doces e p\u00e3es, incluindo o famoso p\u00e3o franc\u00eas, ganha destaque com uma pitada extra de amor. O toque especial do card\u00e1pio fica com os maravilhosos sandu\u00edches, pratos quentes e pizzas. Nos finais de semana, a melhor pedida \u00e9 conferir o Buf\u00ea livre no caf\u00e9 da manh\u00e3, afinal voc\u00ea \u00e9 a [&hellip;]<\/p>\n","protected":false},"author":16,"featured_media":0,"parent":406,"menu_order":0,"comment_status":"closed","ping_status":"closed","template":"page-local.php","meta":{"footnotes":""},"class_list":["post-390","page","type-page","status-publish","hentry"],"_links":{"self":[{"href":"https:\/\/rotasturisticas.jundiai.sp.gov.br\/centrohistorico\/wp-json\/wp\/v2\/pages\/390","targetHints":{"allow":["GET"]}}],"collection":[{"href":"https:\/\/rotasturisticas.jundiai.sp.gov.br\/centrohistorico\/wp-json\/wp\/v2\/pages"}],"about":[{"href":"https:\/\/rotasturisticas.jundiai.sp.gov.br\/centrohistorico\/wp-json\/wp\/v2\/types\/page"}],"author":[{"embeddable":true,"href":"https:\/\/rotasturisticas.jundiai.sp.gov.br\/centrohistorico\/wp-json\/wp\/v2\/users\/16"}],"replies":[{"embeddable":true,"href":"https:\/\/rotasturisticas.jundiai.sp.gov.br\/centrohistorico\/wp-json\/wp\/v2\/comments?post=390"}],"version-history":[{"count":8,"href":"https:\/\/rotasturisticas.jundiai.sp.gov.br\/centrohistorico\/wp-json\/wp\/v2\/pages\/390\/revisions"}],"predecessor-version":[{"id":2193,"href":"https:\/\/rotasturisticas.jundiai.sp.gov.br\/centrohistorico\/wp-json\/wp\/v2\/pages\/390\/revisions\/2193"}],"up":[{"embeddable":true,"href":"https:\/\/rotasturisticas.jundiai.sp.gov.br\/centrohistorico\/wp-json\/wp\/v2\/pages\/406"}],"wp:attachment":[{"href":"https:\/\/rotasturisticas.jundiai.sp.gov.br\/centrohistorico\/wp-json\/wp\/v2\/media?parent=390"}],"curies":[{"name":"wp","href":"https:\/\/api.w.org\/{rel}","templated":true}]}}