{"id":293,"date":"2018-11-30T16:51:03","date_gmt":"2018-11-30T18:51:03","guid":{"rendered":"http:\/\/rotasturisticas.jundiai.sp.gov.br\/centrohistorico\/?page_id=293"},"modified":"2022-12-19T09:31:11","modified_gmt":"2022-12-19T12:31:11","slug":"coxinha-de-queijo","status":"publish","type":"page","link":"https:\/\/rotasturisticas.jundiai.sp.gov.br\/centrohistorico\/coxinha-de-queijo\/","title":{"rendered":"Coxinha de Queijo"},"content":{"rendered":"<div class=\"wp-block-image\">\n<figure class=\"alignright\"><img loading=\"lazy\" decoding=\"async\" width=\"300\" height=\"237\" src=\"http:\/\/rotasturisticas.jundiai.sp.gov.br\/centrohistorico\/wp-content\/uploads\/sites\/6\/2018\/11\/coxinha-de-queijo-300x237.png\" alt=\"\" class=\"wp-image-302\" srcset=\"https:\/\/rotasturisticas.jundiai.sp.gov.br\/centrohistorico\/wp-content\/uploads\/sites\/6\/2018\/11\/coxinha-de-queijo-300x237.png 300w, https:\/\/rotasturisticas.jundiai.sp.gov.br\/centrohistorico\/wp-content\/uploads\/sites\/6\/2018\/11\/coxinha-de-queijo.png 482w\" sizes=\"auto, (max-width: 300px) 100vw, 300px\" \/><\/figure>\n<\/div>\n\n\n<p>Registrada como patrim\u00f4nio imaterial na cidade de Jundia\u00ed, a coxinha de queijo faz parte do card\u00e1pio de muitos restaurantes, bares e lanchonetes na cidade h\u00e1 mais de 40 anos. Ao lado da tradicional vers\u00e3o de frango, em muitos locais a vers\u00e3o de queijo \u00e9 campe\u00e3 de vendas.<\/p>\n\n\n\n<p>A tradi\u00e7\u00e3o da coxinha de queijo \u00e9 t\u00e3o presente, que h\u00e1 at\u00e9 uma forma tradicional de apresentar a iguaria: se voc\u00ea olhar para uma coxinha, em uma vitrine de salgados, e ver um palito de dente espetado na pontinha, a informa\u00e7\u00e3o est\u00e1 dada: \u00e9 coxinha de queijo.<\/p>\n\n\n\n<p><strong>O Festival da Coxinha de Queijo<\/strong> escolhe, anualmente, a melhor coxinha de queijo da cidade.<\/p>\n\n\n\n<p>Voc\u00ea pode encontrar a Coxinha de Queijo de Jundia\u00ed em v\u00e1rios pontos da cidade.<\/p>\n\n\n\n<h2 class=\"wp-block-heading\">&nbsp;<\/h2>\n\n\n\n<div class=\"wp-block-media-text alignwide is-stacked-on-mobile\"><figure class=\"wp-block-media-text__media\"><img loading=\"lazy\" decoding=\"async\" width=\"500\" height=\"500\" src=\"https:\/\/rotasturisticas.jundiai.sp.gov.br\/centrohistorico\/wp-content\/uploads\/sites\/6\/2022\/10\/WhatsApp-Image-2022-10-21-at-10.28.23.jpeg\" alt=\"\" class=\"wp-image-1401 size-full\" srcset=\"https:\/\/rotasturisticas.jundiai.sp.gov.br\/centrohistorico\/wp-content\/uploads\/sites\/6\/2022\/10\/WhatsApp-Image-2022-10-21-at-10.28.23.jpeg 500w, https:\/\/rotasturisticas.jundiai.sp.gov.br\/centrohistorico\/wp-content\/uploads\/sites\/6\/2022\/10\/WhatsApp-Image-2022-10-21-at-10.28.23-100x100.jpeg 100w\" sizes=\"auto, (max-width: 500px) 100vw, 500px\" \/><\/figure><div class=\"wp-block-media-text__content\">\n<p class=\"has-text-align-center\" style=\"font-size:32px\"><strong>O Vencedor do Concurso da Melhor Coxinha de Queijo de Jundia\u00ed &#8211; Edi\u00e7\u00e3o 2022<\/strong> <strong>\u00e9<\/strong><\/p>\n\n\n\n<h1 class=\"has-text-align-center wp-block-heading\"><a href=\"https:\/\/rotasturisticas.jundiai.sp.gov.br\/centrohistorico\/coxinha-de-queijo\/festival-a-melhor-coxinha-de-queijo-de-jundiai-2022\/lambuza-bistro\/\" target=\"_blank\" rel=\"noreferrer noopener\">Lambuza Bistr\u00f4<\/a><\/h1>\n\n\n\n<div style=\"height:23px\" aria-hidden=\"true\" class=\"wp-block-spacer\"><\/div>\n\n\n\n<p class=\"has-text-align-center has-medium-font-size\"><\/p>\n<\/div><\/div>\n","protected":false},"excerpt":{"rendered":"<p>Registrada como patrim\u00f4nio imaterial na cidade de Jundia\u00ed, a coxinha de queijo faz parte do card\u00e1pio de muitos restaurantes, bares e lanchonetes na cidade h\u00e1 mais de 40 anos. Ao lado da tradicional vers\u00e3o de frango, em muitos locais a vers\u00e3o de queijo \u00e9 campe\u00e3 de vendas. A tradi\u00e7\u00e3o da coxinha de queijo \u00e9 t\u00e3o [&hellip;]<\/p>\n","protected":false},"author":10,"featured_media":0,"parent":0,"menu_order":0,"comment_status":"closed","ping_status":"closed","template":"","meta":{"footnotes":""},"class_list":["post-293","page","type-page","status-publish","hentry"],"_links":{"self":[{"href":"https:\/\/rotasturisticas.jundiai.sp.gov.br\/centrohistorico\/wp-json\/wp\/v2\/pages\/293","targetHints":{"allow":["GET"]}}],"collection":[{"href":"https:\/\/rotasturisticas.jundiai.sp.gov.br\/centrohistorico\/wp-json\/wp\/v2\/pages"}],"about":[{"href":"https:\/\/rotasturisticas.jundiai.sp.gov.br\/centrohistorico\/wp-json\/wp\/v2\/types\/page"}],"author":[{"embeddable":true,"href":"https:\/\/rotasturisticas.jundiai.sp.gov.br\/centrohistorico\/wp-json\/wp\/v2\/users\/10"}],"replies":[{"embeddable":true,"href":"https:\/\/rotasturisticas.jundiai.sp.gov.br\/centrohistorico\/wp-json\/wp\/v2\/comments?post=293"}],"version-history":[{"count":41,"href":"https:\/\/rotasturisticas.jundiai.sp.gov.br\/centrohistorico\/wp-json\/wp\/v2\/pages\/293\/revisions"}],"predecessor-version":[{"id":1545,"href":"https:\/\/rotasturisticas.jundiai.sp.gov.br\/centrohistorico\/wp-json\/wp\/v2\/pages\/293\/revisions\/1545"}],"wp:attachment":[{"href":"https:\/\/rotasturisticas.jundiai.sp.gov.br\/centrohistorico\/wp-json\/wp\/v2\/media?parent=293"}],"curies":[{"name":"wp","href":"https:\/\/api.w.org\/{rel}","templated":true}]}}