{"id":279,"date":"2018-07-05T13:42:56","date_gmt":"2018-07-05T16:42:56","guid":{"rendered":"http:\/\/rotasturisticas.jundiai.sp.gov.br\/centrohistorico\/?page_id=279"},"modified":"2024-08-19T12:17:37","modified_gmt":"2024-08-19T15:17:37","slug":"escola-industrial","status":"publish","type":"page","link":"https:\/\/rotasturisticas.jundiai.sp.gov.br\/centrohistorico\/o-que-visitar\/escola-industrial\/","title":{"rendered":"Escola Industrial"},"content":{"rendered":"\n<p>O s\u00e9culo industrial da regi\u00e3o central teve em 1946 a abertura da Escola Industrial no mesmo processo de cria\u00e7\u00e3o da Esplanada Monte Castelo. Com projeto de Roberto Franco Bueno, a escola refor\u00e7ava a rede de ensino t\u00e9cnico iniciada na Companhia Paulista em cursos inicialmente nas \u00e1reas de mec\u00e2nica e costura e, posteriormente, passou a ser a Escola Estadual Antenor Soares Gandra. Deixou de estar no extremo da rua Bar\u00e3o com o prolongamento da rua na d\u00e9cada de 1960.<\/p>\n\n\n\n<p>(Pesquisa e Texto: Jos\u00e9 Arnaldo de Oliveira)<\/p>\n\n\n<div class=\"wp-block-image\">\n<figure class=\"aligncenter size-full\"><img loading=\"lazy\" decoding=\"async\" width=\"640\" height=\"480\" src=\"https:\/\/rotasturisticas.jundiai.sp.gov.br\/centrohistorico\/wp-content\/uploads\/sites\/6\/2024\/08\/escola-industrial.jpeg\" alt=\"\" class=\"wp-image-1909\" srcset=\"https:\/\/rotasturisticas.jundiai.sp.gov.br\/centrohistorico\/wp-content\/uploads\/sites\/6\/2024\/08\/escola-industrial.jpeg 640w, https:\/\/rotasturisticas.jundiai.sp.gov.br\/centrohistorico\/wp-content\/uploads\/sites\/6\/2024\/08\/escola-industrial-300x225.jpeg 300w\" sizes=\"auto, (max-width: 640px) 100vw, 640px\" \/><figcaption class=\"wp-element-caption\">1940<\/figcaption><\/figure>\n<\/div>","protected":false},"excerpt":{"rendered":"<p>O s\u00e9culo industrial da regi\u00e3o central teve em 1946 a abertura da Escola Industrial no mesmo processo de cria\u00e7\u00e3o da Esplanada Monte Castelo. Com projeto de Roberto Franco Bueno, a escola refor\u00e7ava a rede de ensino t\u00e9cnico iniciada na Companhia Paulista em cursos inicialmente nas \u00e1reas de mec\u00e2nica e costura e, posteriormente, passou a ser [&hellip;]<\/p>\n","protected":false},"author":11,"featured_media":0,"parent":14,"menu_order":0,"comment_status":"closed","ping_status":"closed","template":"page-local.php","meta":{"footnotes":""},"class_list":["post-279","page","type-page","status-publish","hentry"],"_links":{"self":[{"href":"https:\/\/rotasturisticas.jundiai.sp.gov.br\/centrohistorico\/wp-json\/wp\/v2\/pages\/279","targetHints":{"allow":["GET"]}}],"collection":[{"href":"https:\/\/rotasturisticas.jundiai.sp.gov.br\/centrohistorico\/wp-json\/wp\/v2\/pages"}],"about":[{"href":"https:\/\/rotasturisticas.jundiai.sp.gov.br\/centrohistorico\/wp-json\/wp\/v2\/types\/page"}],"author":[{"embeddable":true,"href":"https:\/\/rotasturisticas.jundiai.sp.gov.br\/centrohistorico\/wp-json\/wp\/v2\/users\/11"}],"replies":[{"embeddable":true,"href":"https:\/\/rotasturisticas.jundiai.sp.gov.br\/centrohistorico\/wp-json\/wp\/v2\/comments?post=279"}],"version-history":[{"count":3,"href":"https:\/\/rotasturisticas.jundiai.sp.gov.br\/centrohistorico\/wp-json\/wp\/v2\/pages\/279\/revisions"}],"predecessor-version":[{"id":1910,"href":"https:\/\/rotasturisticas.jundiai.sp.gov.br\/centrohistorico\/wp-json\/wp\/v2\/pages\/279\/revisions\/1910"}],"up":[{"embeddable":true,"href":"https:\/\/rotasturisticas.jundiai.sp.gov.br\/centrohistorico\/wp-json\/wp\/v2\/pages\/14"}],"wp:attachment":[{"href":"https:\/\/rotasturisticas.jundiai.sp.gov.br\/centrohistorico\/wp-json\/wp\/v2\/media?parent=279"}],"curies":[{"name":"wp","href":"https:\/\/api.w.org\/{rel}","templated":true}]}}