{"id":268,"date":"2018-07-04T16:10:02","date_gmt":"2018-07-04T19:10:02","guid":{"rendered":"http:\/\/rotasturisticas.jundiai.sp.gov.br\/centrohistorico\/?page_id=268"},"modified":"2024-09-05T17:37:50","modified_gmt":"2024-09-05T20:37:50","slug":"inovacao-em-antiga-casa","status":"publish","type":"page","link":"https:\/\/rotasturisticas.jundiai.sp.gov.br\/centrohistorico\/o-que-visitar\/inovacao-em-antiga-casa\/","title":{"rendered":"Inova\u00e7\u00e3o em Antiga Casa"},"content":{"rendered":"\n<p>Uma centen\u00e1ria casa do s\u00e9culo 20, renovada em projeto de Pier Paolo Bertuzzi Pizzolato com interven\u00e7\u00f5es pontuais para uso como espa\u00e7o de atividades criativas no s\u00e9culo 21, convida para a redescoberta da compatibilidade entre hist\u00f3ria e inova\u00e7\u00e3o no antigo Caminho da Palha (atual rua Prudente de Moraes). O espa\u00e7o re\u00fane em sua fachada a leveza e a mem\u00f3ria como um dos diversos casos desse tipo que existem na regi\u00e3o central.<\/p>\n\n\n\n<p>(Pesquisa e Texto: Jos\u00e9 Arnaldo de Oliveira)<\/p>\n","protected":false},"excerpt":{"rendered":"<p>Uma centen\u00e1ria casa do s\u00e9culo 20, renovada em projeto de Pier Paolo Bertuzzi Pizzolato com interven\u00e7\u00f5es pontuais para uso como espa\u00e7o de atividades criativas no s\u00e9culo 21, convida para a redescoberta da compatibilidade entre hist\u00f3ria e inova\u00e7\u00e3o no antigo Caminho da Palha (atual rua Prudente de Moraes). O espa\u00e7o re\u00fane em sua fachada a leveza [&hellip;]<\/p>\n","protected":false},"author":11,"featured_media":2109,"parent":14,"menu_order":0,"comment_status":"closed","ping_status":"closed","template":"","meta":{"footnotes":""},"class_list":["post-268","page","type-page","status-publish","has-post-thumbnail","hentry"],"_links":{"self":[{"href":"https:\/\/rotasturisticas.jundiai.sp.gov.br\/centrohistorico\/wp-json\/wp\/v2\/pages\/268","targetHints":{"allow":["GET"]}}],"collection":[{"href":"https:\/\/rotasturisticas.jundiai.sp.gov.br\/centrohistorico\/wp-json\/wp\/v2\/pages"}],"about":[{"href":"https:\/\/rotasturisticas.jundiai.sp.gov.br\/centrohistorico\/wp-json\/wp\/v2\/types\/page"}],"author":[{"embeddable":true,"href":"https:\/\/rotasturisticas.jundiai.sp.gov.br\/centrohistorico\/wp-json\/wp\/v2\/users\/11"}],"replies":[{"embeddable":true,"href":"https:\/\/rotasturisticas.jundiai.sp.gov.br\/centrohistorico\/wp-json\/wp\/v2\/comments?post=268"}],"version-history":[{"count":2,"href":"https:\/\/rotasturisticas.jundiai.sp.gov.br\/centrohistorico\/wp-json\/wp\/v2\/pages\/268\/revisions"}],"predecessor-version":[{"id":1813,"href":"https:\/\/rotasturisticas.jundiai.sp.gov.br\/centrohistorico\/wp-json\/wp\/v2\/pages\/268\/revisions\/1813"}],"up":[{"embeddable":true,"href":"https:\/\/rotasturisticas.jundiai.sp.gov.br\/centrohistorico\/wp-json\/wp\/v2\/pages\/14"}],"wp:featuredmedia":[{"embeddable":true,"href":"https:\/\/rotasturisticas.jundiai.sp.gov.br\/centrohistorico\/wp-json\/wp\/v2\/media\/2109"}],"wp:attachment":[{"href":"https:\/\/rotasturisticas.jundiai.sp.gov.br\/centrohistorico\/wp-json\/wp\/v2\/media?parent=268"}],"curies":[{"name":"wp","href":"https:\/\/api.w.org\/{rel}","templated":true}]}}