{"id":264,"date":"2018-07-04T16:08:57","date_gmt":"2018-07-04T19:08:57","guid":{"rendered":"http:\/\/rotasturisticas.jundiai.sp.gov.br\/centrohistorico\/?page_id=264"},"modified":"2024-08-14T15:51:43","modified_gmt":"2024-08-14T18:51:43","slug":"bar-chafariz","status":"publish","type":"page","link":"https:\/\/rotasturisticas.jundiai.sp.gov.br\/centrohistorico\/o-que-visitar\/bar-chafariz\/","title":{"rendered":"Bar Chafariz"},"content":{"rendered":"\n<p>O bar e choperia explora a mem\u00f3ria popular do chafariz de cavalos dos tropeiros que funcionava na pra\u00e7a frontal at\u00e9 a d\u00e9cada de 1990. Mas o pr\u00e9dio onde est\u00e1 instalado \u00e9 outra grande atra\u00e7\u00e3o, com dupla fachada de esquina nas ruas Dr. Almeida e Prudente de Moraes. O antigo casar\u00e3o do s\u00e9culo 20 tem muitas janelas parte superior e espa\u00e7os transformados no piso t\u00e9rreo, marcando a paisagem do in\u00edcio da antiga Estrada de Minas.<\/p>\n\n\n\n<p>(Pesquisa e Texto: Jos\u00e9 Arnaldo de Oliveira)<\/p>\n\n\n\n<figure class=\"wp-block-gallery has-nested-images columns-default is-cropped wp-block-gallery-1 is-layout-flex wp-block-gallery-is-layout-flex\">\n<figure class=\"wp-block-image size-large\"><img loading=\"lazy\" decoding=\"async\" width=\"300\" height=\"300\" data-id=\"1742\" src=\"https:\/\/rotasturisticas.jundiai.sp.gov.br\/centrohistorico\/wp-content\/uploads\/sites\/6\/2024\/08\/1-2-300x300-1.jpg\" alt=\"\" class=\"wp-image-1742\" srcset=\"https:\/\/rotasturisticas.jundiai.sp.gov.br\/centrohistorico\/wp-content\/uploads\/sites\/6\/2024\/08\/1-2-300x300-1.jpg 300w, https:\/\/rotasturisticas.jundiai.sp.gov.br\/centrohistorico\/wp-content\/uploads\/sites\/6\/2024\/08\/1-2-300x300-1-100x100.jpg 100w\" sizes=\"auto, (max-width: 300px) 100vw, 300px\" \/><\/figure>\n\n\n\n<figure class=\"wp-block-image size-large\"><img loading=\"lazy\" decoding=\"async\" width=\"1267\" height=\"950\" data-id=\"1861\" src=\"https:\/\/rotasturisticas.jundiai.sp.gov.br\/centrohistorico\/wp-content\/uploads\/sites\/6\/2024\/08\/Jundiai-Bar-Chafariz-4-1-1267x950.jpg\" alt=\"\" class=\"wp-image-1861\" srcset=\"https:\/\/rotasturisticas.jundiai.sp.gov.br\/centrohistorico\/wp-content\/uploads\/sites\/6\/2024\/08\/Jundiai-Bar-Chafariz-4-1-1267x950.jpg 1267w, https:\/\/rotasturisticas.jundiai.sp.gov.br\/centrohistorico\/wp-content\/uploads\/sites\/6\/2024\/08\/Jundiai-Bar-Chafariz-4-1-300x225.jpg 300w, https:\/\/rotasturisticas.jundiai.sp.gov.br\/centrohistorico\/wp-content\/uploads\/sites\/6\/2024\/08\/Jundiai-Bar-Chafariz-4-1-768x576.jpg 768w, https:\/\/rotasturisticas.jundiai.sp.gov.br\/centrohistorico\/wp-content\/uploads\/sites\/6\/2024\/08\/Jundiai-Bar-Chafariz-4-1.jpg 1280w\" sizes=\"auto, (max-width: 1267px) 100vw, 1267px\" \/><figcaption class=\"wp-element-caption\">cr\u00e9dito: TGuiando<\/figcaption><\/figure>\n<\/figure>\n","protected":false},"excerpt":{"rendered":"<p>O bar e choperia explora a mem\u00f3ria popular do chafariz de cavalos dos tropeiros que funcionava na pra\u00e7a frontal at\u00e9 a d\u00e9cada de 1990. Mas o pr\u00e9dio onde est\u00e1 instalado \u00e9 outra grande atra\u00e7\u00e3o, com dupla fachada de esquina nas ruas Dr. Almeida e Prudente de Moraes. O antigo casar\u00e3o do s\u00e9culo 20 tem muitas [&hellip;]<\/p>\n","protected":false},"author":11,"featured_media":0,"parent":14,"menu_order":0,"comment_status":"closed","ping_status":"closed","template":"page-local.php","meta":{"footnotes":""},"class_list":["post-264","page","type-page","status-publish","hentry"],"_links":{"self":[{"href":"https:\/\/rotasturisticas.jundiai.sp.gov.br\/centrohistorico\/wp-json\/wp\/v2\/pages\/264","targetHints":{"allow":["GET"]}}],"collection":[{"href":"https:\/\/rotasturisticas.jundiai.sp.gov.br\/centrohistorico\/wp-json\/wp\/v2\/pages"}],"about":[{"href":"https:\/\/rotasturisticas.jundiai.sp.gov.br\/centrohistorico\/wp-json\/wp\/v2\/types\/page"}],"author":[{"embeddable":true,"href":"https:\/\/rotasturisticas.jundiai.sp.gov.br\/centrohistorico\/wp-json\/wp\/v2\/users\/11"}],"replies":[{"embeddable":true,"href":"https:\/\/rotasturisticas.jundiai.sp.gov.br\/centrohistorico\/wp-json\/wp\/v2\/comments?post=264"}],"version-history":[{"count":5,"href":"https:\/\/rotasturisticas.jundiai.sp.gov.br\/centrohistorico\/wp-json\/wp\/v2\/pages\/264\/revisions"}],"predecessor-version":[{"id":1862,"href":"https:\/\/rotasturisticas.jundiai.sp.gov.br\/centrohistorico\/wp-json\/wp\/v2\/pages\/264\/revisions\/1862"}],"up":[{"embeddable":true,"href":"https:\/\/rotasturisticas.jundiai.sp.gov.br\/centrohistorico\/wp-json\/wp\/v2\/pages\/14"}],"wp:attachment":[{"href":"https:\/\/rotasturisticas.jundiai.sp.gov.br\/centrohistorico\/wp-json\/wp\/v2\/media?parent=264"}],"curies":[{"name":"wp","href":"https:\/\/api.w.org\/{rel}","templated":true}]}}