{"id":260,"date":"2018-07-04T15:28:51","date_gmt":"2018-07-04T18:28:51","guid":{"rendered":"http:\/\/rotasturisticas.jundiai.sp.gov.br\/centrohistorico\/?page_id=260"},"modified":"2022-09-22T12:00:00","modified_gmt":"2022-09-22T15:00:00","slug":"vila-argos","status":"publish","type":"page","link":"https:\/\/rotasturisticas.jundiai.sp.gov.br\/centrohistorico\/o-que-visitar\/vila-argos\/","title":{"rendered":"Vila Argos"},"content":{"rendered":"\n<p>Os dois conjuntos residenciais para funcion\u00e1rios constru\u00eddos em meados do s\u00e9culo 20 pela Argos Industrial s\u00e3o chamados de Vila Argos Velha e a Vila Argos Nova. Al\u00e9m dos im\u00f3veis em si, o desenho dos conjuntos mostra diversas ruas estreitas criadas para pedestres e bicicletas antes da massifica\u00e7\u00e3o dos ve\u00edculos motorizados. Seus detalhes de adornos construtivos indicam o legado da arquitetura an\u00f4nima dos antigos e geniais mestres de obras na cidade.<\/p>\n\n\n\n<p>(Pesquisa e Texto: Jos\u00e9 Arnaldo de Oliveira)<\/p>\n\n\n\n<figure class=\"wp-block-gallery has-nested-images columns-default is-cropped wp-block-gallery-1 is-layout-flex wp-block-gallery-is-layout-flex\">\n<figure class=\"wp-block-image size-large\"><img loading=\"lazy\" decoding=\"async\" width=\"520\" height=\"440\" data-id=\"1361\" src=\"https:\/\/rotasturisticas.jundiai.sp.gov.br\/centrohistorico\/wp-content\/uploads\/sites\/6\/2022\/09\/5730101594_1c939d67ee_o.jpg\" alt=\"\" class=\"wp-image-1361\" \/><figcaption>Vista da Rua Monteiro Lobato pr\u00f3ximo a Argos 1940 (Acervo Maur\u00edcio Ferreira &#8211; Sebo Jundia\u00ed)<\/figcaption><\/figure>\n<\/figure>\n","protected":false},"excerpt":{"rendered":"<p>Os dois conjuntos residenciais para funcion\u00e1rios constru\u00eddos em meados do s\u00e9culo 20 pela Argos Industrial s\u00e3o chamados de Vila Argos Velha e a Vila Argos Nova. Al\u00e9m dos im\u00f3veis em si, o desenho dos conjuntos mostra diversas ruas estreitas criadas para pedestres e bicicletas antes da massifica\u00e7\u00e3o dos ve\u00edculos motorizados. Seus detalhes de adornos construtivos [&hellip;]<\/p>\n","protected":false},"author":11,"featured_media":0,"parent":14,"menu_order":0,"comment_status":"closed","ping_status":"closed","template":"page-local.php","meta":{"footnotes":""},"class_list":["post-260","page","type-page","status-publish","hentry"],"_links":{"self":[{"href":"https:\/\/rotasturisticas.jundiai.sp.gov.br\/centrohistorico\/wp-json\/wp\/v2\/pages\/260","targetHints":{"allow":["GET"]}}],"collection":[{"href":"https:\/\/rotasturisticas.jundiai.sp.gov.br\/centrohistorico\/wp-json\/wp\/v2\/pages"}],"about":[{"href":"https:\/\/rotasturisticas.jundiai.sp.gov.br\/centrohistorico\/wp-json\/wp\/v2\/types\/page"}],"author":[{"embeddable":true,"href":"https:\/\/rotasturisticas.jundiai.sp.gov.br\/centrohistorico\/wp-json\/wp\/v2\/users\/11"}],"replies":[{"embeddable":true,"href":"https:\/\/rotasturisticas.jundiai.sp.gov.br\/centrohistorico\/wp-json\/wp\/v2\/comments?post=260"}],"version-history":[{"count":3,"href":"https:\/\/rotasturisticas.jundiai.sp.gov.br\/centrohistorico\/wp-json\/wp\/v2\/pages\/260\/revisions"}],"predecessor-version":[{"id":1369,"href":"https:\/\/rotasturisticas.jundiai.sp.gov.br\/centrohistorico\/wp-json\/wp\/v2\/pages\/260\/revisions\/1369"}],"up":[{"embeddable":true,"href":"https:\/\/rotasturisticas.jundiai.sp.gov.br\/centrohistorico\/wp-json\/wp\/v2\/pages\/14"}],"wp:attachment":[{"href":"https:\/\/rotasturisticas.jundiai.sp.gov.br\/centrohistorico\/wp-json\/wp\/v2\/media?parent=260"}],"curies":[{"name":"wp","href":"https:\/\/api.w.org\/{rel}","templated":true}]}}