{"id":253,"date":"2018-07-04T15:25:45","date_gmt":"2018-07-04T18:25:45","guid":{"rendered":"http:\/\/rotasturisticas.jundiai.sp.gov.br\/centrohistorico\/?page_id=253"},"modified":"2024-08-13T17:38:11","modified_gmt":"2024-08-13T20:38:11","slug":"casa-rosa","status":"publish","type":"page","link":"https:\/\/rotasturisticas.jundiai.sp.gov.br\/centrohistorico\/o-que-visitar\/casa-rosa\/","title":{"rendered":"Casa Rosa"},"content":{"rendered":"\n<p>O nome popular do antigo casar\u00e3o da fam\u00edlia Malpaga, de 1913, tem em detalhes como a testada de frente do lote e a grande varanda lateral identificados como parte do estilo arquitet\u00f4nico chamado ecl\u00e9tico, que marca muitas constru\u00e7\u00f5es da cidade no ciclo de industrializa\u00e7\u00e3o de 1870 a 1950. Alguns especialistas indicam nesse estilo a influ\u00eancia de Antonio Mila, pai do primeiro diretor da Faculdade de Arquitetura e Urbanismo da USP, Ariosto Mila.<\/p>\n\n\n\n<p>Atualmente a Casa Rosa passa por um processo de restaura\u00e7\u00e3o.<\/p>\n\n\n\n<p>(Pesquisa e Texto: Jos\u00e9 Arnaldo de Oliveira)<\/p>\n\n\n\n<figure class=\"wp-block-gallery has-nested-images columns-default is-cropped wp-block-gallery-1 is-layout-flex wp-block-gallery-is-layout-flex\">\n<figure class=\"wp-block-image size-large\"><a href=\"https:\/\/rotasturisticas.jundiai.sp.gov.br\/centrohistorico\/wp-content\/uploads\/sites\/6\/2023\/07\/Casa-Rosa-jdi.jpg\"><img loading=\"lazy\" decoding=\"async\" width=\"600\" height=\"450\" data-id=\"1599\" src=\"https:\/\/rotasturisticas.jundiai.sp.gov.br\/centrohistorico\/wp-content\/uploads\/sites\/6\/2023\/07\/Casa-Rosa-jdi.jpg\" alt=\"\" class=\"wp-image-1599\" srcset=\"https:\/\/rotasturisticas.jundiai.sp.gov.br\/centrohistorico\/wp-content\/uploads\/sites\/6\/2023\/07\/Casa-Rosa-jdi.jpg 600w, https:\/\/rotasturisticas.jundiai.sp.gov.br\/centrohistorico\/wp-content\/uploads\/sites\/6\/2023\/07\/Casa-Rosa-jdi-300x225.jpg 300w\" sizes=\"auto, (max-width: 600px) 100vw, 600px\" \/><\/a><\/figure>\n\n\n\n<figure class=\"wp-block-image size-large\"><a href=\"https:\/\/rotasturisticas.jundiai.sp.gov.br\/centrohistorico\/wp-content\/uploads\/sites\/6\/2023\/07\/Casa-Rosa.jpg\"><img loading=\"lazy\" decoding=\"async\" width=\"1240\" height=\"810\" data-id=\"1598\" src=\"https:\/\/rotasturisticas.jundiai.sp.gov.br\/centrohistorico\/wp-content\/uploads\/sites\/6\/2023\/07\/Casa-Rosa.jpg\" alt=\"\" class=\"wp-image-1598\" srcset=\"https:\/\/rotasturisticas.jundiai.sp.gov.br\/centrohistorico\/wp-content\/uploads\/sites\/6\/2023\/07\/Casa-Rosa.jpg 1240w, https:\/\/rotasturisticas.jundiai.sp.gov.br\/centrohistorico\/wp-content\/uploads\/sites\/6\/2023\/07\/Casa-Rosa-768x502.jpg 768w\" sizes=\"auto, (max-width: 1240px) 100vw, 1240px\" \/><\/a><\/figure>\n<\/figure>\n","protected":false},"excerpt":{"rendered":"<p>O nome popular do antigo casar\u00e3o da fam\u00edlia Malpaga, de 1913, tem em detalhes como a testada de frente do lote e a grande varanda lateral identificados como parte do estilo arquitet\u00f4nico chamado ecl\u00e9tico, que marca muitas constru\u00e7\u00f5es da cidade no ciclo de industrializa\u00e7\u00e3o de 1870 a 1950. Alguns especialistas indicam nesse estilo a influ\u00eancia [&hellip;]<\/p>\n","protected":false},"author":11,"featured_media":0,"parent":14,"menu_order":0,"comment_status":"closed","ping_status":"closed","template":"page-local.php","meta":{"footnotes":""},"class_list":["post-253","page","type-page","status-publish","hentry"],"_links":{"self":[{"href":"https:\/\/rotasturisticas.jundiai.sp.gov.br\/centrohistorico\/wp-json\/wp\/v2\/pages\/253","targetHints":{"allow":["GET"]}}],"collection":[{"href":"https:\/\/rotasturisticas.jundiai.sp.gov.br\/centrohistorico\/wp-json\/wp\/v2\/pages"}],"about":[{"href":"https:\/\/rotasturisticas.jundiai.sp.gov.br\/centrohistorico\/wp-json\/wp\/v2\/types\/page"}],"author":[{"embeddable":true,"href":"https:\/\/rotasturisticas.jundiai.sp.gov.br\/centrohistorico\/wp-json\/wp\/v2\/users\/11"}],"replies":[{"embeddable":true,"href":"https:\/\/rotasturisticas.jundiai.sp.gov.br\/centrohistorico\/wp-json\/wp\/v2\/comments?post=253"}],"version-history":[{"count":4,"href":"https:\/\/rotasturisticas.jundiai.sp.gov.br\/centrohistorico\/wp-json\/wp\/v2\/pages\/253\/revisions"}],"predecessor-version":[{"id":1775,"href":"https:\/\/rotasturisticas.jundiai.sp.gov.br\/centrohistorico\/wp-json\/wp\/v2\/pages\/253\/revisions\/1775"}],"up":[{"embeddable":true,"href":"https:\/\/rotasturisticas.jundiai.sp.gov.br\/centrohistorico\/wp-json\/wp\/v2\/pages\/14"}],"wp:attachment":[{"href":"https:\/\/rotasturisticas.jundiai.sp.gov.br\/centrohistorico\/wp-json\/wp\/v2\/media?parent=253"}],"curies":[{"name":"wp","href":"https:\/\/api.w.org\/{rel}","templated":true}]}}