{"id":232,"date":"2018-07-04T14:47:16","date_gmt":"2018-07-04T17:47:16","guid":{"rendered":"http:\/\/rotasturisticas.jundiai.sp.gov.br\/centrohistorico\/?page_id=232"},"modified":"2024-08-14T16:20:53","modified_gmt":"2024-08-14T19:20:53","slug":"antiga-padaria-palma","status":"publish","type":"page","link":"https:\/\/rotasturisticas.jundiai.sp.gov.br\/centrohistorico\/o-que-visitar\/antiga-padaria-palma\/","title":{"rendered":"Antiga Padaria Palma"},"content":{"rendered":"\n<p>O pr\u00e9dio com pastilhas de parede atualmente ocupado por uma choperia abrigou uma padaria bastante popular durante o s\u00e9culo 20, parte dele quando o leite ainda era vendido em garrafas de vidro e os p\u00e3es muitas vezes eram entregues em carro\u00e7as ou mensageiros. O local, na sa\u00edda do caminho aberto para as Minas no in\u00edcio do s\u00e9culo 18, tamb\u00e9m foi ponto de passagem de boiadas pela regi\u00e3o central.<\/p>\n\n\n\n<p>(Pesquisa e Texto: Jos\u00e9 Arnaldo de Oliveira)<\/p>\n\n\n<div class=\"wp-block-image\">\n<figure class=\"aligncenter size-full is-resized\"><img loading=\"lazy\" decoding=\"async\" width=\"1024\" height=\"375\" src=\"https:\/\/rotasturisticas.jundiai.sp.gov.br\/centrohistorico\/wp-content\/uploads\/sites\/6\/2024\/08\/Padaria-Palma_choperia.jpg\" alt=\"\" class=\"wp-image-1853\" style=\"width:840px;height:auto\" srcset=\"https:\/\/rotasturisticas.jundiai.sp.gov.br\/centrohistorico\/wp-content\/uploads\/sites\/6\/2024\/08\/Padaria-Palma_choperia.jpg 1024w, https:\/\/rotasturisticas.jundiai.sp.gov.br\/centrohistorico\/wp-content\/uploads\/sites\/6\/2024\/08\/Padaria-Palma_choperia-768x281.jpg 768w\" sizes=\"auto, (max-width: 1024px) 100vw, 1024px\" \/><figcaption class=\"wp-element-caption\"><em>Acervo Andrade Jorge<\/em><\/figcaption><\/figure>\n<\/div>","protected":false},"excerpt":{"rendered":"<p>O pr\u00e9dio com pastilhas de parede atualmente ocupado por uma choperia abrigou uma padaria bastante popular durante o s\u00e9culo 20, parte dele quando o leite ainda era vendido em garrafas de vidro e os p\u00e3es muitas vezes eram entregues em carro\u00e7as ou mensageiros. O local, na sa\u00edda do caminho aberto para as Minas no in\u00edcio [&hellip;]<\/p>\n","protected":false},"author":11,"featured_media":0,"parent":14,"menu_order":0,"comment_status":"closed","ping_status":"closed","template":"page-local.php","meta":{"footnotes":""},"class_list":["post-232","page","type-page","status-publish","hentry"],"_links":{"self":[{"href":"https:\/\/rotasturisticas.jundiai.sp.gov.br\/centrohistorico\/wp-json\/wp\/v2\/pages\/232","targetHints":{"allow":["GET"]}}],"collection":[{"href":"https:\/\/rotasturisticas.jundiai.sp.gov.br\/centrohistorico\/wp-json\/wp\/v2\/pages"}],"about":[{"href":"https:\/\/rotasturisticas.jundiai.sp.gov.br\/centrohistorico\/wp-json\/wp\/v2\/types\/page"}],"author":[{"embeddable":true,"href":"https:\/\/rotasturisticas.jundiai.sp.gov.br\/centrohistorico\/wp-json\/wp\/v2\/users\/11"}],"replies":[{"embeddable":true,"href":"https:\/\/rotasturisticas.jundiai.sp.gov.br\/centrohistorico\/wp-json\/wp\/v2\/comments?post=232"}],"version-history":[{"count":5,"href":"https:\/\/rotasturisticas.jundiai.sp.gov.br\/centrohistorico\/wp-json\/wp\/v2\/pages\/232\/revisions"}],"predecessor-version":[{"id":1874,"href":"https:\/\/rotasturisticas.jundiai.sp.gov.br\/centrohistorico\/wp-json\/wp\/v2\/pages\/232\/revisions\/1874"}],"up":[{"embeddable":true,"href":"https:\/\/rotasturisticas.jundiai.sp.gov.br\/centrohistorico\/wp-json\/wp\/v2\/pages\/14"}],"wp:attachment":[{"href":"https:\/\/rotasturisticas.jundiai.sp.gov.br\/centrohistorico\/wp-json\/wp\/v2\/media?parent=232"}],"curies":[{"name":"wp","href":"https:\/\/api.w.org\/{rel}","templated":true}]}}