{"id":228,"date":"2018-07-04T14:42:07","date_gmt":"2018-07-04T17:42:07","guid":{"rendered":"http:\/\/rotasturisticas.jundiai.sp.gov.br\/centrohistorico\/?page_id=228"},"modified":"2024-09-04T10:27:55","modified_gmt":"2024-09-04T13:27:55","slug":"obelisco-da-independencia","status":"publish","type":"page","link":"https:\/\/rotasturisticas.jundiai.sp.gov.br\/centrohistorico\/o-que-visitar\/obelisco-da-independencia\/","title":{"rendered":"Obelisco da Independ\u00eancia"},"content":{"rendered":"\n<p>O monumento foi criado no centen\u00e1rio da independ\u00eancia do Brasil (1822-1922) na ent\u00e3o pra\u00e7a da Independ\u00eancia (atual pra\u00e7a Governador Pedro de Toledo, no Largo da Matriz) e depois transferido para o Largo Santa Cruz, junto ao Terminal Central, podendo ser apreciado pelo lado externo. Tamb\u00e9m guarda documentos e imagens impressas em uma \u201cc\u00e1psula do tempo\u201d para serem retirados no futuro.<\/p>\n\n\n\n<p>(Pesquisa e Texto: Jos\u00e9 Arnaldo de Oliveira)<\/p>\n\n\n\n<figure class=\"wp-block-gallery has-nested-images columns-default is-cropped wp-block-gallery-1 is-layout-flex wp-block-gallery-is-layout-flex\">\n<figure class=\"wp-block-image size-large\"><img loading=\"lazy\" decoding=\"async\" width=\"915\" height=\"660\" data-id=\"2074\" src=\"https:\/\/rotasturisticas.jundiai.sp.gov.br\/centrohistorico\/wp-content\/uploads\/sites\/6\/2024\/09\/Praca2.1-1.jpg\" alt=\"\" class=\"wp-image-2074\" srcset=\"https:\/\/rotasturisticas.jundiai.sp.gov.br\/centrohistorico\/wp-content\/uploads\/sites\/6\/2024\/09\/Praca2.1-1.jpg 915w, https:\/\/rotasturisticas.jundiai.sp.gov.br\/centrohistorico\/wp-content\/uploads\/sites\/6\/2024\/09\/Praca2.1-1-768x554.jpg 768w\" sizes=\"auto, (max-width: 915px) 100vw, 915px\" \/><\/figure>\n\n\n\n<figure class=\"wp-block-image size-large\"><img loading=\"lazy\" decoding=\"async\" width=\"1267\" height=\"950\" data-id=\"2073\" src=\"https:\/\/rotasturisticas.jundiai.sp.gov.br\/centrohistorico\/wp-content\/uploads\/sites\/6\/2024\/09\/obelisco-anos-40-na-praca-da-matriz-1-1267x950.jpg\" alt=\"\" class=\"wp-image-2073\" srcset=\"https:\/\/rotasturisticas.jundiai.sp.gov.br\/centrohistorico\/wp-content\/uploads\/sites\/6\/2024\/09\/obelisco-anos-40-na-praca-da-matriz-1-1267x950.jpg 1267w, https:\/\/rotasturisticas.jundiai.sp.gov.br\/centrohistorico\/wp-content\/uploads\/sites\/6\/2024\/09\/obelisco-anos-40-na-praca-da-matriz-1-300x225.jpg 300w, https:\/\/rotasturisticas.jundiai.sp.gov.br\/centrohistorico\/wp-content\/uploads\/sites\/6\/2024\/09\/obelisco-anos-40-na-praca-da-matriz-1-768x576.jpg 768w, https:\/\/rotasturisticas.jundiai.sp.gov.br\/centrohistorico\/wp-content\/uploads\/sites\/6\/2024\/09\/obelisco-anos-40-na-praca-da-matriz-1.jpg 1280w\" sizes=\"auto, (max-width: 1267px) 100vw, 1267px\" \/><\/figure>\n\n\n\n<figure class=\"wp-block-image size-large\"><img loading=\"lazy\" decoding=\"async\" width=\"645\" height=\"484\" data-id=\"2072\" src=\"https:\/\/rotasturisticas.jundiai.sp.gov.br\/centrohistorico\/wp-content\/uploads\/sites\/6\/2024\/09\/obelisco-Anderson-Cesar-2.jpg\" alt=\"\" class=\"wp-image-2072\" srcset=\"https:\/\/rotasturisticas.jundiai.sp.gov.br\/centrohistorico\/wp-content\/uploads\/sites\/6\/2024\/09\/obelisco-Anderson-Cesar-2.jpg 645w, https:\/\/rotasturisticas.jundiai.sp.gov.br\/centrohistorico\/wp-content\/uploads\/sites\/6\/2024\/09\/obelisco-Anderson-Cesar-2-300x225.jpg 300w\" sizes=\"auto, (max-width: 645px) 100vw, 645px\" \/><\/figure>\n<\/figure>\n","protected":false},"excerpt":{"rendered":"<p>O monumento foi criado no centen\u00e1rio da independ\u00eancia do Brasil (1822-1922) na ent\u00e3o pra\u00e7a da Independ\u00eancia (atual pra\u00e7a Governador Pedro de Toledo, no Largo da Matriz) e depois transferido para o Largo Santa Cruz, junto ao Terminal Central, podendo ser apreciado pelo lado externo. Tamb\u00e9m guarda documentos e imagens impressas em uma \u201cc\u00e1psula do tempo\u201d [&hellip;]<\/p>\n","protected":false},"author":11,"featured_media":0,"parent":14,"menu_order":0,"comment_status":"closed","ping_status":"closed","template":"page-local.php","meta":{"footnotes":""},"class_list":["post-228","page","type-page","status-publish","hentry"],"_links":{"self":[{"href":"https:\/\/rotasturisticas.jundiai.sp.gov.br\/centrohistorico\/wp-json\/wp\/v2\/pages\/228","targetHints":{"allow":["GET"]}}],"collection":[{"href":"https:\/\/rotasturisticas.jundiai.sp.gov.br\/centrohistorico\/wp-json\/wp\/v2\/pages"}],"about":[{"href":"https:\/\/rotasturisticas.jundiai.sp.gov.br\/centrohistorico\/wp-json\/wp\/v2\/types\/page"}],"author":[{"embeddable":true,"href":"https:\/\/rotasturisticas.jundiai.sp.gov.br\/centrohistorico\/wp-json\/wp\/v2\/users\/11"}],"replies":[{"embeddable":true,"href":"https:\/\/rotasturisticas.jundiai.sp.gov.br\/centrohistorico\/wp-json\/wp\/v2\/comments?post=228"}],"version-history":[{"count":3,"href":"https:\/\/rotasturisticas.jundiai.sp.gov.br\/centrohistorico\/wp-json\/wp\/v2\/pages\/228\/revisions"}],"predecessor-version":[{"id":2075,"href":"https:\/\/rotasturisticas.jundiai.sp.gov.br\/centrohistorico\/wp-json\/wp\/v2\/pages\/228\/revisions\/2075"}],"up":[{"embeddable":true,"href":"https:\/\/rotasturisticas.jundiai.sp.gov.br\/centrohistorico\/wp-json\/wp\/v2\/pages\/14"}],"wp:attachment":[{"href":"https:\/\/rotasturisticas.jundiai.sp.gov.br\/centrohistorico\/wp-json\/wp\/v2\/media?parent=228"}],"curies":[{"name":"wp","href":"https:\/\/api.w.org\/{rel}","templated":true}]}}