{"id":2219,"date":"2024-12-04T16:35:05","date_gmt":"2024-12-04T19:35:05","guid":{"rendered":"https:\/\/rotasturisticas.jundiai.sp.gov.br\/centrohistorico\/?page_id=2219"},"modified":"2024-12-06T12:03:58","modified_gmt":"2024-12-06T15:03:58","slug":"pizzaria-vesuvio","status":"publish","type":"page","link":"https:\/\/rotasturisticas.jundiai.sp.gov.br\/centrohistorico\/onde-comer\/pizzaria-vesuvio\/","title":{"rendered":"Pizzaria Vesuvio"},"content":{"rendered":"\n<p>O Ves\u00favio, desde 1987, \u00e9 pioneiro na cidade no quesito rod\u00edzio de pizzas \u00e0 forno a lenha e com diversos acompanhamentos. Outro fator de extrema relev\u00e2ncia \u00e9 o churrasco t\u00edpico ga\u00facho, servido em sistema self-service. O Ves\u00favio \u00e9 tradi\u00e7\u00e3o na cidade de Jundia\u00ed, com uma hist\u00f3ria repleta de conquistas e fazendo parte da hist\u00f3ria dos jundiaienses.<\/p>\n\n\n\n<figure class=\"wp-block-gallery has-nested-images columns-4 is-cropped wp-block-gallery-1 is-layout-flex wp-block-gallery-is-layout-flex\">\n<figure class=\"wp-block-image size-large\"><img loading=\"lazy\" decoding=\"async\" width=\"713\" height=\"950\" data-id=\"2221\" src=\"https:\/\/rotasturisticas.jundiai.sp.gov.br\/centrohistorico\/wp-content\/uploads\/sites\/6\/2024\/12\/Imagem-do-WhatsApp-de-2024-11-29-as-13.32.41_8d316a2a-Heloisa-Trippe-713x950.jpg\" alt=\"\" class=\"wp-image-2221\" srcset=\"https:\/\/rotasturisticas.jundiai.sp.gov.br\/centrohistorico\/wp-content\/uploads\/sites\/6\/2024\/12\/Imagem-do-WhatsApp-de-2024-11-29-as-13.32.41_8d316a2a-Heloisa-Trippe-713x950.jpg 713w, https:\/\/rotasturisticas.jundiai.sp.gov.br\/centrohistorico\/wp-content\/uploads\/sites\/6\/2024\/12\/Imagem-do-WhatsApp-de-2024-11-29-as-13.32.41_8d316a2a-Heloisa-Trippe-768x1024.jpg 768w, https:\/\/rotasturisticas.jundiai.sp.gov.br\/centrohistorico\/wp-content\/uploads\/sites\/6\/2024\/12\/Imagem-do-WhatsApp-de-2024-11-29-as-13.32.41_8d316a2a-Heloisa-Trippe.jpg 960w\" sizes=\"auto, (max-width: 713px) 100vw, 713px\" \/><\/figure>\n\n\n\n<figure class=\"wp-block-image size-large\"><img loading=\"lazy\" decoding=\"async\" width=\"828\" height=\"950\" data-id=\"2227\" src=\"https:\/\/rotasturisticas.jundiai.sp.gov.br\/centrohistorico\/wp-content\/uploads\/sites\/6\/2024\/12\/Imagem-do-WhatsApp-de-2024-11-01-as-19.14.10_24660060-Heloisa-Trippe-828x950.jpg\" alt=\"\" class=\"wp-image-2227\" srcset=\"https:\/\/rotasturisticas.jundiai.sp.gov.br\/centrohistorico\/wp-content\/uploads\/sites\/6\/2024\/12\/Imagem-do-WhatsApp-de-2024-11-01-as-19.14.10_24660060-Heloisa-Trippe-828x950.jpg 828w, https:\/\/rotasturisticas.jundiai.sp.gov.br\/centrohistorico\/wp-content\/uploads\/sites\/6\/2024\/12\/Imagem-do-WhatsApp-de-2024-11-01-as-19.14.10_24660060-Heloisa-Trippe-768x881.jpg 768w, https:\/\/rotasturisticas.jundiai.sp.gov.br\/centrohistorico\/wp-content\/uploads\/sites\/6\/2024\/12\/Imagem-do-WhatsApp-de-2024-11-01-as-19.14.10_24660060-Heloisa-Trippe.jpg 1280w\" sizes=\"auto, (max-width: 828px) 100vw, 828px\" \/><\/figure>\n\n\n\n<figure class=\"wp-block-image size-large\"><img loading=\"lazy\" decoding=\"async\" width=\"713\" height=\"950\" data-id=\"2225\" src=\"https:\/\/rotasturisticas.jundiai.sp.gov.br\/centrohistorico\/wp-content\/uploads\/sites\/6\/2024\/12\/Imagem-do-WhatsApp-de-2024-11-29-as-13.54.57_9161166d-Heloisa-Trippe-713x950.jpg\" alt=\"\" class=\"wp-image-2225\" srcset=\"https:\/\/rotasturisticas.jundiai.sp.gov.br\/centrohistorico\/wp-content\/uploads\/sites\/6\/2024\/12\/Imagem-do-WhatsApp-de-2024-11-29-as-13.54.57_9161166d-Heloisa-Trippe-713x950.jpg 713w, https:\/\/rotasturisticas.jundiai.sp.gov.br\/centrohistorico\/wp-content\/uploads\/sites\/6\/2024\/12\/Imagem-do-WhatsApp-de-2024-11-29-as-13.54.57_9161166d-Heloisa-Trippe-768x1024.jpg 768w, https:\/\/rotasturisticas.jundiai.sp.gov.br\/centrohistorico\/wp-content\/uploads\/sites\/6\/2024\/12\/Imagem-do-WhatsApp-de-2024-11-29-as-13.54.57_9161166d-Heloisa-Trippe-1152x1536.jpg 1152w, https:\/\/rotasturisticas.jundiai.sp.gov.br\/centrohistorico\/wp-content\/uploads\/sites\/6\/2024\/12\/Imagem-do-WhatsApp-de-2024-11-29-as-13.54.57_9161166d-Heloisa-Trippe.jpg 1200w\" sizes=\"auto, (max-width: 713px) 100vw, 713px\" \/><\/figure>\n\n\n\n<figure class=\"wp-block-image size-large\"><img loading=\"lazy\" decoding=\"async\" width=\"713\" height=\"950\" data-id=\"2226\" src=\"https:\/\/rotasturisticas.jundiai.sp.gov.br\/centrohistorico\/wp-content\/uploads\/sites\/6\/2024\/12\/Imagem-do-WhatsApp-de-2024-11-29-as-13.32.22_78aa2761-Heloisa-Trippe-713x950.jpg\" alt=\"\" class=\"wp-image-2226\" srcset=\"https:\/\/rotasturisticas.jundiai.sp.gov.br\/centrohistorico\/wp-content\/uploads\/sites\/6\/2024\/12\/Imagem-do-WhatsApp-de-2024-11-29-as-13.32.22_78aa2761-Heloisa-Trippe-713x950.jpg 713w, https:\/\/rotasturisticas.jundiai.sp.gov.br\/centrohistorico\/wp-content\/uploads\/sites\/6\/2024\/12\/Imagem-do-WhatsApp-de-2024-11-29-as-13.32.22_78aa2761-Heloisa-Trippe-768x1024.jpg 768w, https:\/\/rotasturisticas.jundiai.sp.gov.br\/centrohistorico\/wp-content\/uploads\/sites\/6\/2024\/12\/Imagem-do-WhatsApp-de-2024-11-29-as-13.32.22_78aa2761-Heloisa-Trippe.jpg 960w\" sizes=\"auto, (max-width: 713px) 100vw, 713px\" \/><\/figure>\n\n\n\n<figure class=\"wp-block-image size-large\"><img loading=\"lazy\" decoding=\"async\" width=\"713\" height=\"950\" data-id=\"2223\" src=\"https:\/\/rotasturisticas.jundiai.sp.gov.br\/centrohistorico\/wp-content\/uploads\/sites\/6\/2024\/12\/Imagem-do-WhatsApp-de-2024-11-29-as-13.32.47_d43a887f-Heloisa-Trippe-713x950.jpg\" alt=\"\" class=\"wp-image-2223\" srcset=\"https:\/\/rotasturisticas.jundiai.sp.gov.br\/centrohistorico\/wp-content\/uploads\/sites\/6\/2024\/12\/Imagem-do-WhatsApp-de-2024-11-29-as-13.32.47_d43a887f-Heloisa-Trippe-713x950.jpg 713w, https:\/\/rotasturisticas.jundiai.sp.gov.br\/centrohistorico\/wp-content\/uploads\/sites\/6\/2024\/12\/Imagem-do-WhatsApp-de-2024-11-29-as-13.32.47_d43a887f-Heloisa-Trippe-768x1024.jpg 768w, https:\/\/rotasturisticas.jundiai.sp.gov.br\/centrohistorico\/wp-content\/uploads\/sites\/6\/2024\/12\/Imagem-do-WhatsApp-de-2024-11-29-as-13.32.47_d43a887f-Heloisa-Trippe.jpg 960w\" sizes=\"auto, (max-width: 713px) 100vw, 713px\" \/><\/figure>\n\n\n\n<figure class=\"wp-block-image size-large\"><img loading=\"lazy\" decoding=\"async\" width=\"929\" height=\"950\" data-id=\"2224\" src=\"https:\/\/rotasturisticas.jundiai.sp.gov.br\/centrohistorico\/wp-content\/uploads\/sites\/6\/2024\/12\/Imagem-do-WhatsApp-de-2024-11-29-as-13.32.54_fcb05e52-Heloisa-Trippe-929x950.jpg\" alt=\"\" class=\"wp-image-2224\" srcset=\"https:\/\/rotasturisticas.jundiai.sp.gov.br\/centrohistorico\/wp-content\/uploads\/sites\/6\/2024\/12\/Imagem-do-WhatsApp-de-2024-11-29-as-13.32.54_fcb05e52-Heloisa-Trippe-929x950.jpg 929w, https:\/\/rotasturisticas.jundiai.sp.gov.br\/centrohistorico\/wp-content\/uploads\/sites\/6\/2024\/12\/Imagem-do-WhatsApp-de-2024-11-29-as-13.32.54_fcb05e52-Heloisa-Trippe-768x785.jpg 768w, https:\/\/rotasturisticas.jundiai.sp.gov.br\/centrohistorico\/wp-content\/uploads\/sites\/6\/2024\/12\/Imagem-do-WhatsApp-de-2024-11-29-as-13.32.54_fcb05e52-Heloisa-Trippe.jpg 1252w\" sizes=\"auto, (max-width: 929px) 100vw, 929px\" \/><\/figure>\n\n\n\n<figure class=\"wp-block-image size-large\"><img loading=\"lazy\" decoding=\"async\" width=\"803\" height=\"950\" data-id=\"2228\" src=\"https:\/\/rotasturisticas.jundiai.sp.gov.br\/centrohistorico\/wp-content\/uploads\/sites\/6\/2024\/12\/Imagem-do-WhatsApp-de-2024-11-02-as-11.52.10_2424d655-Heloisa-Trippe-803x950.jpg\" alt=\"\" class=\"wp-image-2228\" srcset=\"https:\/\/rotasturisticas.jundiai.sp.gov.br\/centrohistorico\/wp-content\/uploads\/sites\/6\/2024\/12\/Imagem-do-WhatsApp-de-2024-11-02-as-11.52.10_2424d655-Heloisa-Trippe-803x950.jpg 803w, https:\/\/rotasturisticas.jundiai.sp.gov.br\/centrohistorico\/wp-content\/uploads\/sites\/6\/2024\/12\/Imagem-do-WhatsApp-de-2024-11-02-as-11.52.10_2424d655-Heloisa-Trippe-768x908.jpg 768w, https:\/\/rotasturisticas.jundiai.sp.gov.br\/centrohistorico\/wp-content\/uploads\/sites\/6\/2024\/12\/Imagem-do-WhatsApp-de-2024-11-02-as-11.52.10_2424d655-Heloisa-Trippe.jpg 1280w\" sizes=\"auto, (max-width: 803px) 100vw, 803px\" \/><\/figure>\n\n\n\n<figure class=\"wp-block-image size-large\"><img loading=\"lazy\" decoding=\"async\" width=\"1267\" height=\"950\" data-id=\"2222\" src=\"https:\/\/rotasturisticas.jundiai.sp.gov.br\/centrohistorico\/wp-content\/uploads\/sites\/6\/2024\/12\/Imagem-do-WhatsApp-de-2024-11-29-as-13.32.07_87aa22e4-Heloisa-Trippe-1267x950.jpg\" alt=\"\" class=\"wp-image-2222\" srcset=\"https:\/\/rotasturisticas.jundiai.sp.gov.br\/centrohistorico\/wp-content\/uploads\/sites\/6\/2024\/12\/Imagem-do-WhatsApp-de-2024-11-29-as-13.32.07_87aa22e4-Heloisa-Trippe-1267x950.jpg 1267w, https:\/\/rotasturisticas.jundiai.sp.gov.br\/centrohistorico\/wp-content\/uploads\/sites\/6\/2024\/12\/Imagem-do-WhatsApp-de-2024-11-29-as-13.32.07_87aa22e4-Heloisa-Trippe-300x225.jpg 300w, https:\/\/rotasturisticas.jundiai.sp.gov.br\/centrohistorico\/wp-content\/uploads\/sites\/6\/2024\/12\/Imagem-do-WhatsApp-de-2024-11-29-as-13.32.07_87aa22e4-Heloisa-Trippe-768x576.jpg 768w, https:\/\/rotasturisticas.jundiai.sp.gov.br\/centrohistorico\/wp-content\/uploads\/sites\/6\/2024\/12\/Imagem-do-WhatsApp-de-2024-11-29-as-13.32.07_87aa22e4-Heloisa-Trippe.jpg 1280w\" sizes=\"auto, (max-width: 1267px) 100vw, 1267px\" \/><\/figure>\n<\/figure>\n","protected":false},"excerpt":{"rendered":"<p>O Ves\u00favio, desde 1987, \u00e9 pioneiro na cidade no quesito rod\u00edzio de pizzas \u00e0 forno a lenha e com diversos acompanhamentos. Outro fator de extrema relev\u00e2ncia \u00e9 o churrasco t\u00edpico ga\u00facho, servido em sistema self-service. O Ves\u00favio \u00e9 tradi\u00e7\u00e3o na cidade de Jundia\u00ed, com uma hist\u00f3ria repleta de conquistas e fazendo parte da hist\u00f3ria dos [&hellip;]<\/p>\n","protected":false},"author":22,"featured_media":0,"parent":406,"menu_order":0,"comment_status":"closed","ping_status":"closed","template":"page-local.php","meta":{"footnotes":""},"class_list":["post-2219","page","type-page","status-publish","hentry"],"_links":{"self":[{"href":"https:\/\/rotasturisticas.jundiai.sp.gov.br\/centrohistorico\/wp-json\/wp\/v2\/pages\/2219","targetHints":{"allow":["GET"]}}],"collection":[{"href":"https:\/\/rotasturisticas.jundiai.sp.gov.br\/centrohistorico\/wp-json\/wp\/v2\/pages"}],"about":[{"href":"https:\/\/rotasturisticas.jundiai.sp.gov.br\/centrohistorico\/wp-json\/wp\/v2\/types\/page"}],"author":[{"embeddable":true,"href":"https:\/\/rotasturisticas.jundiai.sp.gov.br\/centrohistorico\/wp-json\/wp\/v2\/users\/22"}],"replies":[{"embeddable":true,"href":"https:\/\/rotasturisticas.jundiai.sp.gov.br\/centrohistorico\/wp-json\/wp\/v2\/comments?post=2219"}],"version-history":[{"count":2,"href":"https:\/\/rotasturisticas.jundiai.sp.gov.br\/centrohistorico\/wp-json\/wp\/v2\/pages\/2219\/revisions"}],"predecessor-version":[{"id":2230,"href":"https:\/\/rotasturisticas.jundiai.sp.gov.br\/centrohistorico\/wp-json\/wp\/v2\/pages\/2219\/revisions\/2230"}],"up":[{"embeddable":true,"href":"https:\/\/rotasturisticas.jundiai.sp.gov.br\/centrohistorico\/wp-json\/wp\/v2\/pages\/406"}],"wp:attachment":[{"href":"https:\/\/rotasturisticas.jundiai.sp.gov.br\/centrohistorico\/wp-json\/wp\/v2\/media?parent=2219"}],"curies":[{"name":"wp","href":"https:\/\/api.w.org\/{rel}","templated":true}]}}