{"id":220,"date":"2018-07-04T12:08:07","date_gmt":"2018-07-04T15:08:07","guid":{"rendered":"http:\/\/rotasturisticas.jundiai.sp.gov.br\/centrohistorico\/?page_id=220"},"modified":"2024-08-21T10:31:33","modified_gmt":"2024-08-21T13:31:33","slug":"gremio-recreativo-da-companhia-paulista","status":"publish","type":"page","link":"https:\/\/rotasturisticas.jundiai.sp.gov.br\/centrohistorico\/o-que-visitar\/gremio-recreativo-da-companhia-paulista\/","title":{"rendered":"Gr\u00eamio Recreativo da Companhia Paulista"},"content":{"rendered":"\n<p>Fundado em 1900 por empregados da Companhia Paulista de Estradas de Ferro, o pr\u00e9dio central \u00e9 uma refer\u00eancia moderna de cultura, lazer e esporte, depois tamb\u00e9m refor\u00e7ada com um clube de campo na \u00e1rea rural.&nbsp; Aberto com o tempo aos demais moradores, o clube foi vizinho do antigo Cine Ideal e da antiga Caixa dos Empregados da Companhia Paulista e forma um dos legados da ferrovia na cidade como os primeiros times de futebol, bandas de m\u00fasica e gabinetes de leitura.<\/p>\n\n\n\n<p>(Pesquisa e Texto: Jos\u00e9 Arnaldo de Oliveira)<\/p>\n\n\n\n<figure class=\"wp-block-gallery has-nested-images columns-default is-cropped wp-block-gallery-1 is-layout-flex wp-block-gallery-is-layout-flex\">\n<figure class=\"wp-block-image size-large\"><img loading=\"lazy\" decoding=\"async\" width=\"1015\" height=\"769\" data-id=\"1974\" src=\"https:\/\/rotasturisticas.jundiai.sp.gov.br\/centrohistorico\/wp-content\/uploads\/sites\/6\/2024\/08\/gremio-cp.png\" alt=\"\" class=\"wp-image-1974\" srcset=\"https:\/\/rotasturisticas.jundiai.sp.gov.br\/centrohistorico\/wp-content\/uploads\/sites\/6\/2024\/08\/gremio-cp.png 1015w, https:\/\/rotasturisticas.jundiai.sp.gov.br\/centrohistorico\/wp-content\/uploads\/sites\/6\/2024\/08\/gremio-cp-768x582.png 768w\" sizes=\"auto, (max-width: 1015px) 100vw, 1015px\" \/><\/figure>\n<\/figure>\n","protected":false},"excerpt":{"rendered":"<p>Fundado em 1900 por empregados da Companhia Paulista de Estradas de Ferro, o pr\u00e9dio central \u00e9 uma refer\u00eancia moderna de cultura, lazer e esporte, depois tamb\u00e9m refor\u00e7ada com um clube de campo na \u00e1rea rural.&nbsp; Aberto com o tempo aos demais moradores, o clube foi vizinho do antigo Cine Ideal e da antiga Caixa dos [&hellip;]<\/p>\n","protected":false},"author":11,"featured_media":0,"parent":14,"menu_order":0,"comment_status":"closed","ping_status":"closed","template":"page-local.php","meta":{"footnotes":""},"class_list":["post-220","page","type-page","status-publish","hentry"],"_links":{"self":[{"href":"https:\/\/rotasturisticas.jundiai.sp.gov.br\/centrohistorico\/wp-json\/wp\/v2\/pages\/220","targetHints":{"allow":["GET"]}}],"collection":[{"href":"https:\/\/rotasturisticas.jundiai.sp.gov.br\/centrohistorico\/wp-json\/wp\/v2\/pages"}],"about":[{"href":"https:\/\/rotasturisticas.jundiai.sp.gov.br\/centrohistorico\/wp-json\/wp\/v2\/types\/page"}],"author":[{"embeddable":true,"href":"https:\/\/rotasturisticas.jundiai.sp.gov.br\/centrohistorico\/wp-json\/wp\/v2\/users\/11"}],"replies":[{"embeddable":true,"href":"https:\/\/rotasturisticas.jundiai.sp.gov.br\/centrohistorico\/wp-json\/wp\/v2\/comments?post=220"}],"version-history":[{"count":5,"href":"https:\/\/rotasturisticas.jundiai.sp.gov.br\/centrohistorico\/wp-json\/wp\/v2\/pages\/220\/revisions"}],"predecessor-version":[{"id":1975,"href":"https:\/\/rotasturisticas.jundiai.sp.gov.br\/centrohistorico\/wp-json\/wp\/v2\/pages\/220\/revisions\/1975"}],"up":[{"embeddable":true,"href":"https:\/\/rotasturisticas.jundiai.sp.gov.br\/centrohistorico\/wp-json\/wp\/v2\/pages\/14"}],"wp:attachment":[{"href":"https:\/\/rotasturisticas.jundiai.sp.gov.br\/centrohistorico\/wp-json\/wp\/v2\/media?parent=220"}],"curies":[{"name":"wp","href":"https:\/\/api.w.org\/{rel}","templated":true}]}}