{"id":218,"date":"2018-07-04T12:05:15","date_gmt":"2018-07-04T15:05:15","guid":{"rendered":"http:\/\/rotasturisticas.jundiai.sp.gov.br\/centrohistorico\/?page_id=218"},"modified":"2024-09-05T17:41:04","modified_gmt":"2024-09-05T20:41:04","slug":"rua-treze-de-maio","status":"publish","type":"page","link":"https:\/\/rotasturisticas.jundiai.sp.gov.br\/centrohistorico\/o-que-visitar\/rua-treze-de-maio\/","title":{"rendered":"Rua Treze de Maio"},"content":{"rendered":"\n<p>O trajeto levemente curvo, com in\u00edcio e fim no trecho inicial da antiga Estrada de Pirapora, chama a aten\u00e7\u00e3o para sua origem como acesso \u00e0 lend\u00e1ria Capela do Pai Manoel, ainda bastante presente como refer\u00eancia de mem\u00f3ria popular. Apresenta uma escultura do artista Sarro na fachada do ateli\u00ea do artista Elvio Santiago e, nas extremidades, a pra\u00e7a Bom Jesus no final da Bela Vista e as mem\u00f3rias como da Barbearia do Cu\u00edca na outra ponta voltada ao centro.<\/p>\n\n\n\n<p>(Pesquisa e Texto: Jos\u00e9 Arnaldo de Oliveira)<\/p>\n","protected":false},"excerpt":{"rendered":"<p>O trajeto levemente curvo, com in\u00edcio e fim no trecho inicial da antiga Estrada de Pirapora, chama a aten\u00e7\u00e3o para sua origem como acesso \u00e0 lend\u00e1ria Capela do Pai Manoel, ainda bastante presente como refer\u00eancia de mem\u00f3ria popular. Apresenta uma escultura do artista Sarro na fachada do ateli\u00ea do artista Elvio Santiago e, nas extremidades, [&hellip;]<\/p>\n","protected":false},"author":11,"featured_media":2109,"parent":14,"menu_order":0,"comment_status":"closed","ping_status":"closed","template":"page-local.php","meta":{"footnotes":""},"class_list":["post-218","page","type-page","status-publish","has-post-thumbnail","hentry"],"_links":{"self":[{"href":"https:\/\/rotasturisticas.jundiai.sp.gov.br\/centrohistorico\/wp-json\/wp\/v2\/pages\/218","targetHints":{"allow":["GET"]}}],"collection":[{"href":"https:\/\/rotasturisticas.jundiai.sp.gov.br\/centrohistorico\/wp-json\/wp\/v2\/pages"}],"about":[{"href":"https:\/\/rotasturisticas.jundiai.sp.gov.br\/centrohistorico\/wp-json\/wp\/v2\/types\/page"}],"author":[{"embeddable":true,"href":"https:\/\/rotasturisticas.jundiai.sp.gov.br\/centrohistorico\/wp-json\/wp\/v2\/users\/11"}],"replies":[{"embeddable":true,"href":"https:\/\/rotasturisticas.jundiai.sp.gov.br\/centrohistorico\/wp-json\/wp\/v2\/comments?post=218"}],"version-history":[{"count":2,"href":"https:\/\/rotasturisticas.jundiai.sp.gov.br\/centrohistorico\/wp-json\/wp\/v2\/pages\/218\/revisions"}],"predecessor-version":[{"id":1839,"href":"https:\/\/rotasturisticas.jundiai.sp.gov.br\/centrohistorico\/wp-json\/wp\/v2\/pages\/218\/revisions\/1839"}],"up":[{"embeddable":true,"href":"https:\/\/rotasturisticas.jundiai.sp.gov.br\/centrohistorico\/wp-json\/wp\/v2\/pages\/14"}],"wp:featuredmedia":[{"embeddable":true,"href":"https:\/\/rotasturisticas.jundiai.sp.gov.br\/centrohistorico\/wp-json\/wp\/v2\/media\/2109"}],"wp:attachment":[{"href":"https:\/\/rotasturisticas.jundiai.sp.gov.br\/centrohistorico\/wp-json\/wp\/v2\/media?parent=218"}],"curies":[{"name":"wp","href":"https:\/\/api.w.org\/{rel}","templated":true}]}}