{"id":192,"date":"2018-07-04T09:42:20","date_gmt":"2018-07-04T12:42:20","guid":{"rendered":"http:\/\/rotasturisticas.jundiai.sp.gov.br\/centrohistorico\/?page_id=192"},"modified":"2024-08-22T17:08:30","modified_gmt":"2024-08-22T20:08:30","slug":"largo-dos-andradas","status":"publish","type":"page","link":"https:\/\/rotasturisticas.jundiai.sp.gov.br\/centrohistorico\/o-que-visitar\/largo-dos-andradas\/","title":{"rendered":"Largo dos Andradas"},"content":{"rendered":"\n<p>A antiga \u00e1rea de casinhas e bosques virou pra\u00e7a da d\u00e9cada de 1940, com abertura da rua Nova (atual rua Senador Fonseca) e um dos primeiros postos de sa\u00fade p\u00fablica do Estado de S\u00e3o Paulo e que depois abrigou ainda a biblioteca e centro de mem\u00f3ria antes do atual posto de pol\u00edcia. \u00c9 um dos pontos de maior diversidade da regi\u00e3o central com cultura, servi\u00e7os, gastronomia, escolas e com\u00e9rcio, al\u00e9m das \u00e1rvores que marcam sua paisagem. Era parte da \u00e1rea \u201crural\u201d do pequeno centro do s\u00e9culo 17.<\/p>\n\n\n\n<p>(Pesquisa e Texto: Jos\u00e9 Arnaldo de Oliveira)<\/p>\n\n\n\n<figure class=\"wp-block-gallery has-nested-images columns-default is-cropped wp-block-gallery-1 is-layout-flex wp-block-gallery-is-layout-flex\">\n<figure class=\"wp-block-image size-large\"><img loading=\"lazy\" decoding=\"async\" width=\"1280\" height=\"792\" data-id=\"2043\" src=\"https:\/\/rotasturisticas.jundiai.sp.gov.br\/centrohistorico\/wp-content\/uploads\/sites\/6\/2024\/08\/praca-dos-Andrandas.jpg\" alt=\"\" class=\"wp-image-2043\" srcset=\"https:\/\/rotasturisticas.jundiai.sp.gov.br\/centrohistorico\/wp-content\/uploads\/sites\/6\/2024\/08\/praca-dos-Andrandas.jpg 1280w, https:\/\/rotasturisticas.jundiai.sp.gov.br\/centrohistorico\/wp-content\/uploads\/sites\/6\/2024\/08\/praca-dos-Andrandas-768x475.jpg 768w\" sizes=\"auto, (max-width: 1280px) 100vw, 1280px\" \/><\/figure>\n<\/figure>\n","protected":false},"excerpt":{"rendered":"<p>A antiga \u00e1rea de casinhas e bosques virou pra\u00e7a da d\u00e9cada de 1940, com abertura da rua Nova (atual rua Senador Fonseca) e um dos primeiros postos de sa\u00fade p\u00fablica do Estado de S\u00e3o Paulo e que depois abrigou ainda a biblioteca e centro de mem\u00f3ria antes do atual posto de pol\u00edcia. \u00c9 um dos [&hellip;]<\/p>\n","protected":false},"author":11,"featured_media":0,"parent":14,"menu_order":0,"comment_status":"closed","ping_status":"closed","template":"page-local.php","meta":{"footnotes":""},"class_list":["post-192","page","type-page","status-publish","hentry"],"_links":{"self":[{"href":"https:\/\/rotasturisticas.jundiai.sp.gov.br\/centrohistorico\/wp-json\/wp\/v2\/pages\/192","targetHints":{"allow":["GET"]}}],"collection":[{"href":"https:\/\/rotasturisticas.jundiai.sp.gov.br\/centrohistorico\/wp-json\/wp\/v2\/pages"}],"about":[{"href":"https:\/\/rotasturisticas.jundiai.sp.gov.br\/centrohistorico\/wp-json\/wp\/v2\/types\/page"}],"author":[{"embeddable":true,"href":"https:\/\/rotasturisticas.jundiai.sp.gov.br\/centrohistorico\/wp-json\/wp\/v2\/users\/11"}],"replies":[{"embeddable":true,"href":"https:\/\/rotasturisticas.jundiai.sp.gov.br\/centrohistorico\/wp-json\/wp\/v2\/comments?post=192"}],"version-history":[{"count":3,"href":"https:\/\/rotasturisticas.jundiai.sp.gov.br\/centrohistorico\/wp-json\/wp\/v2\/pages\/192\/revisions"}],"predecessor-version":[{"id":2044,"href":"https:\/\/rotasturisticas.jundiai.sp.gov.br\/centrohistorico\/wp-json\/wp\/v2\/pages\/192\/revisions\/2044"}],"up":[{"embeddable":true,"href":"https:\/\/rotasturisticas.jundiai.sp.gov.br\/centrohistorico\/wp-json\/wp\/v2\/pages\/14"}],"wp:attachment":[{"href":"https:\/\/rotasturisticas.jundiai.sp.gov.br\/centrohistorico\/wp-json\/wp\/v2\/media?parent=192"}],"curies":[{"name":"wp","href":"https:\/\/api.w.org\/{rel}","templated":true}]}}