{"id":190,"date":"2018-07-04T09:41:50","date_gmt":"2018-07-04T12:41:50","guid":{"rendered":"http:\/\/rotasturisticas.jundiai.sp.gov.br\/centrohistorico\/?page_id=190"},"modified":"2024-09-05T17:41:46","modified_gmt":"2024-09-05T20:41:46","slug":"vila-dr-torres-neves","status":"publish","type":"page","link":"https:\/\/rotasturisticas.jundiai.sp.gov.br\/centrohistorico\/o-que-visitar\/vila-dr-torres-neves\/","title":{"rendered":"Vila Dr. Torres Neves"},"content":{"rendered":"\n<p>O elegante bloco de resid\u00eancias das ruas Visconde de Mau\u00e1 e Fran\u00e7a, entre a rua Benjamin Constant e a avenida Henrique Andr\u00e9s, \u00e9 tamb\u00e9m conhecido como Vila Fepasa e teve sua origem em altas casas de tijolos constru\u00eddas para ferrovi\u00e1rios da Companhia Paulista no in\u00edcio do s\u00e9culo 20, em \u00e1rea pr\u00f3xima ao Largo do Cemit\u00e9rio. O conjunto, mesmo modificado, oferece uma perspectiva dessa fase da expans\u00e3o urbana na regi\u00e3o central.<\/p>\n\n\n\n<p>(Pesquisa e Texto: Jos\u00e9 Arnaldo de Oliveira)<\/p>\n","protected":false},"excerpt":{"rendered":"<p>O elegante bloco de resid\u00eancias das ruas Visconde de Mau\u00e1 e Fran\u00e7a, entre a rua Benjamin Constant e a avenida Henrique Andr\u00e9s, \u00e9 tamb\u00e9m conhecido como Vila Fepasa e teve sua origem em altas casas de tijolos constru\u00eddas para ferrovi\u00e1rios da Companhia Paulista no in\u00edcio do s\u00e9culo 20, em \u00e1rea pr\u00f3xima ao Largo do Cemit\u00e9rio. [&hellip;]<\/p>\n","protected":false},"author":11,"featured_media":2109,"parent":14,"menu_order":0,"comment_status":"closed","ping_status":"closed","template":"page-local.php","meta":{"footnotes":""},"class_list":["post-190","page","type-page","status-publish","has-post-thumbnail","hentry"],"_links":{"self":[{"href":"https:\/\/rotasturisticas.jundiai.sp.gov.br\/centrohistorico\/wp-json\/wp\/v2\/pages\/190","targetHints":{"allow":["GET"]}}],"collection":[{"href":"https:\/\/rotasturisticas.jundiai.sp.gov.br\/centrohistorico\/wp-json\/wp\/v2\/pages"}],"about":[{"href":"https:\/\/rotasturisticas.jundiai.sp.gov.br\/centrohistorico\/wp-json\/wp\/v2\/types\/page"}],"author":[{"embeddable":true,"href":"https:\/\/rotasturisticas.jundiai.sp.gov.br\/centrohistorico\/wp-json\/wp\/v2\/users\/11"}],"replies":[{"embeddable":true,"href":"https:\/\/rotasturisticas.jundiai.sp.gov.br\/centrohistorico\/wp-json\/wp\/v2\/comments?post=190"}],"version-history":[{"count":3,"href":"https:\/\/rotasturisticas.jundiai.sp.gov.br\/centrohistorico\/wp-json\/wp\/v2\/pages\/190\/revisions"}],"predecessor-version":[{"id":1368,"href":"https:\/\/rotasturisticas.jundiai.sp.gov.br\/centrohistorico\/wp-json\/wp\/v2\/pages\/190\/revisions\/1368"}],"up":[{"embeddable":true,"href":"https:\/\/rotasturisticas.jundiai.sp.gov.br\/centrohistorico\/wp-json\/wp\/v2\/pages\/14"}],"wp:featuredmedia":[{"embeddable":true,"href":"https:\/\/rotasturisticas.jundiai.sp.gov.br\/centrohistorico\/wp-json\/wp\/v2\/media\/2109"}],"wp:attachment":[{"href":"https:\/\/rotasturisticas.jundiai.sp.gov.br\/centrohistorico\/wp-json\/wp\/v2\/media?parent=190"}],"curies":[{"name":"wp","href":"https:\/\/api.w.org\/{rel}","templated":true}]}}