{"id":188,"date":"2018-07-04T09:41:17","date_gmt":"2018-07-04T12:41:17","guid":{"rendered":"http:\/\/rotasturisticas.jundiai.sp.gov.br\/centrohistorico\/?page_id=188"},"modified":"2024-08-22T10:39:38","modified_gmt":"2024-08-22T13:39:38","slug":"antiga-loja-nova","status":"publish","type":"page","link":"https:\/\/rotasturisticas.jundiai.sp.gov.br\/centrohistorico\/o-que-visitar\/antiga-loja-nova\/","title":{"rendered":"Antiga Loja Nova"},"content":{"rendered":"\n<p>Um dos im\u00f3veis mais impressionantes do Largo da Matriz, evocando uma vers\u00e3o local da Belle \u00c9poque na primeira metade do s\u00e9culo 20, o pr\u00e9dio de linhas sinuosas e janelas de vidro colorido da fam\u00edlia Kalaf ficou conhecido como Loja Nova, que trazia ao setor mais sofisticado o impacto das roupas feitas sobre a antiga costura personalizada. A hist\u00f3ria ligada \u00e0 moda continuou com Rosana Joias, que marca com a \u201cneve artificial\u201d a \u00e9poca natalina.<\/p>\n\n\n\n<p>(Pesquisa e Texto: Jos\u00e9 Arnaldo de Oliveira)<\/p>\n\n\n\n<figure class=\"wp-block-gallery aligncenter has-nested-images columns-default is-cropped wp-block-gallery-1 is-layout-flex wp-block-gallery-is-layout-flex\">\n<figure class=\"wp-block-image size-large\"><img loading=\"lazy\" decoding=\"async\" width=\"646\" height=\"950\" data-id=\"1843\" src=\"https:\/\/rotasturisticas.jundiai.sp.gov.br\/centrohistorico\/wp-content\/uploads\/sites\/6\/2024\/08\/Antiga-loja-nova_kalaf-credito-Professor-Mauricio-Ferreira-646x950.jpg\" alt=\"\" class=\"wp-image-1843\" srcset=\"https:\/\/rotasturisticas.jundiai.sp.gov.br\/centrohistorico\/wp-content\/uploads\/sites\/6\/2024\/08\/Antiga-loja-nova_kalaf-credito-Professor-Mauricio-Ferreira-646x950.jpg 646w, https:\/\/rotasturisticas.jundiai.sp.gov.br\/centrohistorico\/wp-content\/uploads\/sites\/6\/2024\/08\/Antiga-loja-nova_kalaf-credito-Professor-Mauricio-Ferreira.jpg 653w\" sizes=\"auto, (max-width: 646px) 100vw, 646px\" \/><figcaption class=\"wp-element-caption\">Acervo Professor Maur\u00edcio Ferreira<\/figcaption><\/figure>\n\n\n\n<figure class=\"wp-block-image size-large\"><img loading=\"lazy\" decoding=\"async\" width=\"618\" height=\"950\" data-id=\"2008\" src=\"https:\/\/rotasturisticas.jundiai.sp.gov.br\/centrohistorico\/wp-content\/uploads\/sites\/6\/2024\/08\/loja-nova-ans-30-arquivo-eduardo-kalaf_Jose-Damasco_Prof-Mauricio-618x950.jpg\" alt=\"\" class=\"wp-image-2008\" srcset=\"https:\/\/rotasturisticas.jundiai.sp.gov.br\/centrohistorico\/wp-content\/uploads\/sites\/6\/2024\/08\/loja-nova-ans-30-arquivo-eduardo-kalaf_Jose-Damasco_Prof-Mauricio-618x950.jpg 618w, https:\/\/rotasturisticas.jundiai.sp.gov.br\/centrohistorico\/wp-content\/uploads\/sites\/6\/2024\/08\/loja-nova-ans-30-arquivo-eduardo-kalaf_Jose-Damasco_Prof-Mauricio.jpg 705w\" sizes=\"auto, (max-width: 618px) 100vw, 618px\" \/><\/figure>\n<\/figure>\n","protected":false},"excerpt":{"rendered":"<p>Um dos im\u00f3veis mais impressionantes do Largo da Matriz, evocando uma vers\u00e3o local da Belle \u00c9poque na primeira metade do s\u00e9culo 20, o pr\u00e9dio de linhas sinuosas e janelas de vidro colorido da fam\u00edlia Kalaf ficou conhecido como Loja Nova, que trazia ao setor mais sofisticado o impacto das roupas feitas sobre a antiga costura [&hellip;]<\/p>\n","protected":false},"author":11,"featured_media":0,"parent":14,"menu_order":0,"comment_status":"closed","ping_status":"closed","template":"page-local.php","meta":{"footnotes":""},"class_list":["post-188","page","type-page","status-publish","hentry"],"_links":{"self":[{"href":"https:\/\/rotasturisticas.jundiai.sp.gov.br\/centrohistorico\/wp-json\/wp\/v2\/pages\/188","targetHints":{"allow":["GET"]}}],"collection":[{"href":"https:\/\/rotasturisticas.jundiai.sp.gov.br\/centrohistorico\/wp-json\/wp\/v2\/pages"}],"about":[{"href":"https:\/\/rotasturisticas.jundiai.sp.gov.br\/centrohistorico\/wp-json\/wp\/v2\/types\/page"}],"author":[{"embeddable":true,"href":"https:\/\/rotasturisticas.jundiai.sp.gov.br\/centrohistorico\/wp-json\/wp\/v2\/users\/11"}],"replies":[{"embeddable":true,"href":"https:\/\/rotasturisticas.jundiai.sp.gov.br\/centrohistorico\/wp-json\/wp\/v2\/comments?post=188"}],"version-history":[{"count":6,"href":"https:\/\/rotasturisticas.jundiai.sp.gov.br\/centrohistorico\/wp-json\/wp\/v2\/pages\/188\/revisions"}],"predecessor-version":[{"id":2009,"href":"https:\/\/rotasturisticas.jundiai.sp.gov.br\/centrohistorico\/wp-json\/wp\/v2\/pages\/188\/revisions\/2009"}],"up":[{"embeddable":true,"href":"https:\/\/rotasturisticas.jundiai.sp.gov.br\/centrohistorico\/wp-json\/wp\/v2\/pages\/14"}],"wp:attachment":[{"href":"https:\/\/rotasturisticas.jundiai.sp.gov.br\/centrohistorico\/wp-json\/wp\/v2\/media?parent=188"}],"curies":[{"name":"wp","href":"https:\/\/api.w.org\/{rel}","templated":true}]}}