{"id":184,"date":"2018-07-04T09:40:16","date_gmt":"2018-07-04T12:40:16","guid":{"rendered":"http:\/\/rotasturisticas.jundiai.sp.gov.br\/centrohistorico\/?page_id=184"},"modified":"2024-08-14T16:06:08","modified_gmt":"2024-08-14T19:06:08","slug":"bela-vista","status":"publish","type":"page","link":"https:\/\/rotasturisticas.jundiai.sp.gov.br\/centrohistorico\/o-que-visitar\/bela-vista\/","title":{"rendered":"Bela Vista"},"content":{"rendered":"\n<p>O charmoso morro secund\u00e1rio do centro, entre os vales do c\u00f3rrego do Mato e da antiga v\u00e1rzea do rio Guapeva, foi ocupado por moradores com os funcion\u00e1rios da Vigorelli do Brasil, lend\u00e1ria f\u00e1brica de m\u00e1quinas de costura inaugurada ali em 1954 pela fam\u00edlia Franco e que funcionou at\u00e9 1984. Antes disso, a mem\u00f3ria popular aponta tamb\u00e9m que parte do morro foi usada para aterrar boa parte da v\u00e1rzea do Guapeva e seus campos de futebol amador para formar o atual bairro do Vianelo.<\/p>\n\n\n\n<p>(Pesquisa e Texto: Jos\u00e9 Arnaldo de Oliveira)<\/p>\n\n\n<div class=\"wp-block-image\">\n<figure class=\"aligncenter size-large\"><img loading=\"lazy\" decoding=\"async\" width=\"704\" height=\"950\" src=\"https:\/\/rotasturisticas.jundiai.sp.gov.br\/centrohistorico\/wp-content\/uploads\/sites\/6\/2024\/08\/Bela-vista-viigorelli-credito-Professor-Mauricio-Ferreira-704x950.jpg\" alt=\"\" class=\"wp-image-1863\" srcset=\"https:\/\/rotasturisticas.jundiai.sp.gov.br\/centrohistorico\/wp-content\/uploads\/sites\/6\/2024\/08\/Bela-vista-viigorelli-credito-Professor-Mauricio-Ferreira-704x950.jpg 704w, https:\/\/rotasturisticas.jundiai.sp.gov.br\/centrohistorico\/wp-content\/uploads\/sites\/6\/2024\/08\/Bela-vista-viigorelli-credito-Professor-Mauricio-Ferreira-768x1037.jpg 768w, https:\/\/rotasturisticas.jundiai.sp.gov.br\/centrohistorico\/wp-content\/uploads\/sites\/6\/2024\/08\/Bela-vista-viigorelli-credito-Professor-Mauricio-Ferreira-1138x1536.jpg 1138w, https:\/\/rotasturisticas.jundiai.sp.gov.br\/centrohistorico\/wp-content\/uploads\/sites\/6\/2024\/08\/Bela-vista-viigorelli-credito-Professor-Mauricio-Ferreira.jpg 1280w\" sizes=\"auto, (max-width: 704px) 100vw, 704px\" \/><figcaption class=\"wp-element-caption\">Vista a\u00e9rea da Antiga F\u00e1brica Vigorelli &#8211; Cr\u00e9dito: Professor Maur\u00edcio Ferreira<\/figcaption><\/figure>\n<\/div>","protected":false},"excerpt":{"rendered":"<p>O charmoso morro secund\u00e1rio do centro, entre os vales do c\u00f3rrego do Mato e da antiga v\u00e1rzea do rio Guapeva, foi ocupado por moradores com os funcion\u00e1rios da Vigorelli do Brasil, lend\u00e1ria f\u00e1brica de m\u00e1quinas de costura inaugurada ali em 1954 pela fam\u00edlia Franco e que funcionou at\u00e9 1984. Antes disso, a mem\u00f3ria popular aponta [&hellip;]<\/p>\n","protected":false},"author":11,"featured_media":0,"parent":14,"menu_order":0,"comment_status":"closed","ping_status":"closed","template":"page-local.php","meta":{"footnotes":""},"class_list":["post-184","page","type-page","status-publish","hentry"],"_links":{"self":[{"href":"https:\/\/rotasturisticas.jundiai.sp.gov.br\/centrohistorico\/wp-json\/wp\/v2\/pages\/184","targetHints":{"allow":["GET"]}}],"collection":[{"href":"https:\/\/rotasturisticas.jundiai.sp.gov.br\/centrohistorico\/wp-json\/wp\/v2\/pages"}],"about":[{"href":"https:\/\/rotasturisticas.jundiai.sp.gov.br\/centrohistorico\/wp-json\/wp\/v2\/types\/page"}],"author":[{"embeddable":true,"href":"https:\/\/rotasturisticas.jundiai.sp.gov.br\/centrohistorico\/wp-json\/wp\/v2\/users\/11"}],"replies":[{"embeddable":true,"href":"https:\/\/rotasturisticas.jundiai.sp.gov.br\/centrohistorico\/wp-json\/wp\/v2\/comments?post=184"}],"version-history":[{"count":5,"href":"https:\/\/rotasturisticas.jundiai.sp.gov.br\/centrohistorico\/wp-json\/wp\/v2\/pages\/184\/revisions"}],"predecessor-version":[{"id":1865,"href":"https:\/\/rotasturisticas.jundiai.sp.gov.br\/centrohistorico\/wp-json\/wp\/v2\/pages\/184\/revisions\/1865"}],"up":[{"embeddable":true,"href":"https:\/\/rotasturisticas.jundiai.sp.gov.br\/centrohistorico\/wp-json\/wp\/v2\/pages\/14"}],"wp:attachment":[{"href":"https:\/\/rotasturisticas.jundiai.sp.gov.br\/centrohistorico\/wp-json\/wp\/v2\/media?parent=184"}],"curies":[{"name":"wp","href":"https:\/\/api.w.org\/{rel}","templated":true}]}}