{"id":173,"date":"2018-07-04T09:36:08","date_gmt":"2018-07-04T12:36:08","guid":{"rendered":"http:\/\/rotasturisticas.jundiai.sp.gov.br\/centrohistorico\/?page_id=173"},"modified":"2024-08-21T10:57:15","modified_gmt":"2024-08-21T13:57:15","slug":"hotel-rosario","status":"publish","type":"page","link":"https:\/\/rotasturisticas.jundiai.sp.gov.br\/centrohistorico\/o-que-visitar\/hotel-rosario\/","title":{"rendered":"Hotel Ros\u00e1rio"},"content":{"rendered":"\n<p>O pr\u00e9dio surgiu com a fun\u00e7\u00e3o de hotelaria desde a origem na d\u00e9cada de 1880, quando ficou conhecido popularmente como Hospedaria dos Imigrantes. Sua localiza\u00e7\u00e3o, na esquina da Travessa do Pelourinho (atual rua Engenheiro Monlevade) oposta \u00e0 colonial \u201cCasa do Sal\u201d demolida na d\u00e9cada de 1970, permite vislumbrar a \u00e9poca ainda anterior ao quartel militar um mergulho de visitantes no miolo da vida dos moradores e da cidade no s\u00e9culo 19.<\/p>\n\n\n\n<p>(Pesquisa e Texto: Jos\u00e9 Arnaldo de Oliveira)<\/p>\n\n\n\n<figure class=\"wp-block-image size-large\"><img loading=\"lazy\" decoding=\"async\" width=\"751\" height=\"950\" src=\"https:\/\/rotasturisticas.jundiai.sp.gov.br\/centrohistorico\/wp-content\/uploads\/sites\/6\/2024\/08\/Hotel-Rosario01-751x950.jpg\" alt=\"\" class=\"wp-image-1985\" srcset=\"https:\/\/rotasturisticas.jundiai.sp.gov.br\/centrohistorico\/wp-content\/uploads\/sites\/6\/2024\/08\/Hotel-Rosario01-751x950.jpg 751w, https:\/\/rotasturisticas.jundiai.sp.gov.br\/centrohistorico\/wp-content\/uploads\/sites\/6\/2024\/08\/Hotel-Rosario01-768x971.jpg 768w, https:\/\/rotasturisticas.jundiai.sp.gov.br\/centrohistorico\/wp-content\/uploads\/sites\/6\/2024\/08\/Hotel-Rosario01-1214x1536.jpg 1214w, https:\/\/rotasturisticas.jundiai.sp.gov.br\/centrohistorico\/wp-content\/uploads\/sites\/6\/2024\/08\/Hotel-Rosario01.jpg 1280w\" sizes=\"auto, (max-width: 751px) 100vw, 751px\" \/><figcaption class=\"wp-element-caption\">Processed with VSCO with m5 preset<\/figcaption><\/figure>\n","protected":false},"excerpt":{"rendered":"<p>O pr\u00e9dio surgiu com a fun\u00e7\u00e3o de hotelaria desde a origem na d\u00e9cada de 1880, quando ficou conhecido popularmente como Hospedaria dos Imigrantes. Sua localiza\u00e7\u00e3o, na esquina da Travessa do Pelourinho (atual rua Engenheiro Monlevade) oposta \u00e0 colonial \u201cCasa do Sal\u201d demolida na d\u00e9cada de 1970, permite vislumbrar a \u00e9poca ainda anterior ao quartel militar [&hellip;]<\/p>\n","protected":false},"author":11,"featured_media":0,"parent":14,"menu_order":0,"comment_status":"closed","ping_status":"closed","template":"page-local.php","meta":{"footnotes":""},"class_list":["post-173","page","type-page","status-publish","hentry"],"_links":{"self":[{"href":"https:\/\/rotasturisticas.jundiai.sp.gov.br\/centrohistorico\/wp-json\/wp\/v2\/pages\/173","targetHints":{"allow":["GET"]}}],"collection":[{"href":"https:\/\/rotasturisticas.jundiai.sp.gov.br\/centrohistorico\/wp-json\/wp\/v2\/pages"}],"about":[{"href":"https:\/\/rotasturisticas.jundiai.sp.gov.br\/centrohistorico\/wp-json\/wp\/v2\/types\/page"}],"author":[{"embeddable":true,"href":"https:\/\/rotasturisticas.jundiai.sp.gov.br\/centrohistorico\/wp-json\/wp\/v2\/users\/11"}],"replies":[{"embeddable":true,"href":"https:\/\/rotasturisticas.jundiai.sp.gov.br\/centrohistorico\/wp-json\/wp\/v2\/comments?post=173"}],"version-history":[{"count":4,"href":"https:\/\/rotasturisticas.jundiai.sp.gov.br\/centrohistorico\/wp-json\/wp\/v2\/pages\/173\/revisions"}],"predecessor-version":[{"id":1986,"href":"https:\/\/rotasturisticas.jundiai.sp.gov.br\/centrohistorico\/wp-json\/wp\/v2\/pages\/173\/revisions\/1986"}],"up":[{"embeddable":true,"href":"https:\/\/rotasturisticas.jundiai.sp.gov.br\/centrohistorico\/wp-json\/wp\/v2\/pages\/14"}],"wp:attachment":[{"href":"https:\/\/rotasturisticas.jundiai.sp.gov.br\/centrohistorico\/wp-json\/wp\/v2\/media?parent=173"}],"curies":[{"name":"wp","href":"https:\/\/api.w.org\/{rel}","templated":true}]}}