{"id":159,"date":"2018-07-04T09:30:57","date_gmt":"2018-07-04T12:30:57","guid":{"rendered":"http:\/\/rotasturisticas.jundiai.sp.gov.br\/centrohistorico\/?page_id=159"},"modified":"2024-08-22T17:33:27","modified_gmt":"2024-08-22T20:33:27","slug":"largo-sao-bento","status":"publish","type":"page","link":"https:\/\/rotasturisticas.jundiai.sp.gov.br\/centrohistorico\/o-que-visitar\/largo-sao-bento\/","title":{"rendered":"Largo S\u00e3o Bento"},"content":{"rendered":"\n<p>A pra\u00e7a situada entre o Mosteiro de S\u00e3o Bento e a rua Jorge Zolner, ainda com partes do piso em pedras de mosaico portugu\u00eas, ocupava no s\u00e9culo 17 uma \u00e1rea de cultivos fora das casas da cidade, com ind\u00edcios de uma hospedaria de monges apontados por Geraldo Tomanik e&nbsp; de sepultamentos ind\u00edgenas apontados por Francisco de Matheo. O local firmou-se como refer\u00eancia popular do s\u00e9culo 20, pela concentra\u00e7\u00e3o de antigas linhas de \u00f4nibus ou como ponto inicial para desfiles carnavalescos.<\/p>\n\n\n\n<p>(Pesquisa e Texto: Jos\u00e9 Arnaldo de Oliveira)<\/p>\n\n\n\n<figure class=\"wp-block-gallery has-nested-images columns-default is-cropped wp-block-gallery-1 is-layout-flex wp-block-gallery-is-layout-flex\"><\/figure>\n","protected":false},"excerpt":{"rendered":"<p>A pra\u00e7a situada entre o Mosteiro de S\u00e3o Bento e a rua Jorge Zolner, ainda com partes do piso em pedras de mosaico portugu\u00eas, ocupava no s\u00e9culo 17 uma \u00e1rea de cultivos fora das casas da cidade, com ind\u00edcios de uma hospedaria de monges apontados por Geraldo Tomanik e&nbsp; de sepultamentos ind\u00edgenas apontados por Francisco [&hellip;]<\/p>\n","protected":false},"author":11,"featured_media":0,"parent":14,"menu_order":0,"comment_status":"closed","ping_status":"closed","template":"page-local.php","meta":{"footnotes":""},"class_list":["post-159","page","type-page","status-publish","hentry"],"_links":{"self":[{"href":"https:\/\/rotasturisticas.jundiai.sp.gov.br\/centrohistorico\/wp-json\/wp\/v2\/pages\/159","targetHints":{"allow":["GET"]}}],"collection":[{"href":"https:\/\/rotasturisticas.jundiai.sp.gov.br\/centrohistorico\/wp-json\/wp\/v2\/pages"}],"about":[{"href":"https:\/\/rotasturisticas.jundiai.sp.gov.br\/centrohistorico\/wp-json\/wp\/v2\/types\/page"}],"author":[{"embeddable":true,"href":"https:\/\/rotasturisticas.jundiai.sp.gov.br\/centrohistorico\/wp-json\/wp\/v2\/users\/11"}],"replies":[{"embeddable":true,"href":"https:\/\/rotasturisticas.jundiai.sp.gov.br\/centrohistorico\/wp-json\/wp\/v2\/comments?post=159"}],"version-history":[{"count":4,"href":"https:\/\/rotasturisticas.jundiai.sp.gov.br\/centrohistorico\/wp-json\/wp\/v2\/pages\/159\/revisions"}],"predecessor-version":[{"id":2054,"href":"https:\/\/rotasturisticas.jundiai.sp.gov.br\/centrohistorico\/wp-json\/wp\/v2\/pages\/159\/revisions\/2054"}],"up":[{"embeddable":true,"href":"https:\/\/rotasturisticas.jundiai.sp.gov.br\/centrohistorico\/wp-json\/wp\/v2\/pages\/14"}],"wp:attachment":[{"href":"https:\/\/rotasturisticas.jundiai.sp.gov.br\/centrohistorico\/wp-json\/wp\/v2\/media?parent=159"}],"curies":[{"name":"wp","href":"https:\/\/api.w.org\/{rel}","templated":true}]}}