{"id":1581,"date":"2023-07-03T14:26:03","date_gmt":"2023-07-03T17:26:03","guid":{"rendered":"https:\/\/rotasturisticas.jundiai.sp.gov.br\/centrohistorico\/?page_id=1581"},"modified":"2024-08-21T11:37:38","modified_gmt":"2024-08-21T14:37:38","slug":"mercadao-vila-arens","status":"publish","type":"page","link":"https:\/\/rotasturisticas.jundiai.sp.gov.br\/centrohistorico\/o-que-visitar\/mercadao-vila-arens\/","title":{"rendered":"Mercad\u00e3o Vila Arens"},"content":{"rendered":"\n<p>O Mercad\u00e3o \u00e9 conhecido tradicionalmente pelo atendimento personalizado (bem familiar) e pela concentra\u00e7\u00e3o de pessoas aos finais de semana no famoso Pedro&#8217;s Bar, onde se pode ouvir m\u00fasica ao vivo e experimentar o delicioso bolinho de bacalhau.<\/p>\n\n\n\n<p>O Mercad\u00e3o Vila Arens \u00e9 um dos pontos de refer\u00eancia de Jundia\u00ed h\u00e1 muitos anos e tem hist\u00f3rias para contar. Inaugurado em 30 de novembro de 1957, com uma obra bastante arrojada para a \u00e9poca, reuniu v\u00e1rios agricultores de fam\u00edlias tradicionais da cidade, que ali vendiam sua produ\u00e7\u00e3o diretamente \u00e0 popula\u00e7\u00e3o. Algumas dessas fam\u00edlias permanecem at\u00e9 hoje nos disputados boxes do Mercad\u00e3o. S\u00e3o mais de 30 boxes de diferentes produtos e servi\u00e7os, que o Mercad\u00e3o Vila Arens oferece para a popula\u00e7\u00e3o de Jundia\u00ed e regi\u00e3o.<\/p>\n\n\n\n<figure class=\"wp-block-gallery has-nested-images columns-default is-cropped wp-block-gallery-1 is-layout-flex wp-block-gallery-is-layout-flex\">\n<figure class=\"wp-block-image size-large\"><img decoding=\"async\" data-id=\"25866\" src=\"https:\/\/turismo.jundiai.sp.gov.br\/wp-content\/uploads\/2023\/07\/DSC0087-Diego-Dias.jpg\" alt=\"\" class=\"wp-image-25866\" \/><\/figure>\n\n\n\n<figure class=\"wp-block-image size-large\"><img decoding=\"async\" data-id=\"25862\" src=\"https:\/\/turismo.jundiai.sp.gov.br\/wp-content\/uploads\/2023\/07\/DSC0120-Diego-Dias.jpg\" alt=\"\" class=\"wp-image-25862\" \/><\/figure>\n\n\n\n<figure class=\"wp-block-image size-large\"><img decoding=\"async\" data-id=\"25864\" src=\"https:\/\/turismo.jundiai.sp.gov.br\/wp-content\/uploads\/2023\/07\/DSC0159-Diego-Dias.jpg\" alt=\"\" class=\"wp-image-25864\" \/><\/figure>\n\n\n\n<figure class=\"wp-block-image size-large\"><img decoding=\"async\" data-id=\"25868\" src=\"https:\/\/turismo.jundiai.sp.gov.br\/wp-content\/uploads\/2023\/07\/DSC0149-Diego-Dias.jpg\" alt=\"\" class=\"wp-image-25868\" \/><\/figure>\n\n\n\n<figure class=\"wp-block-image size-large\"><img decoding=\"async\" data-id=\"25869\" src=\"https:\/\/turismo.jundiai.sp.gov.br\/wp-content\/uploads\/2023\/07\/FOTO-FACHADA1-Diego-Dias.jpg\" alt=\"\" class=\"wp-image-25869\" \/><\/figure>\n\n\n\n<figure class=\"wp-block-image size-large\"><img decoding=\"async\" data-id=\"25861\" src=\"https:\/\/turismo.jundiai.sp.gov.br\/wp-content\/uploads\/2023\/07\/DSC0226-Diego-Dias.jpg\" alt=\"\" class=\"wp-image-25861\" \/><\/figure>\n\n\n\n<figure class=\"wp-block-image size-large\"><img decoding=\"async\" data-id=\"25863\" src=\"https:\/\/turismo.jundiai.sp.gov.br\/wp-content\/uploads\/2023\/07\/DSC0043-Diego-Dias.jpg\" alt=\"\" class=\"wp-image-25863\" \/><\/figure>\n\n\n\n<figure class=\"wp-block-image size-large\"><img decoding=\"async\" data-id=\"25867\" src=\"https:\/\/turismo.jundiai.sp.gov.br\/wp-content\/uploads\/2023\/07\/DSC0089-Diego-Dias.jpg\" alt=\"\" class=\"wp-image-25867\" \/><\/figure>\n\n\n\n<figure class=\"wp-block-image size-large\"><img decoding=\"async\" data-id=\"25865\" src=\"https:\/\/turismo.jundiai.sp.gov.br\/wp-content\/uploads\/2023\/07\/DSC0074-Diego-Dias.jpg\" alt=\"\" class=\"wp-image-25865\" \/><\/figure>\n<\/figure>\n","protected":false},"excerpt":{"rendered":"<p>O Mercad\u00e3o \u00e9 conhecido tradicionalmente pelo atendimento personalizado (bem familiar) e pela concentra\u00e7\u00e3o de pessoas aos finais de semana no famoso Pedro&#8217;s Bar, onde se pode ouvir m\u00fasica ao vivo e experimentar o delicioso bolinho de bacalhau. O Mercad\u00e3o Vila Arens \u00e9 um dos pontos de refer\u00eancia de Jundia\u00ed h\u00e1 muitos anos e tem hist\u00f3rias [&hellip;]<\/p>\n","protected":false},"author":16,"featured_media":2007,"parent":14,"menu_order":0,"comment_status":"closed","ping_status":"closed","template":"page-local.php","meta":{"footnotes":""},"class_list":["post-1581","page","type-page","status-publish","has-post-thumbnail","hentry"],"_links":{"self":[{"href":"https:\/\/rotasturisticas.jundiai.sp.gov.br\/centrohistorico\/wp-json\/wp\/v2\/pages\/1581","targetHints":{"allow":["GET"]}}],"collection":[{"href":"https:\/\/rotasturisticas.jundiai.sp.gov.br\/centrohistorico\/wp-json\/wp\/v2\/pages"}],"about":[{"href":"https:\/\/rotasturisticas.jundiai.sp.gov.br\/centrohistorico\/wp-json\/wp\/v2\/types\/page"}],"author":[{"embeddable":true,"href":"https:\/\/rotasturisticas.jundiai.sp.gov.br\/centrohistorico\/wp-json\/wp\/v2\/users\/16"}],"replies":[{"embeddable":true,"href":"https:\/\/rotasturisticas.jundiai.sp.gov.br\/centrohistorico\/wp-json\/wp\/v2\/comments?post=1581"}],"version-history":[{"count":1,"href":"https:\/\/rotasturisticas.jundiai.sp.gov.br\/centrohistorico\/wp-json\/wp\/v2\/pages\/1581\/revisions"}],"predecessor-version":[{"id":1582,"href":"https:\/\/rotasturisticas.jundiai.sp.gov.br\/centrohistorico\/wp-json\/wp\/v2\/pages\/1581\/revisions\/1582"}],"up":[{"embeddable":true,"href":"https:\/\/rotasturisticas.jundiai.sp.gov.br\/centrohistorico\/wp-json\/wp\/v2\/pages\/14"}],"wp:featuredmedia":[{"embeddable":true,"href":"https:\/\/rotasturisticas.jundiai.sp.gov.br\/centrohistorico\/wp-json\/wp\/v2\/media\/2007"}],"wp:attachment":[{"href":"https:\/\/rotasturisticas.jundiai.sp.gov.br\/centrohistorico\/wp-json\/wp\/v2\/media?parent=1581"}],"curies":[{"name":"wp","href":"https:\/\/api.w.org\/{rel}","templated":true}]}}