{"id":153,"date":"2018-07-04T09:27:16","date_gmt":"2018-07-04T12:27:16","guid":{"rendered":"http:\/\/rotasturisticas.jundiai.sp.gov.br\/centrohistorico\/?page_id=153"},"modified":"2024-08-20T15:21:53","modified_gmt":"2024-08-20T18:21:53","slug":"escola-professor-luiz-rosa","status":"publish","type":"page","link":"https:\/\/rotasturisticas.jundiai.sp.gov.br\/centrohistorico\/o-que-visitar\/escola-professor-luiz-rosa\/","title":{"rendered":"Escola Professor Luiz Rosa"},"content":{"rendered":"\n<p>A escola atingiu seu centen\u00e1rio (1917-2017) com uma longa presen\u00e7a na hist\u00f3ria na cidade a partir de seu pr\u00e9dio inicial no Largo das Rosas e em seguida entre o Largo dos Andradas e o Largo da Cadeia Velha. Dentro das atividades educacionais marcou ainda a cultura local entre as d\u00e9cadas de 1960 e 1980 com as montagens do lend\u00e1rio Teatro Estudantil Rosa, formando talentos do teatro e da televis\u00e3o. Seu fundador antes fez parte do Gin\u00e1sio Hydecroft, do antigo Largo do Pelourinho.<\/p>\n\n\n\n<p>(Pesquisa e Texto: Jos\u00e9 Arnaldo de Oliveira)<\/p>\n\n\n\n<figure class=\"wp-block-gallery has-nested-images columns-default is-cropped wp-block-gallery-1 is-layout-flex wp-block-gallery-is-layout-flex\">\n<figure class=\"wp-block-image size-large\"><img loading=\"lazy\" decoding=\"async\" width=\"802\" height=\"599\" data-id=\"1923\" src=\"https:\/\/rotasturisticas.jundiai.sp.gov.br\/centrohistorico\/wp-content\/uploads\/sites\/6\/2024\/08\/escola-professor-luiz-rosa-fonte-jundiagota.com_.br_-2.jpg\" alt=\"\" class=\"wp-image-1923\" srcset=\"https:\/\/rotasturisticas.jundiai.sp.gov.br\/centrohistorico\/wp-content\/uploads\/sites\/6\/2024\/08\/escola-professor-luiz-rosa-fonte-jundiagota.com_.br_-2.jpg 802w, https:\/\/rotasturisticas.jundiai.sp.gov.br\/centrohistorico\/wp-content\/uploads\/sites\/6\/2024\/08\/escola-professor-luiz-rosa-fonte-jundiagota.com_.br_-2-300x225.jpg 300w, https:\/\/rotasturisticas.jundiai.sp.gov.br\/centrohistorico\/wp-content\/uploads\/sites\/6\/2024\/08\/escola-professor-luiz-rosa-fonte-jundiagota.com_.br_-2-768x574.jpg 768w\" sizes=\"auto, (max-width: 802px) 100vw, 802px\" \/><figcaption class=\"wp-element-caption\">Pr\u00e9dio inaugurado em 1970. Cr\u00e9dito: jundiagora.com.br<\/figcaption><\/figure>\n\n\n\n<figure class=\"wp-block-image size-large\"><img loading=\"lazy\" decoding=\"async\" width=\"696\" height=\"928\" data-id=\"1926\" src=\"https:\/\/rotasturisticas.jundiai.sp.gov.br\/centrohistorico\/wp-content\/uploads\/sites\/6\/2024\/08\/escola-professor-luiz-rosa-primeiro-predio-rua-barao-de-jundiai-844-1.jpg\" alt=\"\" class=\"wp-image-1926\" \/><figcaption class=\"wp-element-caption\">Primeiro pr\u00e9dio ocupado pela Escola, localizado na Rua Bar\u00e3o de Jundia\u00ed, 844. Cr\u00e9dito: jundiagora.com.br<\/figcaption><\/figure>\n\n\n\n<figure class=\"wp-block-image size-large\"><img loading=\"lazy\" decoding=\"async\" width=\"960\" height=\"679\" data-id=\"1924\" src=\"https:\/\/rotasturisticas.jundiai.sp.gov.br\/centrohistorico\/wp-content\/uploads\/sites\/6\/2024\/08\/ESCOLA-PROFESSOR-LUIZ-ROSA-2.jpg\" alt=\"\" class=\"wp-image-1924\" srcset=\"https:\/\/rotasturisticas.jundiai.sp.gov.br\/centrohistorico\/wp-content\/uploads\/sites\/6\/2024\/08\/ESCOLA-PROFESSOR-LUIZ-ROSA-2.jpg 960w, https:\/\/rotasturisticas.jundiai.sp.gov.br\/centrohistorico\/wp-content\/uploads\/sites\/6\/2024\/08\/ESCOLA-PROFESSOR-LUIZ-ROSA-2-768x543.jpg 768w\" sizes=\"auto, (max-width: 960px) 100vw, 960px\" \/><figcaption class=\"wp-element-caption\">Segundo pr\u00e9dio da Escola, localizado na Rua do Ros\u00e1rio, 667. Cr\u00e9dito: jundiagora.com.br<\/figcaption><\/figure>\n<\/figure>\n","protected":false},"excerpt":{"rendered":"<p>A escola atingiu seu centen\u00e1rio (1917-2017) com uma longa presen\u00e7a na hist\u00f3ria na cidade a partir de seu pr\u00e9dio inicial no Largo das Rosas e em seguida entre o Largo dos Andradas e o Largo da Cadeia Velha. Dentro das atividades educacionais marcou ainda a cultura local entre as d\u00e9cadas de 1960 e 1980 com [&hellip;]<\/p>\n","protected":false},"author":11,"featured_media":1923,"parent":14,"menu_order":0,"comment_status":"closed","ping_status":"closed","template":"page-local.php","meta":{"footnotes":""},"class_list":["post-153","page","type-page","status-publish","has-post-thumbnail","hentry"],"_links":{"self":[{"href":"https:\/\/rotasturisticas.jundiai.sp.gov.br\/centrohistorico\/wp-json\/wp\/v2\/pages\/153","targetHints":{"allow":["GET"]}}],"collection":[{"href":"https:\/\/rotasturisticas.jundiai.sp.gov.br\/centrohistorico\/wp-json\/wp\/v2\/pages"}],"about":[{"href":"https:\/\/rotasturisticas.jundiai.sp.gov.br\/centrohistorico\/wp-json\/wp\/v2\/types\/page"}],"author":[{"embeddable":true,"href":"https:\/\/rotasturisticas.jundiai.sp.gov.br\/centrohistorico\/wp-json\/wp\/v2\/users\/11"}],"replies":[{"embeddable":true,"href":"https:\/\/rotasturisticas.jundiai.sp.gov.br\/centrohistorico\/wp-json\/wp\/v2\/comments?post=153"}],"version-history":[{"count":4,"href":"https:\/\/rotasturisticas.jundiai.sp.gov.br\/centrohistorico\/wp-json\/wp\/v2\/pages\/153\/revisions"}],"predecessor-version":[{"id":1927,"href":"https:\/\/rotasturisticas.jundiai.sp.gov.br\/centrohistorico\/wp-json\/wp\/v2\/pages\/153\/revisions\/1927"}],"up":[{"embeddable":true,"href":"https:\/\/rotasturisticas.jundiai.sp.gov.br\/centrohistorico\/wp-json\/wp\/v2\/pages\/14"}],"wp:featuredmedia":[{"embeddable":true,"href":"https:\/\/rotasturisticas.jundiai.sp.gov.br\/centrohistorico\/wp-json\/wp\/v2\/media\/1923"}],"wp:attachment":[{"href":"https:\/\/rotasturisticas.jundiai.sp.gov.br\/centrohistorico\/wp-json\/wp\/v2\/media?parent=153"}],"curies":[{"name":"wp","href":"https:\/\/api.w.org\/{rel}","templated":true}]}}