{"id":147,"date":"2018-07-04T09:25:20","date_gmt":"2018-07-04T12:25:20","guid":{"rendered":"http:\/\/rotasturisticas.jundiai.sp.gov.br\/centrohistorico\/?page_id=147"},"modified":"2024-08-22T17:59:09","modified_gmt":"2024-08-22T20:59:09","slug":"largo-sao-jorge","status":"publish","type":"page","link":"https:\/\/rotasturisticas.jundiai.sp.gov.br\/centrohistorico\/o-que-visitar\/largo-sao-jorge\/","title":{"rendered":"Largo S\u00e3o Jorge"},"content":{"rendered":"\n<p>O nome faz refer\u00eancia \u00e0 regi\u00e3o em torno da antiga F\u00e1brica T\u00eaxtil S\u00e3o Jorge, instalada na d\u00e9cada de 1940 e atualmente ocupada por um hipermercado. Tem caracter\u00edsticas como a exist\u00eancia de diversas bicas de \u00e1gua at\u00e9 o s\u00e9culo 20, o n\u00facleo residencial da Vila Boaventura e uma escadaria de acesso para a rua Onze de Junho. A \u00e1rea tamb\u00e9m lembra epis\u00f3dios como a uni\u00e3o na d\u00e9cada de 1950 de Fernando Gasparian, Fernando Henrique Cardoso e Fernando Pedreira com o jornal O Jundiaiense.<\/p>\n\n\n\n<p>(Pesquisa e Texto: Jos\u00e9 Arnaldo de Oliveira)<\/p>\n\n\n\n<figure class=\"wp-block-gallery has-nested-images columns-default is-cropped wp-block-gallery-1 is-layout-flex wp-block-gallery-is-layout-flex\">\n<figure class=\"wp-block-image size-full\"><a href=\"https:\/\/rotasturisticas.jundiai.sp.gov.br\/centrohistorico\/wp-content\/uploads\/sites\/6\/2024\/08\/fabrica-sao-jorge-alvez.jpg\"><img loading=\"lazy\" decoding=\"async\" width=\"960\" height=\"643\" data-id=\"2058\" src=\"https:\/\/rotasturisticas.jundiai.sp.gov.br\/centrohistorico\/wp-content\/uploads\/sites\/6\/2024\/08\/fabrica-sao-jorge-alvez.jpg\" alt=\"\" class=\"wp-image-2058\" srcset=\"https:\/\/rotasturisticas.jundiai.sp.gov.br\/centrohistorico\/wp-content\/uploads\/sites\/6\/2024\/08\/fabrica-sao-jorge-alvez.jpg 960w, https:\/\/rotasturisticas.jundiai.sp.gov.br\/centrohistorico\/wp-content\/uploads\/sites\/6\/2024\/08\/fabrica-sao-jorge-alvez-768x514.jpg 768w\" sizes=\"auto, (max-width: 960px) 100vw, 960px\" \/><\/a><\/figure>\n\n\n\n<figure class=\"wp-block-image size-large\"><a href=\"https:\/\/rotasturisticas.jundiai.sp.gov.br\/centrohistorico\/wp-content\/uploads\/sites\/6\/2024\/08\/fabrica-sao-jorge-anos-60-estanislau-Santoro-1.jpg\"><img loading=\"lazy\" decoding=\"async\" width=\"471\" height=\"634\" data-id=\"2059\" src=\"https:\/\/rotasturisticas.jundiai.sp.gov.br\/centrohistorico\/wp-content\/uploads\/sites\/6\/2024\/08\/fabrica-sao-jorge-anos-60-estanislau-Santoro-1.jpg\" alt=\"\" class=\"wp-image-2059\" \/><\/a><\/figure>\n<\/figure>\n","protected":false},"excerpt":{"rendered":"<p>O nome faz refer\u00eancia \u00e0 regi\u00e3o em torno da antiga F\u00e1brica T\u00eaxtil S\u00e3o Jorge, instalada na d\u00e9cada de 1940 e atualmente ocupada por um hipermercado. Tem caracter\u00edsticas como a exist\u00eancia de diversas bicas de \u00e1gua at\u00e9 o s\u00e9culo 20, o n\u00facleo residencial da Vila Boaventura e uma escadaria de acesso para a rua Onze de [&hellip;]<\/p>\n","protected":false},"author":11,"featured_media":0,"parent":14,"menu_order":0,"comment_status":"closed","ping_status":"closed","template":"page-local.php","meta":{"footnotes":""},"class_list":["post-147","page","type-page","status-publish","hentry"],"_links":{"self":[{"href":"https:\/\/rotasturisticas.jundiai.sp.gov.br\/centrohistorico\/wp-json\/wp\/v2\/pages\/147","targetHints":{"allow":["GET"]}}],"collection":[{"href":"https:\/\/rotasturisticas.jundiai.sp.gov.br\/centrohistorico\/wp-json\/wp\/v2\/pages"}],"about":[{"href":"https:\/\/rotasturisticas.jundiai.sp.gov.br\/centrohistorico\/wp-json\/wp\/v2\/types\/page"}],"author":[{"embeddable":true,"href":"https:\/\/rotasturisticas.jundiai.sp.gov.br\/centrohistorico\/wp-json\/wp\/v2\/users\/11"}],"replies":[{"embeddable":true,"href":"https:\/\/rotasturisticas.jundiai.sp.gov.br\/centrohistorico\/wp-json\/wp\/v2\/comments?post=147"}],"version-history":[{"count":3,"href":"https:\/\/rotasturisticas.jundiai.sp.gov.br\/centrohistorico\/wp-json\/wp\/v2\/pages\/147\/revisions"}],"predecessor-version":[{"id":2060,"href":"https:\/\/rotasturisticas.jundiai.sp.gov.br\/centrohistorico\/wp-json\/wp\/v2\/pages\/147\/revisions\/2060"}],"up":[{"embeddable":true,"href":"https:\/\/rotasturisticas.jundiai.sp.gov.br\/centrohistorico\/wp-json\/wp\/v2\/pages\/14"}],"wp:attachment":[{"href":"https:\/\/rotasturisticas.jundiai.sp.gov.br\/centrohistorico\/wp-json\/wp\/v2\/media?parent=147"}],"curies":[{"name":"wp","href":"https:\/\/api.w.org\/{rel}","templated":true}]}}