{"id":145,"date":"2018-07-04T09:24:35","date_gmt":"2018-07-04T12:24:35","guid":{"rendered":"http:\/\/rotasturisticas.jundiai.sp.gov.br\/centrohistorico\/?page_id=145"},"modified":"2024-08-13T16:22:22","modified_gmt":"2024-08-13T19:22:22","slug":"mirante-da-bela-vista","status":"publish","type":"page","link":"https:\/\/rotasturisticas.jundiai.sp.gov.br\/centrohistorico\/o-que-visitar\/mirante-da-bela-vista\/","title":{"rendered":"Mirante da Bela Vista"},"content":{"rendered":"\n<p>A \u00e1rea p\u00fablica de uso de moradores da \u00e1rea chamada Bela Vista aproveita a topografia para vis\u00e3o panor\u00e2mica do vale ocupado pela estrada de Pirapora e pelo atual bairro do Vianelo, com a paisagem urbana estendendo-se no horizonte em dire\u00e7\u00e3o \u00e0 Serra dos Cristais, que forma um \u201ccontinuum\u201d com a Serra do Japi. Sua topografia de alto de encosta desce, pelo lado oposto, em dire\u00e7\u00e3o ao C\u00f3rrego do Mato como limite natural da antiga colina central ocupada entre rios.<\/p>\n\n\n\n<p>(Pesquisa e Texto: Jos\u00e9 Arnaldo de Oliveira)<\/p>\n\n\n\n<figure class=\"wp-block-image size-full\"><img loading=\"lazy\" decoding=\"async\" width=\"1080\" height=\"770\" src=\"https:\/\/rotasturisticas.jundiai.sp.gov.br\/centrohistorico\/wp-content\/uploads\/sites\/6\/2024\/08\/mirante-bela-vista.jpg\" alt=\"\" class=\"wp-image-1753\" srcset=\"https:\/\/rotasturisticas.jundiai.sp.gov.br\/centrohistorico\/wp-content\/uploads\/sites\/6\/2024\/08\/mirante-bela-vista.jpg 1080w, https:\/\/rotasturisticas.jundiai.sp.gov.br\/centrohistorico\/wp-content\/uploads\/sites\/6\/2024\/08\/mirante-bela-vista-768x548.jpg 768w\" sizes=\"auto, (max-width: 1080px) 100vw, 1080px\" \/><\/figure>\n","protected":false},"excerpt":{"rendered":"<p>A \u00e1rea p\u00fablica de uso de moradores da \u00e1rea chamada Bela Vista aproveita a topografia para vis\u00e3o panor\u00e2mica do vale ocupado pela estrada de Pirapora e pelo atual bairro do Vianelo, com a paisagem urbana estendendo-se no horizonte em dire\u00e7\u00e3o \u00e0 Serra dos Cristais, que forma um \u201ccontinuum\u201d com a Serra do Japi. Sua topografia [&hellip;]<\/p>\n","protected":false},"author":11,"featured_media":0,"parent":14,"menu_order":0,"comment_status":"closed","ping_status":"closed","template":"page-local.php","meta":{"footnotes":""},"class_list":["post-145","page","type-page","status-publish","hentry"],"_links":{"self":[{"href":"https:\/\/rotasturisticas.jundiai.sp.gov.br\/centrohistorico\/wp-json\/wp\/v2\/pages\/145","targetHints":{"allow":["GET"]}}],"collection":[{"href":"https:\/\/rotasturisticas.jundiai.sp.gov.br\/centrohistorico\/wp-json\/wp\/v2\/pages"}],"about":[{"href":"https:\/\/rotasturisticas.jundiai.sp.gov.br\/centrohistorico\/wp-json\/wp\/v2\/types\/page"}],"author":[{"embeddable":true,"href":"https:\/\/rotasturisticas.jundiai.sp.gov.br\/centrohistorico\/wp-json\/wp\/v2\/users\/11"}],"replies":[{"embeddable":true,"href":"https:\/\/rotasturisticas.jundiai.sp.gov.br\/centrohistorico\/wp-json\/wp\/v2\/comments?post=145"}],"version-history":[{"count":3,"href":"https:\/\/rotasturisticas.jundiai.sp.gov.br\/centrohistorico\/wp-json\/wp\/v2\/pages\/145\/revisions"}],"predecessor-version":[{"id":1755,"href":"https:\/\/rotasturisticas.jundiai.sp.gov.br\/centrohistorico\/wp-json\/wp\/v2\/pages\/145\/revisions\/1755"}],"up":[{"embeddable":true,"href":"https:\/\/rotasturisticas.jundiai.sp.gov.br\/centrohistorico\/wp-json\/wp\/v2\/pages\/14"}],"wp:attachment":[{"href":"https:\/\/rotasturisticas.jundiai.sp.gov.br\/centrohistorico\/wp-json\/wp\/v2\/media?parent=145"}],"curies":[{"name":"wp","href":"https:\/\/api.w.org\/{rel}","templated":true}]}}