{"id":139,"date":"2018-07-04T09:22:52","date_gmt":"2018-07-04T12:22:52","guid":{"rendered":"http:\/\/rotasturisticas.jundiai.sp.gov.br\/centrohistorico\/?page_id=139"},"modified":"2024-08-21T11:51:02","modified_gmt":"2024-08-21T14:51:02","slug":"viaduto-sao-joao-batista","status":"publish","type":"page","link":"https:\/\/rotasturisticas.jundiai.sp.gov.br\/centrohistorico\/o-que-visitar\/viaduto-sao-joao-batista\/","title":{"rendered":"Viaduto S\u00e3o Jo\u00e3o Batista"},"content":{"rendered":"\n<p>O primeiro viaduto da cidade, foi constru\u00eddo sobre os trilhos da Companhia Paulista e da Sorocabana em 1950 na antiga Estrada de S\u00e3o Jo\u00e3o. Tem como caracter\u00edsticas as duas escadas helicoidais (em formato de mola) que davam acesso para as plataformas da Esta\u00e7\u00e3o Central da Paulista, do s\u00e9culo 19. Outra curiosidade hist\u00f3rica \u00e9 o fato de grande parte de seu custo de constru\u00e7\u00e3o ter sido doada por comerciantes do bairro da Ponte S\u00e3o Jo\u00e3o, do outro lado do rio Jundia\u00ed.<\/p>\n\n\n\n<p>(Pesquisa e Texto: Jos\u00e9 Arnaldo de Oliveira)<\/p>\n\n\n\n<figure class=\"wp-block-gallery has-nested-images columns-default is-cropped wp-block-gallery-1 is-layout-flex wp-block-gallery-is-layout-flex\">\n<figure class=\"wp-block-image size-large\"><img loading=\"lazy\" decoding=\"async\" width=\"837\" height=\"497\" data-id=\"1363\" src=\"https:\/\/rotasturisticas.jundiai.sp.gov.br\/centrohistorico\/wp-content\/uploads\/sites\/6\/2022\/09\/5999461206_3085f99a78_o.jpg\" alt=\"\" class=\"wp-image-1363\" srcset=\"https:\/\/rotasturisticas.jundiai.sp.gov.br\/centrohistorico\/wp-content\/uploads\/sites\/6\/2022\/09\/5999461206_3085f99a78_o.jpg 837w, https:\/\/rotasturisticas.jundiai.sp.gov.br\/centrohistorico\/wp-content\/uploads\/sites\/6\/2022\/09\/5999461206_3085f99a78_o-768x456.jpg 768w\" sizes=\"auto, (max-width: 837px) 100vw, 837px\" \/><figcaption>Constru\u00e7\u00e3o do Viaduto S\u00e3o Jo\u00e3o Batista, em 1950&nbsp;<br>(Acervo Maur\u00edcio Ferreira &#8211; Sebo Jundia\u00ed)<\/figcaption><\/figure>\n<\/figure>\n","protected":false},"excerpt":{"rendered":"<p>O primeiro viaduto da cidade, foi constru\u00eddo sobre os trilhos da Companhia Paulista e da Sorocabana em 1950 na antiga Estrada de S\u00e3o Jo\u00e3o. Tem como caracter\u00edsticas as duas escadas helicoidais (em formato de mola) que davam acesso para as plataformas da Esta\u00e7\u00e3o Central da Paulista, do s\u00e9culo 19. Outra curiosidade hist\u00f3rica \u00e9 o fato [&hellip;]<\/p>\n","protected":false},"author":11,"featured_media":0,"parent":14,"menu_order":0,"comment_status":"closed","ping_status":"closed","template":"page-local.php","meta":{"footnotes":""},"class_list":["post-139","page","type-page","status-publish","hentry"],"_links":{"self":[{"href":"https:\/\/rotasturisticas.jundiai.sp.gov.br\/centrohistorico\/wp-json\/wp\/v2\/pages\/139","targetHints":{"allow":["GET"]}}],"collection":[{"href":"https:\/\/rotasturisticas.jundiai.sp.gov.br\/centrohistorico\/wp-json\/wp\/v2\/pages"}],"about":[{"href":"https:\/\/rotasturisticas.jundiai.sp.gov.br\/centrohistorico\/wp-json\/wp\/v2\/types\/page"}],"author":[{"embeddable":true,"href":"https:\/\/rotasturisticas.jundiai.sp.gov.br\/centrohistorico\/wp-json\/wp\/v2\/users\/11"}],"replies":[{"embeddable":true,"href":"https:\/\/rotasturisticas.jundiai.sp.gov.br\/centrohistorico\/wp-json\/wp\/v2\/comments?post=139"}],"version-history":[{"count":4,"href":"https:\/\/rotasturisticas.jundiai.sp.gov.br\/centrohistorico\/wp-json\/wp\/v2\/pages\/139\/revisions"}],"predecessor-version":[{"id":1370,"href":"https:\/\/rotasturisticas.jundiai.sp.gov.br\/centrohistorico\/wp-json\/wp\/v2\/pages\/139\/revisions\/1370"}],"up":[{"embeddable":true,"href":"https:\/\/rotasturisticas.jundiai.sp.gov.br\/centrohistorico\/wp-json\/wp\/v2\/pages\/14"}],"wp:attachment":[{"href":"https:\/\/rotasturisticas.jundiai.sp.gov.br\/centrohistorico\/wp-json\/wp\/v2\/media?parent=139"}],"curies":[{"name":"wp","href":"https:\/\/api.w.org\/{rel}","templated":true}]}}