{"id":131,"date":"2018-07-03T14:15:43","date_gmt":"2018-07-03T17:15:43","guid":{"rendered":"http:\/\/rotasturisticas.jundiai.sp.gov.br\/centrohistorico\/?page_id=131"},"modified":"2024-08-14T17:13:11","modified_gmt":"2024-08-14T20:13:11","slug":"clube-jundiaiense","status":"publish","type":"page","link":"https:\/\/rotasturisticas.jundiai.sp.gov.br\/centrohistorico\/o-que-visitar\/clube-jundiaiense\/","title":{"rendered":"Clube Jundiaiense"},"content":{"rendered":"\n<p>Criada na d\u00e9cada de 1940, a bonita sede central do Clube Jundiaiense ainda \u00e9 uma refer\u00eancia da vida social, cultural e esportiva da regi\u00e3o central da cidade. Foi resultado da uni\u00e3o do Cassino Jundiaiense, criado no s\u00e9culo 19, com a Sociedade T\u00eanis Paulista, surgida no s\u00e9culo 20.&nbsp; Seus festivais de arte, seus concursos carnavalescos, seus torneios esportivos ou seus bailes s\u00e3o parte de grandes momentos na regi\u00e3o centro ao lado de bares de m\u00fasica, de grandes restaurantes e de eventos nas pra\u00e7as.<\/p>\n\n\n\n<p>(Pesquisa e Texto: Jos\u00e9 Arnaldo de Oliveira)<\/p>\n\n\n\n<figure class=\"wp-block-gallery has-nested-images columns-default is-cropped wp-block-gallery-1 is-layout-flex wp-block-gallery-is-layout-flex\">\n<figure class=\"wp-block-image size-large\"><a href=\"https:\/\/rotasturisticas.jundiai.sp.gov.br\/centrohistorico\/wp-content\/uploads\/sites\/6\/2023\/07\/clube-jundiaiense.png\"><img loading=\"lazy\" decoding=\"async\" width=\"1080\" height=\"700\" data-id=\"1638\" src=\"https:\/\/rotasturisticas.jundiai.sp.gov.br\/centrohistorico\/wp-content\/uploads\/sites\/6\/2023\/07\/clube-jundiaiense.png\" alt=\"\" class=\"wp-image-1638\" srcset=\"https:\/\/rotasturisticas.jundiai.sp.gov.br\/centrohistorico\/wp-content\/uploads\/sites\/6\/2023\/07\/clube-jundiaiense.png 1080w, https:\/\/rotasturisticas.jundiai.sp.gov.br\/centrohistorico\/wp-content\/uploads\/sites\/6\/2023\/07\/clube-jundiaiense-768x498.png 768w\" sizes=\"auto, (max-width: 1080px) 100vw, 1080px\" \/><\/a><\/figure>\n\n\n\n<figure class=\"wp-block-image size-large\"><a href=\"https:\/\/rotasturisticas.jundiai.sp.gov.br\/centrohistorico\/wp-content\/uploads\/sites\/6\/2023\/07\/clube-jundiaiense-2.png\"><img loading=\"lazy\" decoding=\"async\" width=\"1080\" height=\"712\" data-id=\"1637\" src=\"https:\/\/rotasturisticas.jundiai.sp.gov.br\/centrohistorico\/wp-content\/uploads\/sites\/6\/2023\/07\/clube-jundiaiense-2.png\" alt=\"\" class=\"wp-image-1637\" srcset=\"https:\/\/rotasturisticas.jundiai.sp.gov.br\/centrohistorico\/wp-content\/uploads\/sites\/6\/2023\/07\/clube-jundiaiense-2.png 1080w, https:\/\/rotasturisticas.jundiai.sp.gov.br\/centrohistorico\/wp-content\/uploads\/sites\/6\/2023\/07\/clube-jundiaiense-2-768x506.png 768w\" sizes=\"auto, (max-width: 1080px) 100vw, 1080px\" \/><\/a><\/figure>\n<\/figure>\n","protected":false},"excerpt":{"rendered":"<p>Criada na d\u00e9cada de 1940, a bonita sede central do Clube Jundiaiense ainda \u00e9 uma refer\u00eancia da vida social, cultural e esportiva da regi\u00e3o central da cidade. Foi resultado da uni\u00e3o do Cassino Jundiaiense, criado no s\u00e9culo 19, com a Sociedade T\u00eanis Paulista, surgida no s\u00e9culo 20.&nbsp; Seus festivais de arte, seus concursos carnavalescos, seus [&hellip;]<\/p>\n","protected":false},"author":11,"featured_media":0,"parent":14,"menu_order":0,"comment_status":"closed","ping_status":"closed","template":"page-local.php","meta":{"footnotes":""},"class_list":["post-131","page","type-page","status-publish","hentry"],"_links":{"self":[{"href":"https:\/\/rotasturisticas.jundiai.sp.gov.br\/centrohistorico\/wp-json\/wp\/v2\/pages\/131","targetHints":{"allow":["GET"]}}],"collection":[{"href":"https:\/\/rotasturisticas.jundiai.sp.gov.br\/centrohistorico\/wp-json\/wp\/v2\/pages"}],"about":[{"href":"https:\/\/rotasturisticas.jundiai.sp.gov.br\/centrohistorico\/wp-json\/wp\/v2\/types\/page"}],"author":[{"embeddable":true,"href":"https:\/\/rotasturisticas.jundiai.sp.gov.br\/centrohistorico\/wp-json\/wp\/v2\/users\/11"}],"replies":[{"embeddable":true,"href":"https:\/\/rotasturisticas.jundiai.sp.gov.br\/centrohistorico\/wp-json\/wp\/v2\/comments?post=131"}],"version-history":[{"count":3,"href":"https:\/\/rotasturisticas.jundiai.sp.gov.br\/centrohistorico\/wp-json\/wp\/v2\/pages\/131\/revisions"}],"predecessor-version":[{"id":1780,"href":"https:\/\/rotasturisticas.jundiai.sp.gov.br\/centrohistorico\/wp-json\/wp\/v2\/pages\/131\/revisions\/1780"}],"up":[{"embeddable":true,"href":"https:\/\/rotasturisticas.jundiai.sp.gov.br\/centrohistorico\/wp-json\/wp\/v2\/pages\/14"}],"wp:attachment":[{"href":"https:\/\/rotasturisticas.jundiai.sp.gov.br\/centrohistorico\/wp-json\/wp\/v2\/media?parent=131"}],"curies":[{"name":"wp","href":"https:\/\/api.w.org\/{rel}","templated":true}]}}