{"id":127,"date":"2018-07-03T14:14:47","date_gmt":"2018-07-03T17:14:47","guid":{"rendered":"http:\/\/rotasturisticas.jundiai.sp.gov.br\/centrohistorico\/?page_id=127"},"modified":"2024-08-20T17:51:10","modified_gmt":"2024-08-20T20:51:10","slug":"fratellanza-italiana","status":"publish","type":"page","link":"https:\/\/rotasturisticas.jundiai.sp.gov.br\/centrohistorico\/o-que-visitar\/fratellanza-italiana\/","title":{"rendered":"Fratellanza Italiana"},"content":{"rendered":"\n<p>A fachada original voltada para o largo (na atual rua Jo\u00e3o Lopes) mostra a data de 1924 da Fratellanza Italiana (que na Segunda Guerra Mundial teve que mudar seu nome para Casa de Sa\u00fade Dr. Domingos Anast\u00e1cio). Atualmente \u00e9 parte do pronto atendimento PA 24 Horas, do Hospital S\u00e3o Vicente, ocupa uma faixa do im\u00f3vel que tamb\u00e9m passou a ser o Hospital Regional. \u00c9 mem\u00f3ria da cultura de m\u00fatuo socorro trazida pela imigra\u00e7\u00e3o italiana selecionada a partir de 1888.<\/p>\n\n\n\n<p>(Pesquisa e Texto: Jos\u00e9 Arnaldo de Oliveira)<\/p>\n\n\n\n<figure class=\"wp-block-gallery has-nested-images columns-default is-cropped wp-block-gallery-1 is-layout-flex wp-block-gallery-is-layout-flex\">\n<figure class=\"wp-block-image size-large\"><a href=\"https:\/\/rotasturisticas.jundiai.sp.gov.br\/centrohistorico\/wp-content\/uploads\/sites\/6\/2024\/08\/Casa-de-Saude-Dr.-Domingos-Anastacio.jpg\"><img loading=\"lazy\" decoding=\"async\" width=\"259\" height=\"194\" data-id=\"1951\" src=\"https:\/\/rotasturisticas.jundiai.sp.gov.br\/centrohistorico\/wp-content\/uploads\/sites\/6\/2024\/08\/Casa-de-Saude-Dr.-Domingos-Anastacio.jpg\" alt=\"\" class=\"wp-image-1951\" \/><\/a><\/figure>\n\n\n\n<figure class=\"wp-block-image size-large\"><a href=\"https:\/\/rotasturisticas.jundiai.sp.gov.br\/centrohistorico\/wp-content\/uploads\/sites\/6\/2024\/08\/fratellanza.jpg\"><img loading=\"lazy\" decoding=\"async\" width=\"640\" height=\"459\" data-id=\"1948\" src=\"https:\/\/rotasturisticas.jundiai.sp.gov.br\/centrohistorico\/wp-content\/uploads\/sites\/6\/2024\/08\/fratellanza.jpg\" alt=\"\" class=\"wp-image-1948\" \/><\/a><\/figure>\n<\/figure>\n","protected":false},"excerpt":{"rendered":"<p>A fachada original voltada para o largo (na atual rua Jo\u00e3o Lopes) mostra a data de 1924 da Fratellanza Italiana (que na Segunda Guerra Mundial teve que mudar seu nome para Casa de Sa\u00fade Dr. Domingos Anast\u00e1cio). Atualmente \u00e9 parte do pronto atendimento PA 24 Horas, do Hospital S\u00e3o Vicente, ocupa uma faixa do im\u00f3vel [&hellip;]<\/p>\n","protected":false},"author":11,"featured_media":0,"parent":14,"menu_order":0,"comment_status":"closed","ping_status":"closed","template":"page-local.php","meta":{"footnotes":""},"class_list":["post-127","page","type-page","status-publish","hentry"],"_links":{"self":[{"href":"https:\/\/rotasturisticas.jundiai.sp.gov.br\/centrohistorico\/wp-json\/wp\/v2\/pages\/127","targetHints":{"allow":["GET"]}}],"collection":[{"href":"https:\/\/rotasturisticas.jundiai.sp.gov.br\/centrohistorico\/wp-json\/wp\/v2\/pages"}],"about":[{"href":"https:\/\/rotasturisticas.jundiai.sp.gov.br\/centrohistorico\/wp-json\/wp\/v2\/types\/page"}],"author":[{"embeddable":true,"href":"https:\/\/rotasturisticas.jundiai.sp.gov.br\/centrohistorico\/wp-json\/wp\/v2\/users\/11"}],"replies":[{"embeddable":true,"href":"https:\/\/rotasturisticas.jundiai.sp.gov.br\/centrohistorico\/wp-json\/wp\/v2\/comments?post=127"}],"version-history":[{"count":3,"href":"https:\/\/rotasturisticas.jundiai.sp.gov.br\/centrohistorico\/wp-json\/wp\/v2\/pages\/127\/revisions"}],"predecessor-version":[{"id":1952,"href":"https:\/\/rotasturisticas.jundiai.sp.gov.br\/centrohistorico\/wp-json\/wp\/v2\/pages\/127\/revisions\/1952"}],"up":[{"embeddable":true,"href":"https:\/\/rotasturisticas.jundiai.sp.gov.br\/centrohistorico\/wp-json\/wp\/v2\/pages\/14"}],"wp:attachment":[{"href":"https:\/\/rotasturisticas.jundiai.sp.gov.br\/centrohistorico\/wp-json\/wp\/v2\/media?parent=127"}],"curies":[{"name":"wp","href":"https:\/\/api.w.org\/{rel}","templated":true}]}}