{"id":122,"date":"2018-06-28T16:30:29","date_gmt":"2018-06-28T19:30:29","guid":{"rendered":"http:\/\/rotasturisticas.jundiai.sp.gov.br\/centrohistorico\/?page_id=122"},"modified":"2024-08-22T11:46:43","modified_gmt":"2024-08-22T14:46:43","slug":"largo-das-rosas","status":"publish","type":"page","link":"https:\/\/rotasturisticas.jundiai.sp.gov.br\/centrohistorico\/o-que-visitar\/largo-das-rosas\/","title":{"rendered":"Largo das Rosas"},"content":{"rendered":"\n<p>A refer\u00eancia aos tempos de muitas roseiras cultivadas ali \u00e9 o nome popular da \u00e1rea da atual pra\u00e7a Dom Pedro II e da vizinha pra\u00e7a Antonio Frederico Ozanam. Sua caracter\u00edstica est\u00e1 nos pr\u00e9dios de iniciativas comunit\u00e1rias da virada dos s\u00e9culos 19 e 20, de grupos de inspira\u00e7\u00e3o religiosa, da cultura de imigrantes ou de educadores. Uma can\u00e7\u00e3o atribu\u00edda a Lamartine Babo, \u201cCidade das Rosas\u201d, teria sido inspirado nesse largo para homenagear os amigos do grupo Chor\u00f5es do Japy.<\/p>\n\n\n\n<p>(Pesquisa e Texto: Jos\u00e9 Arnaldo de Oliveira)<\/p>\n\n\n\n<figure class=\"wp-block-gallery aligncenter has-nested-images columns-default is-cropped wp-block-gallery-1 is-layout-flex wp-block-gallery-is-layout-flex\">\n<figure class=\"wp-block-image size-full\"><img loading=\"lazy\" decoding=\"async\" width=\"944\" height=\"668\" data-id=\"2015\" src=\"https:\/\/rotasturisticas.jundiai.sp.gov.br\/centrohistorico\/wp-content\/uploads\/sites\/6\/2024\/08\/largo-das-rosas-1956.jpg\" alt=\"\" class=\"wp-image-2015\" srcset=\"https:\/\/rotasturisticas.jundiai.sp.gov.br\/centrohistorico\/wp-content\/uploads\/sites\/6\/2024\/08\/largo-das-rosas-1956.jpg 944w, https:\/\/rotasturisticas.jundiai.sp.gov.br\/centrohistorico\/wp-content\/uploads\/sites\/6\/2024\/08\/largo-das-rosas-1956-768x543.jpg 768w\" sizes=\"auto, (max-width: 944px) 100vw, 944px\" \/><figcaption class=\"wp-element-caption\">Largo das Rosas em 1956. Ao fundo o Hospital S\u00e3o Vicente. Acervo Professo Maur\u00edcio Ferreira<\/figcaption><\/figure>\n<\/figure>\n","protected":false},"excerpt":{"rendered":"<p>A refer\u00eancia aos tempos de muitas roseiras cultivadas ali \u00e9 o nome popular da \u00e1rea da atual pra\u00e7a Dom Pedro II e da vizinha pra\u00e7a Antonio Frederico Ozanam. Sua caracter\u00edstica est\u00e1 nos pr\u00e9dios de iniciativas comunit\u00e1rias da virada dos s\u00e9culos 19 e 20, de grupos de inspira\u00e7\u00e3o religiosa, da cultura de imigrantes ou de educadores. [&hellip;]<\/p>\n","protected":false},"author":11,"featured_media":0,"parent":14,"menu_order":0,"comment_status":"closed","ping_status":"closed","template":"page-local.php","meta":{"footnotes":""},"class_list":["post-122","page","type-page","status-publish","hentry"],"_links":{"self":[{"href":"https:\/\/rotasturisticas.jundiai.sp.gov.br\/centrohistorico\/wp-json\/wp\/v2\/pages\/122","targetHints":{"allow":["GET"]}}],"collection":[{"href":"https:\/\/rotasturisticas.jundiai.sp.gov.br\/centrohistorico\/wp-json\/wp\/v2\/pages"}],"about":[{"href":"https:\/\/rotasturisticas.jundiai.sp.gov.br\/centrohistorico\/wp-json\/wp\/v2\/types\/page"}],"author":[{"embeddable":true,"href":"https:\/\/rotasturisticas.jundiai.sp.gov.br\/centrohistorico\/wp-json\/wp\/v2\/users\/11"}],"replies":[{"embeddable":true,"href":"https:\/\/rotasturisticas.jundiai.sp.gov.br\/centrohistorico\/wp-json\/wp\/v2\/comments?post=122"}],"version-history":[{"count":3,"href":"https:\/\/rotasturisticas.jundiai.sp.gov.br\/centrohistorico\/wp-json\/wp\/v2\/pages\/122\/revisions"}],"predecessor-version":[{"id":2017,"href":"https:\/\/rotasturisticas.jundiai.sp.gov.br\/centrohistorico\/wp-json\/wp\/v2\/pages\/122\/revisions\/2017"}],"up":[{"embeddable":true,"href":"https:\/\/rotasturisticas.jundiai.sp.gov.br\/centrohistorico\/wp-json\/wp\/v2\/pages\/14"}],"wp:attachment":[{"href":"https:\/\/rotasturisticas.jundiai.sp.gov.br\/centrohistorico\/wp-json\/wp\/v2\/media?parent=122"}],"curies":[{"name":"wp","href":"https:\/\/api.w.org\/{rel}","templated":true}]}}