{"id":12,"date":"2017-08-04T18:21:02","date_gmt":"2017-08-04T21:21:02","guid":{"rendered":"http:\/\/rotasturisticas.jundiai.sp.gov.br\/centrohistorico\/?page_id=12"},"modified":"2022-10-21T10:39:45","modified_gmt":"2022-10-21T13:39:45","slug":"historia","status":"publish","type":"page","link":"https:\/\/rotasturisticas.jundiai.sp.gov.br\/centrohistorico\/historia\/","title":{"rendered":"Hist\u00f3ria"},"content":{"rendered":"\n<p>O conjunto hist\u00f3rico de Jundia\u00ed, concentrado no eixo central da cidade, \u00e9 capaz, por si s\u00f3, de contar muito da hist\u00f3ria da querida Jundia\u00ed.<\/p>\n\n\n\n<p>S\u00e3o espa\u00e7os com enorme riqueza arquitet\u00f4nica e cultural que oferecem ao visitante a possibilidade de desfrutar de momentos agrad\u00e1veis e de aprendizagem! Pr\u00e9dios hist\u00f3ricos, museus, centros de cultura s\u00e3o algumas das op\u00e7\u00f5es dispon\u00edveis!<\/p>\n\n\n\n<p>Visite! Conhe\u00e7a! Surpreenda-se!<\/p>\n","protected":false},"excerpt":{"rendered":"<p>O conjunto hist\u00f3rico de Jundia\u00ed, concentrado no eixo central da cidade, \u00e9 capaz, por si s\u00f3, de contar muito da hist\u00f3ria da querida Jundia\u00ed. S\u00e3o espa\u00e7os com enorme riqueza arquitet\u00f4nica e cultural que oferecem ao visitante a possibilidade de desfrutar de momentos agrad\u00e1veis e de aprendizagem! Pr\u00e9dios hist\u00f3ricos, museus, centros de cultura s\u00e3o algumas das [&hellip;]<\/p>\n","protected":false},"author":2,"featured_media":0,"parent":0,"menu_order":0,"comment_status":"closed","ping_status":"closed","template":"","meta":{"footnotes":""},"class_list":["post-12","page","type-page","status-publish","hentry"],"_links":{"self":[{"href":"https:\/\/rotasturisticas.jundiai.sp.gov.br\/centrohistorico\/wp-json\/wp\/v2\/pages\/12","targetHints":{"allow":["GET"]}}],"collection":[{"href":"https:\/\/rotasturisticas.jundiai.sp.gov.br\/centrohistorico\/wp-json\/wp\/v2\/pages"}],"about":[{"href":"https:\/\/rotasturisticas.jundiai.sp.gov.br\/centrohistorico\/wp-json\/wp\/v2\/types\/page"}],"author":[{"embeddable":true,"href":"https:\/\/rotasturisticas.jundiai.sp.gov.br\/centrohistorico\/wp-json\/wp\/v2\/users\/2"}],"replies":[{"embeddable":true,"href":"https:\/\/rotasturisticas.jundiai.sp.gov.br\/centrohistorico\/wp-json\/wp\/v2\/comments?post=12"}],"version-history":[{"count":4,"href":"https:\/\/rotasturisticas.jundiai.sp.gov.br\/centrohistorico\/wp-json\/wp\/v2\/pages\/12\/revisions"}],"predecessor-version":[{"id":1404,"href":"https:\/\/rotasturisticas.jundiai.sp.gov.br\/centrohistorico\/wp-json\/wp\/v2\/pages\/12\/revisions\/1404"}],"wp:attachment":[{"href":"https:\/\/rotasturisticas.jundiai.sp.gov.br\/centrohistorico\/wp-json\/wp\/v2\/media?parent=12"}],"curies":[{"name":"wp","href":"https:\/\/api.w.org\/{rel}","templated":true}]}}