{"id":114,"date":"2018-06-28T16:26:07","date_gmt":"2018-06-28T19:26:07","guid":{"rendered":"http:\/\/rotasturisticas.jundiai.sp.gov.br\/centrohistorico\/?page_id=114"},"modified":"2024-08-22T17:46:28","modified_gmt":"2024-08-22T20:46:28","slug":"largo-santa-cruz","status":"publish","type":"page","link":"https:\/\/rotasturisticas.jundiai.sp.gov.br\/centrohistorico\/o-que-visitar\/largo-santa-cruz\/","title":{"rendered":"Largo Santa Cruz"},"content":{"rendered":"\n<p>A \u00e1rea de plantio coletivo (rocio) dos anos 1600, que tem como refer\u00eancia a pra\u00e7a da Bandeira, era o ponto inicial da \u201csa\u00edda seca\u201d da estrada de Pirapora e depois da estrada do Retiro, no sentido de Itu, por outra das pontes originais do centro, at\u00e9 o acesso para a rodovia na d\u00e9cada de 1950. Abrigou ao longo do s\u00e9culo 20 o primeiro bebedouro p\u00fablico, a primeira escola-parque, a primeira rodovi\u00e1ria al\u00e9m da origem das escolas de samba ou a sa\u00edda das passeatas ecol\u00f3gicas pela Serra do Japi.<\/p>\n\n\n\n<p>(Pesquisa e Texto: Jos\u00e9 Arnaldo de Oliveira)<\/p>\n\n\n\n<figure class=\"wp-block-gallery has-nested-images columns-default is-cropped wp-block-gallery-1 is-layout-flex wp-block-gallery-is-layout-flex\">\n<figure class=\"wp-block-image size-full\"><img loading=\"lazy\" decoding=\"async\" width=\"936\" height=\"584\" data-id=\"2048\" src=\"https:\/\/rotasturisticas.jundiai.sp.gov.br\/centrohistorico\/wp-content\/uploads\/sites\/6\/2024\/08\/Praca-da-bandeira-1969.jpg\" alt=\"\" class=\"wp-image-2048\" srcset=\"https:\/\/rotasturisticas.jundiai.sp.gov.br\/centrohistorico\/wp-content\/uploads\/sites\/6\/2024\/08\/Praca-da-bandeira-1969.jpg 936w, https:\/\/rotasturisticas.jundiai.sp.gov.br\/centrohistorico\/wp-content\/uploads\/sites\/6\/2024\/08\/Praca-da-bandeira-1969-768x479.jpg 768w\" sizes=\"auto, (max-width: 936px) 100vw, 936px\" \/><figcaption class=\"wp-element-caption\">1969<\/figcaption><\/figure>\n\n\n\n<figure class=\"wp-block-image size-full\"><img loading=\"lazy\" decoding=\"async\" width=\"1026\" height=\"737\" data-id=\"2055\" src=\"https:\/\/rotasturisticas.jundiai.sp.gov.br\/centrohistorico\/wp-content\/uploads\/sites\/6\/2024\/08\/Praca-das-bandeiras.jpg\" alt=\"\" class=\"wp-image-2055\" srcset=\"https:\/\/rotasturisticas.jundiai.sp.gov.br\/centrohistorico\/wp-content\/uploads\/sites\/6\/2024\/08\/Praca-das-bandeiras.jpg 1026w, https:\/\/rotasturisticas.jundiai.sp.gov.br\/centrohistorico\/wp-content\/uploads\/sites\/6\/2024\/08\/Praca-das-bandeiras-768x552.jpg 768w\" sizes=\"auto, (max-width: 1026px) 100vw, 1026px\" \/><figcaption class=\"wp-element-caption\">Ao centro da imagem, 1948<\/figcaption><\/figure>\n<\/figure>\n","protected":false},"excerpt":{"rendered":"<p>A \u00e1rea de plantio coletivo (rocio) dos anos 1600, que tem como refer\u00eancia a pra\u00e7a da Bandeira, era o ponto inicial da \u201csa\u00edda seca\u201d da estrada de Pirapora e depois da estrada do Retiro, no sentido de Itu, por outra das pontes originais do centro, at\u00e9 o acesso para a rodovia na d\u00e9cada de 1950. [&hellip;]<\/p>\n","protected":false},"author":11,"featured_media":0,"parent":14,"menu_order":0,"comment_status":"closed","ping_status":"closed","template":"page-local.php","meta":{"footnotes":""},"class_list":["post-114","page","type-page","status-publish","hentry"],"_links":{"self":[{"href":"https:\/\/rotasturisticas.jundiai.sp.gov.br\/centrohistorico\/wp-json\/wp\/v2\/pages\/114","targetHints":{"allow":["GET"]}}],"collection":[{"href":"https:\/\/rotasturisticas.jundiai.sp.gov.br\/centrohistorico\/wp-json\/wp\/v2\/pages"}],"about":[{"href":"https:\/\/rotasturisticas.jundiai.sp.gov.br\/centrohistorico\/wp-json\/wp\/v2\/types\/page"}],"author":[{"embeddable":true,"href":"https:\/\/rotasturisticas.jundiai.sp.gov.br\/centrohistorico\/wp-json\/wp\/v2\/users\/11"}],"replies":[{"embeddable":true,"href":"https:\/\/rotasturisticas.jundiai.sp.gov.br\/centrohistorico\/wp-json\/wp\/v2\/comments?post=114"}],"version-history":[{"count":5,"href":"https:\/\/rotasturisticas.jundiai.sp.gov.br\/centrohistorico\/wp-json\/wp\/v2\/pages\/114\/revisions"}],"predecessor-version":[{"id":2056,"href":"https:\/\/rotasturisticas.jundiai.sp.gov.br\/centrohistorico\/wp-json\/wp\/v2\/pages\/114\/revisions\/2056"}],"up":[{"embeddable":true,"href":"https:\/\/rotasturisticas.jundiai.sp.gov.br\/centrohistorico\/wp-json\/wp\/v2\/pages\/14"}],"wp:attachment":[{"href":"https:\/\/rotasturisticas.jundiai.sp.gov.br\/centrohistorico\/wp-json\/wp\/v2\/media?parent=114"}],"curies":[{"name":"wp","href":"https:\/\/api.w.org\/{rel}","templated":true}]}}