{"id":112,"date":"2018-06-28T15:00:49","date_gmt":"2018-06-28T18:00:49","guid":{"rendered":"http:\/\/rotasturisticas.jundiai.sp.gov.br\/centrohistorico\/?page_id=112"},"modified":"2024-09-05T17:39:34","modified_gmt":"2024-09-05T20:39:34","slug":"ponte-de-campinas","status":"publish","type":"page","link":"https:\/\/rotasturisticas.jundiai.sp.gov.br\/centrohistorico\/o-que-visitar\/ponte-de-campinas\/","title":{"rendered":"Ponte de Campinas"},"content":{"rendered":"\n<p>A origem do nome popular dessa \u00e1rea uma das sa\u00eddas do centro entre rios por uma de suas pontes originais, desde o s\u00e9culo 17 para a rota do antigo Caminho dos Goiases e depois pelo caminho para a vila de Nossa Senhora da Concei\u00e7\u00e3o das Campinas do Mato Grosso de Jundiahy (atual Campinas), emancipada em 1774. Foi ponto de abastecimento para a \u00e1rea rural e de chegada de boiadas e tropas de cavalos antes de receber ind\u00fastrias no s\u00e9culo 20 e atualmente um polo de cultura, lazer e servi\u00e7os.<\/p>\n\n\n\n<p>(Pesquisa e Texto: Jos\u00e9 Arnaldo de Oliveira)<\/p>\n","protected":false},"excerpt":{"rendered":"<p>A origem do nome popular dessa \u00e1rea uma das sa\u00eddas do centro entre rios por uma de suas pontes originais, desde o s\u00e9culo 17 para a rota do antigo Caminho dos Goiases e depois pelo caminho para a vila de Nossa Senhora da Concei\u00e7\u00e3o das Campinas do Mato Grosso de Jundiahy (atual Campinas), emancipada em [&hellip;]<\/p>\n","protected":false},"author":11,"featured_media":2109,"parent":14,"menu_order":0,"comment_status":"closed","ping_status":"closed","template":"page-local.php","meta":{"footnotes":""},"class_list":["post-112","page","type-page","status-publish","has-post-thumbnail","hentry"],"_links":{"self":[{"href":"https:\/\/rotasturisticas.jundiai.sp.gov.br\/centrohistorico\/wp-json\/wp\/v2\/pages\/112","targetHints":{"allow":["GET"]}}],"collection":[{"href":"https:\/\/rotasturisticas.jundiai.sp.gov.br\/centrohistorico\/wp-json\/wp\/v2\/pages"}],"about":[{"href":"https:\/\/rotasturisticas.jundiai.sp.gov.br\/centrohistorico\/wp-json\/wp\/v2\/types\/page"}],"author":[{"embeddable":true,"href":"https:\/\/rotasturisticas.jundiai.sp.gov.br\/centrohistorico\/wp-json\/wp\/v2\/users\/11"}],"replies":[{"embeddable":true,"href":"https:\/\/rotasturisticas.jundiai.sp.gov.br\/centrohistorico\/wp-json\/wp\/v2\/comments?post=112"}],"version-history":[{"count":2,"href":"https:\/\/rotasturisticas.jundiai.sp.gov.br\/centrohistorico\/wp-json\/wp\/v2\/pages\/112\/revisions"}],"predecessor-version":[{"id":1828,"href":"https:\/\/rotasturisticas.jundiai.sp.gov.br\/centrohistorico\/wp-json\/wp\/v2\/pages\/112\/revisions\/1828"}],"up":[{"embeddable":true,"href":"https:\/\/rotasturisticas.jundiai.sp.gov.br\/centrohistorico\/wp-json\/wp\/v2\/pages\/14"}],"wp:featuredmedia":[{"embeddable":true,"href":"https:\/\/rotasturisticas.jundiai.sp.gov.br\/centrohistorico\/wp-json\/wp\/v2\/media\/2109"}],"wp:attachment":[{"href":"https:\/\/rotasturisticas.jundiai.sp.gov.br\/centrohistorico\/wp-json\/wp\/v2\/media?parent=112"}],"curies":[{"name":"wp","href":"https:\/\/api.w.org\/{rel}","templated":true}]}}