{"id":108,"date":"2018-06-28T14:57:34","date_gmt":"2018-06-28T17:57:34","guid":{"rendered":"http:\/\/rotasturisticas.jundiai.sp.gov.br\/centrohistorico\/?page_id=108"},"modified":"2024-09-05T17:40:29","modified_gmt":"2024-09-05T20:40:29","slug":"rua-jorge-zolner","status":"publish","type":"page","link":"https:\/\/rotasturisticas.jundiai.sp.gov.br\/centrohistorico\/o-que-visitar\/rua-jorge-zolner\/","title":{"rendered":"Rua Jorge Zolner"},"content":{"rendered":"\n<p>O nome \u00e9 do \u00fanico volunt\u00e1rio jundiaiense morto nos conflitos da Revolu\u00e7\u00e3o Constitucionalista de 1932, quando o Estado de S\u00e3o Paulo enfrentou por tr\u00eas meses o restante do pa\u00eds para conseguir a Lei Magana do regime iniciado em 1930 por Get\u00falio Vargas. A cidade foi importante no apoio ferrovi\u00e1rio ao movimento e tem avenidas, ruas e pra\u00e7as com nomes ligados ao epis\u00f3dio. Mas a recep\u00e7\u00e3o \u00e0s tropas advers\u00e1rias por muitos moradores foi pac\u00edfica no fim do conflito, com caf\u00e9 e vinho. <\/p>\n\n\n\n<p>(Pesquisa e Texto: Jos\u00e9 Arnaldo de Oliveira)<\/p>\n","protected":false},"excerpt":{"rendered":"<p>O nome \u00e9 do \u00fanico volunt\u00e1rio jundiaiense morto nos conflitos da Revolu\u00e7\u00e3o Constitucionalista de 1932, quando o Estado de S\u00e3o Paulo enfrentou por tr\u00eas meses o restante do pa\u00eds para conseguir a Lei Magana do regime iniciado em 1930 por Get\u00falio Vargas. A cidade foi importante no apoio ferrovi\u00e1rio ao movimento e tem avenidas, ruas [&hellip;]<\/p>\n","protected":false},"author":11,"featured_media":2109,"parent":14,"menu_order":0,"comment_status":"closed","ping_status":"closed","template":"page-local.php","meta":{"footnotes":""},"class_list":["post-108","page","type-page","status-publish","has-post-thumbnail","hentry"],"_links":{"self":[{"href":"https:\/\/rotasturisticas.jundiai.sp.gov.br\/centrohistorico\/wp-json\/wp\/v2\/pages\/108","targetHints":{"allow":["GET"]}}],"collection":[{"href":"https:\/\/rotasturisticas.jundiai.sp.gov.br\/centrohistorico\/wp-json\/wp\/v2\/pages"}],"about":[{"href":"https:\/\/rotasturisticas.jundiai.sp.gov.br\/centrohistorico\/wp-json\/wp\/v2\/types\/page"}],"author":[{"embeddable":true,"href":"https:\/\/rotasturisticas.jundiai.sp.gov.br\/centrohistorico\/wp-json\/wp\/v2\/users\/11"}],"replies":[{"embeddable":true,"href":"https:\/\/rotasturisticas.jundiai.sp.gov.br\/centrohistorico\/wp-json\/wp\/v2\/comments?post=108"}],"version-history":[{"count":2,"href":"https:\/\/rotasturisticas.jundiai.sp.gov.br\/centrohistorico\/wp-json\/wp\/v2\/pages\/108\/revisions"}],"predecessor-version":[{"id":1837,"href":"https:\/\/rotasturisticas.jundiai.sp.gov.br\/centrohistorico\/wp-json\/wp\/v2\/pages\/108\/revisions\/1837"}],"up":[{"embeddable":true,"href":"https:\/\/rotasturisticas.jundiai.sp.gov.br\/centrohistorico\/wp-json\/wp\/v2\/pages\/14"}],"wp:featuredmedia":[{"embeddable":true,"href":"https:\/\/rotasturisticas.jundiai.sp.gov.br\/centrohistorico\/wp-json\/wp\/v2\/media\/2109"}],"wp:attachment":[{"href":"https:\/\/rotasturisticas.jundiai.sp.gov.br\/centrohistorico\/wp-json\/wp\/v2\/media?parent=108"}],"curies":[{"name":"wp","href":"https:\/\/api.w.org\/{rel}","templated":true}]}}