{"id":104,"date":"2018-06-28T14:54:03","date_gmt":"2018-06-28T17:54:03","guid":{"rendered":"http:\/\/rotasturisticas.jundiai.sp.gov.br\/centrohistorico\/?page_id=104"},"modified":"2024-09-05T17:39:05","modified_gmt":"2024-09-05T20:39:05","slug":"largo-do-cemiterio","status":"publish","type":"page","link":"https:\/\/rotasturisticas.jundiai.sp.gov.br\/centrohistorico\/o-que-visitar\/largo-do-cemiterio\/","title":{"rendered":"Largo do Cemit\u00e9rio"},"content":{"rendered":"\n<p>A \u00e1rea \u00e9 orientada desde 1860 pelo Cemit\u00e9rio Nossa Senhora do Desterro, ent\u00e3o fora da \u00e1rea urbana do s\u00e9culo 19 e que mudou a rotina dos sepultamentos carregados em len\u00e7\u00f3is e espalhados por muitos pontos da regi\u00e3o central nos duzentos anos anteriores. Abriga t\u00famulos de personalidades como Domingos Anast\u00e1cio, Maria Polito, Leonardo Cavalcanti, Ernesto Gould e Manoel Dias e muitos outros. \u00c0 sua frente esteve o est\u00e1dio do Paulista Foot Ball Club, fundado em 1909, at\u00e9 a d\u00e9cada de 1950.<\/p>\n\n\n\n<p>(Pesquisa e Texto: Jos\u00e9 Arnaldo de Oliveira)<\/p>\n\n\n\n<figure class=\"wp-block-gallery has-nested-images columns-default is-cropped wp-block-gallery-1 is-layout-flex wp-block-gallery-is-layout-flex\">\n<figure class=\"wp-block-image size-large\"><a href=\"https:\/\/rotasturisticas.jundiai.sp.gov.br\/centrohistorico\/wp-content\/uploads\/sites\/6\/2024\/09\/Fachada-Desterro-2020.png\"><img loading=\"lazy\" decoding=\"async\" width=\"1280\" height=\"622\" data-id=\"2111\" src=\"https:\/\/rotasturisticas.jundiai.sp.gov.br\/centrohistorico\/wp-content\/uploads\/sites\/6\/2024\/09\/Fachada-Desterro-2020.png\" alt=\"\" class=\"wp-image-2111\" srcset=\"https:\/\/rotasturisticas.jundiai.sp.gov.br\/centrohistorico\/wp-content\/uploads\/sites\/6\/2024\/09\/Fachada-Desterro-2020.png 1280w, https:\/\/rotasturisticas.jundiai.sp.gov.br\/centrohistorico\/wp-content\/uploads\/sites\/6\/2024\/09\/Fachada-Desterro-2020-768x373.png 768w\" sizes=\"auto, (max-width: 1280px) 100vw, 1280px\" \/><\/a><\/figure>\n<\/figure>\n","protected":false},"excerpt":{"rendered":"<p>A \u00e1rea \u00e9 orientada desde 1860 pelo Cemit\u00e9rio Nossa Senhora do Desterro, ent\u00e3o fora da \u00e1rea urbana do s\u00e9culo 19 e que mudou a rotina dos sepultamentos carregados em len\u00e7\u00f3is e espalhados por muitos pontos da regi\u00e3o central nos duzentos anos anteriores. Abriga t\u00famulos de personalidades como Domingos Anast\u00e1cio, Maria Polito, Leonardo Cavalcanti, Ernesto Gould [&hellip;]<\/p>\n","protected":false},"author":11,"featured_media":0,"parent":14,"menu_order":0,"comment_status":"closed","ping_status":"closed","template":"page-local.php","meta":{"footnotes":""},"class_list":["post-104","page","type-page","status-publish","hentry"],"_links":{"self":[{"href":"https:\/\/rotasturisticas.jundiai.sp.gov.br\/centrohistorico\/wp-json\/wp\/v2\/pages\/104","targetHints":{"allow":["GET"]}}],"collection":[{"href":"https:\/\/rotasturisticas.jundiai.sp.gov.br\/centrohistorico\/wp-json\/wp\/v2\/pages"}],"about":[{"href":"https:\/\/rotasturisticas.jundiai.sp.gov.br\/centrohistorico\/wp-json\/wp\/v2\/types\/page"}],"author":[{"embeddable":true,"href":"https:\/\/rotasturisticas.jundiai.sp.gov.br\/centrohistorico\/wp-json\/wp\/v2\/users\/11"}],"replies":[{"embeddable":true,"href":"https:\/\/rotasturisticas.jundiai.sp.gov.br\/centrohistorico\/wp-json\/wp\/v2\/comments?post=104"}],"version-history":[{"count":3,"href":"https:\/\/rotasturisticas.jundiai.sp.gov.br\/centrohistorico\/wp-json\/wp\/v2\/pages\/104\/revisions"}],"predecessor-version":[{"id":2112,"href":"https:\/\/rotasturisticas.jundiai.sp.gov.br\/centrohistorico\/wp-json\/wp\/v2\/pages\/104\/revisions\/2112"}],"up":[{"embeddable":true,"href":"https:\/\/rotasturisticas.jundiai.sp.gov.br\/centrohistorico\/wp-json\/wp\/v2\/pages\/14"}],"wp:attachment":[{"href":"https:\/\/rotasturisticas.jundiai.sp.gov.br\/centrohistorico\/wp-json\/wp\/v2\/media?parent=104"}],"curies":[{"name":"wp","href":"https:\/\/api.w.org\/{rel}","templated":true}]}}