{"id":102,"date":"2018-06-28T14:53:30","date_gmt":"2018-06-28T17:53:30","guid":{"rendered":"http:\/\/rotasturisticas.jundiai.sp.gov.br\/centrohistorico\/?page_id=102"},"modified":"2024-08-22T16:49:14","modified_gmt":"2024-08-22T19:49:14","slug":"largo-do-chafariz","status":"publish","type":"page","link":"https:\/\/rotasturisticas.jundiai.sp.gov.br\/centrohistorico\/o-que-visitar\/largo-do-chafariz\/","title":{"rendered":"Largo do Chafariz"},"content":{"rendered":"\n<p>O chafariz remanescente e desativado na atual pra\u00e7a Bar\u00e3o do Japy \u00e9 uma refer\u00eancia da passagem de tropas de cavalos de carga e at\u00e9 de boiadas entre os anos 1700 a 1900, entre o antigo caminho rural da Palha (atual rua Prudente de Moraes) e a antiga estrada das Minas Geraes (atuais rua Aboli\u00e7\u00e3o e avenida Itatiba, antes dos trilhos).&nbsp; Outro chafariz, mais recente, funcionou com a t\u00edpica \u201ccabe\u00e7a de le\u00e3o\u201d na pra\u00e7a Orville Green, na esquina com a avenida Uni\u00e3o dos Ferrovi\u00e1rios.<\/p>\n\n\n\n<p>(Pesquisa e Texto: Jos\u00e9 Arnaldo de Oliveira)<\/p>\n\n\n\n<figure class=\"wp-block-gallery has-nested-images columns-default is-cropped wp-block-gallery-1 is-layout-flex wp-block-gallery-is-layout-flex\">\n<figure class=\"wp-block-image size-large\"><a href=\"https:\/\/rotasturisticas.jundiai.sp.gov.br\/centrohistorico\/wp-content\/uploads\/sites\/6\/2024\/08\/praca_orvile_grim_D1g-720x545-1.jpg\"><img loading=\"lazy\" decoding=\"async\" width=\"720\" height=\"545\" data-id=\"2023\" src=\"https:\/\/rotasturisticas.jundiai.sp.gov.br\/centrohistorico\/wp-content\/uploads\/sites\/6\/2024\/08\/praca_orvile_grim_D1g-720x545-1.jpg\" alt=\"\" class=\"wp-image-2023\" \/><\/a><figcaption class=\"wp-element-caption\">Pra\u00e7a Orville Green<\/figcaption><\/figure>\n\n\n\n<figure class=\"wp-block-image size-large\"><a href=\"https:\/\/rotasturisticas.jundiai.sp.gov.br\/centrohistorico\/wp-content\/uploads\/sites\/6\/2024\/08\/Cabeca-de-leao-Orville.jpg\"><img loading=\"lazy\" decoding=\"async\" width=\"1080\" height=\"592\" data-id=\"2025\" src=\"https:\/\/rotasturisticas.jundiai.sp.gov.br\/centrohistorico\/wp-content\/uploads\/sites\/6\/2024\/08\/Cabeca-de-leao-Orville.jpg\" alt=\"\" class=\"wp-image-2025\" srcset=\"https:\/\/rotasturisticas.jundiai.sp.gov.br\/centrohistorico\/wp-content\/uploads\/sites\/6\/2024\/08\/Cabeca-de-leao-Orville.jpg 1080w, https:\/\/rotasturisticas.jundiai.sp.gov.br\/centrohistorico\/wp-content\/uploads\/sites\/6\/2024\/08\/Cabeca-de-leao-Orville-768x421.jpg 768w\" sizes=\"auto, (max-width: 1080px) 100vw, 1080px\" \/><\/a><figcaption class=\"wp-element-caption\">Pra\u00e7a Orville Green<\/figcaption><\/figure>\n\n\n\n<figure class=\"wp-block-image size-large\"><a href=\"https:\/\/rotasturisticas.jundiai.sp.gov.br\/centrohistorico\/wp-content\/uploads\/sites\/6\/2024\/08\/praca-do-Chafariz-anos-50.jpg\"><img loading=\"lazy\" decoding=\"async\" width=\"720\" height=\"482\" data-id=\"2029\" src=\"https:\/\/rotasturisticas.jundiai.sp.gov.br\/centrohistorico\/wp-content\/uploads\/sites\/6\/2024\/08\/praca-do-Chafariz-anos-50.jpg\" alt=\"\" class=\"wp-image-2029\" \/><\/a><figcaption class=\"wp-element-caption\">Pra\u00e7a do Chafariz Anos 50.Arquiv Professor Maur\u00edcio Ferreira<\/figcaption><\/figure>\n<\/figure>\n","protected":false},"excerpt":{"rendered":"<p>O chafariz remanescente e desativado na atual pra\u00e7a Bar\u00e3o do Japy \u00e9 uma refer\u00eancia da passagem de tropas de cavalos de carga e at\u00e9 de boiadas entre os anos 1700 a 1900, entre o antigo caminho rural da Palha (atual rua Prudente de Moraes) e a antiga estrada das Minas Geraes (atuais rua Aboli\u00e7\u00e3o e [&hellip;]<\/p>\n","protected":false},"author":11,"featured_media":0,"parent":14,"menu_order":0,"comment_status":"closed","ping_status":"closed","template":"page-local.php","meta":{"footnotes":""},"class_list":["post-102","page","type-page","status-publish","hentry"],"_links":{"self":[{"href":"https:\/\/rotasturisticas.jundiai.sp.gov.br\/centrohistorico\/wp-json\/wp\/v2\/pages\/102","targetHints":{"allow":["GET"]}}],"collection":[{"href":"https:\/\/rotasturisticas.jundiai.sp.gov.br\/centrohistorico\/wp-json\/wp\/v2\/pages"}],"about":[{"href":"https:\/\/rotasturisticas.jundiai.sp.gov.br\/centrohistorico\/wp-json\/wp\/v2\/types\/page"}],"author":[{"embeddable":true,"href":"https:\/\/rotasturisticas.jundiai.sp.gov.br\/centrohistorico\/wp-json\/wp\/v2\/users\/11"}],"replies":[{"embeddable":true,"href":"https:\/\/rotasturisticas.jundiai.sp.gov.br\/centrohistorico\/wp-json\/wp\/v2\/comments?post=102"}],"version-history":[{"count":5,"href":"https:\/\/rotasturisticas.jundiai.sp.gov.br\/centrohistorico\/wp-json\/wp\/v2\/pages\/102\/revisions"}],"predecessor-version":[{"id":2030,"href":"https:\/\/rotasturisticas.jundiai.sp.gov.br\/centrohistorico\/wp-json\/wp\/v2\/pages\/102\/revisions\/2030"}],"up":[{"embeddable":true,"href":"https:\/\/rotasturisticas.jundiai.sp.gov.br\/centrohistorico\/wp-json\/wp\/v2\/pages\/14"}],"wp:attachment":[{"href":"https:\/\/rotasturisticas.jundiai.sp.gov.br\/centrohistorico\/wp-json\/wp\/v2\/media?parent=102"}],"curies":[{"name":"wp","href":"https:\/\/api.w.org\/{rel}","templated":true}]}}