{"id":43,"date":"2016-09-06T15:41:28","date_gmt":"2016-09-06T18:41:28","guid":{"rendered":"http:\/\/rotasturisticas.jundiai.sp.gov.br\/castanho\/?page_id=43"},"modified":"2023-03-13T11:32:33","modified_gmt":"2023-03-13T14:32:33","slug":"vinicola-castanho","status":"publish","type":"page","link":"https:\/\/rotasturisticas.jundiai.sp.gov.br\/castanho\/o-que-visitar\/vinicola-castanho\/","title":{"rendered":"Vin\u00edcola Castanho"},"content":{"rendered":"\n<p>Venha nos visitar e aproveite todas as sensa\u00e7\u00f5es que um bom vinho pode trazer !<\/p>\n\n\n\n<p>H\u00e1 d\u00e9cadas a Vin\u00edcola Castanho busca a excel\u00eancia da qualidade na elabora\u00e7\u00e3o dos seus vinhos, mantendo a tradi\u00e7\u00e3o e a hist\u00f3ria viva em cada produto.<\/p>\n\n\n\n<figure class=\"wp-block-gallery has-nested-images columns-default is-cropped wp-block-gallery-1 is-layout-flex wp-block-gallery-is-layout-flex\">\n<figure class=\"wp-block-image size-large\"><img loading=\"lazy\" decoding=\"async\" width=\"1280\" height=\"853\" data-id=\"236\" src=\"https:\/\/rotasturisticas.jundiai.sp.gov.br\/castanho\/wp-content\/uploads\/sites\/4\/2023\/03\/Vinicola-Castanho-2.jpg\" alt=\"\" class=\"wp-image-236\" srcset=\"https:\/\/rotasturisticas.jundiai.sp.gov.br\/castanho\/wp-content\/uploads\/sites\/4\/2023\/03\/Vinicola-Castanho-2.jpg 1280w, https:\/\/rotasturisticas.jundiai.sp.gov.br\/castanho\/wp-content\/uploads\/sites\/4\/2023\/03\/Vinicola-Castanho-2-768x512.jpg 768w\" sizes=\"auto, (max-width: 1280px) 100vw, 1280px\" \/><\/figure>\n\n\n\n<figure class=\"wp-block-image size-large\"><img loading=\"lazy\" decoding=\"async\" width=\"1280\" height=\"853\" data-id=\"238\" src=\"https:\/\/rotasturisticas.jundiai.sp.gov.br\/castanho\/wp-content\/uploads\/sites\/4\/2023\/03\/Vinicola-Castanho-3.jpg\" alt=\"\" class=\"wp-image-238\" srcset=\"https:\/\/rotasturisticas.jundiai.sp.gov.br\/castanho\/wp-content\/uploads\/sites\/4\/2023\/03\/Vinicola-Castanho-3.jpg 1280w, https:\/\/rotasturisticas.jundiai.sp.gov.br\/castanho\/wp-content\/uploads\/sites\/4\/2023\/03\/Vinicola-Castanho-3-768x512.jpg 768w\" sizes=\"auto, (max-width: 1280px) 100vw, 1280px\" \/><\/figure>\n\n\n\n<figure class=\"wp-block-image size-large\"><img loading=\"lazy\" decoding=\"async\" width=\"960\" height=\"720\" data-id=\"237\" src=\"https:\/\/rotasturisticas.jundiai.sp.gov.br\/castanho\/wp-content\/uploads\/sites\/4\/2023\/03\/Vinicola-Castanho-4.jpg\" alt=\"\" class=\"wp-image-237\" srcset=\"https:\/\/rotasturisticas.jundiai.sp.gov.br\/castanho\/wp-content\/uploads\/sites\/4\/2023\/03\/Vinicola-Castanho-4.jpg 960w, https:\/\/rotasturisticas.jundiai.sp.gov.br\/castanho\/wp-content\/uploads\/sites\/4\/2023\/03\/Vinicola-Castanho-4-300x225.jpg 300w, https:\/\/rotasturisticas.jundiai.sp.gov.br\/castanho\/wp-content\/uploads\/sites\/4\/2023\/03\/Vinicola-Castanho-4-768x576.jpg 768w\" sizes=\"auto, (max-width: 960px) 100vw, 960px\" \/><\/figure>\n\n\n\n<figure class=\"wp-block-image size-large\"><img loading=\"lazy\" decoding=\"async\" width=\"1267\" height=\"950\" data-id=\"239\" src=\"https:\/\/rotasturisticas.jundiai.sp.gov.br\/castanho\/wp-content\/uploads\/sites\/4\/2023\/03\/Vinicola-Castanho-5-1267x950.jpg\" alt=\"\" class=\"wp-image-239\" srcset=\"https:\/\/rotasturisticas.jundiai.sp.gov.br\/castanho\/wp-content\/uploads\/sites\/4\/2023\/03\/Vinicola-Castanho-5-1267x950.jpg 1267w, https:\/\/rotasturisticas.jundiai.sp.gov.br\/castanho\/wp-content\/uploads\/sites\/4\/2023\/03\/Vinicola-Castanho-5-300x225.jpg 300w, https:\/\/rotasturisticas.jundiai.sp.gov.br\/castanho\/wp-content\/uploads\/sites\/4\/2023\/03\/Vinicola-Castanho-5-768x576.jpg 768w, https:\/\/rotasturisticas.jundiai.sp.gov.br\/castanho\/wp-content\/uploads\/sites\/4\/2023\/03\/Vinicola-Castanho-5.jpg 1280w\" sizes=\"auto, (max-width: 1267px) 100vw, 1267px\" \/><\/figure>\n\n\n\n<figure class=\"wp-block-image size-large\"><img loading=\"lazy\" decoding=\"async\" width=\"776\" height=\"640\" data-id=\"235\" src=\"https:\/\/rotasturisticas.jundiai.sp.gov.br\/castanho\/wp-content\/uploads\/sites\/4\/2023\/03\/Vinicola-Castanho-1.jpg\" alt=\"\" class=\"wp-image-235\" srcset=\"https:\/\/rotasturisticas.jundiai.sp.gov.br\/castanho\/wp-content\/uploads\/sites\/4\/2023\/03\/Vinicola-Castanho-1.jpg 776w, https:\/\/rotasturisticas.jundiai.sp.gov.br\/castanho\/wp-content\/uploads\/sites\/4\/2023\/03\/Vinicola-Castanho-1-768x633.jpg 768w\" sizes=\"auto, (max-width: 776px) 100vw, 776px\" \/><\/figure>\n<\/figure>\n","protected":false},"excerpt":{"rendered":"<p>Venha nos visitar e aproveite todas as sensa\u00e7\u00f5es que um bom vinho pode trazer ! H\u00e1 d\u00e9cadas a Vin\u00edcola Castanho busca a excel\u00eancia da qualidade na elabora\u00e7\u00e3o dos seus vinhos, mantendo a tradi\u00e7\u00e3o e a hist\u00f3ria viva em cada produto.<\/p>\n","protected":false},"author":4,"featured_media":202,"parent":18,"menu_order":0,"comment_status":"closed","ping_status":"closed","template":"page-local.php","meta":{"footnotes":""},"class_list":["post-43","page","type-page","status-publish","has-post-thumbnail","hentry"],"_links":{"self":[{"href":"https:\/\/rotasturisticas.jundiai.sp.gov.br\/castanho\/wp-json\/wp\/v2\/pages\/43","targetHints":{"allow":["GET"]}}],"collection":[{"href":"https:\/\/rotasturisticas.jundiai.sp.gov.br\/castanho\/wp-json\/wp\/v2\/pages"}],"about":[{"href":"https:\/\/rotasturisticas.jundiai.sp.gov.br\/castanho\/wp-json\/wp\/v2\/types\/page"}],"author":[{"embeddable":true,"href":"https:\/\/rotasturisticas.jundiai.sp.gov.br\/castanho\/wp-json\/wp\/v2\/users\/4"}],"replies":[{"embeddable":true,"href":"https:\/\/rotasturisticas.jundiai.sp.gov.br\/castanho\/wp-json\/wp\/v2\/comments?post=43"}],"version-history":[{"count":12,"href":"https:\/\/rotasturisticas.jundiai.sp.gov.br\/castanho\/wp-json\/wp\/v2\/pages\/43\/revisions"}],"predecessor-version":[{"id":240,"href":"https:\/\/rotasturisticas.jundiai.sp.gov.br\/castanho\/wp-json\/wp\/v2\/pages\/43\/revisions\/240"}],"up":[{"embeddable":true,"href":"https:\/\/rotasturisticas.jundiai.sp.gov.br\/castanho\/wp-json\/wp\/v2\/pages\/18"}],"wp:featuredmedia":[{"embeddable":true,"href":"https:\/\/rotasturisticas.jundiai.sp.gov.br\/castanho\/wp-json\/wp\/v2\/media\/202"}],"wp:attachment":[{"href":"https:\/\/rotasturisticas.jundiai.sp.gov.br\/castanho\/wp-json\/wp\/v2\/media?parent=43"}],"curies":[{"name":"wp","href":"https:\/\/api.w.org\/{rel}","templated":true}]}}