{"id":39,"date":"2016-09-06T15:37:20","date_gmt":"2016-09-06T18:37:20","guid":{"rendered":"http:\/\/rotasturisticas.jundiai.sp.gov.br\/castanho\/?page_id=39"},"modified":"2023-03-13T11:28:43","modified_gmt":"2023-03-13T14:28:43","slug":"carpe-diem-animacao-socio-cultural","status":"publish","type":"page","link":"https:\/\/rotasturisticas.jundiai.sp.gov.br\/castanho\/o-que-visitar\/carpe-diem-animacao-socio-cultural\/","title":{"rendered":"Espa\u00e7o Carpe Diem de Lazer"},"content":{"rendered":"\n<p>O Espa\u00e7o <em>Carpe Diem<\/em> de lazer \u00e9 uma \u00e1rea de 52.000 m, que conta com uma parte da mata atl\u00e2ntica com trilha e planta\u00e7\u00e3o de caf\u00e9, piscina, campo de futebol, churrasqueira, vesti\u00e1rios, sal\u00e3o de festas e sal\u00e3o de jogos preparados para receber escolas e grupos fechados.<\/p>\n\n\n\n<p>A empresa elabora e realiza atividades como Day Camp (atividades recreativas) e Night Camp (gincanas, roda de conversa na fogueira, trilha na mata, atividades com m\u00fasica, jogos noturnos com lanterna e dormir em barracas com filme no tel\u00e3o) para turmas fechadas de escolas com monitoria e jogos espec\u00edficos para cada idade.<\/p>\n\n\n\n<figure class=\"wp-block-gallery has-nested-images columns-default is-cropped wp-block-gallery-1 is-layout-flex wp-block-gallery-is-layout-flex\">\n<figure class=\"wp-block-image size-large\"><a href=\"https:\/\/rotasturisticas.jundiai.sp.gov.br\/castanho\/wp-content\/uploads\/sites\/4\/2021\/07\/carpe-diem-estrutura-10.jpeg\"><img loading=\"lazy\" decoding=\"async\" width=\"720\" height=\"960\" data-id=\"152\" src=\"https:\/\/rotasturisticas.jundiai.sp.gov.br\/castanho\/wp-content\/uploads\/sites\/4\/2021\/07\/carpe-diem-estrutura-10-720x960.jpeg\" alt=\"\" class=\"wp-image-152\" srcset=\"https:\/\/rotasturisticas.jundiai.sp.gov.br\/castanho\/wp-content\/uploads\/sites\/4\/2021\/07\/carpe-diem-estrutura-10-720x960.jpeg 720w, https:\/\/rotasturisticas.jundiai.sp.gov.br\/castanho\/wp-content\/uploads\/sites\/4\/2021\/07\/carpe-diem-estrutura-10-300x400.jpeg 300w, https:\/\/rotasturisticas.jundiai.sp.gov.br\/castanho\/wp-content\/uploads\/sites\/4\/2021\/07\/carpe-diem-estrutura-10.jpeg 768w\" sizes=\"auto, (max-width: 720px) 100vw, 720px\" \/><\/a><\/figure>\n\n\n\n<figure class=\"wp-block-image size-large\"><a href=\"https:\/\/rotasturisticas.jundiai.sp.gov.br\/castanho\/wp-content\/uploads\/sites\/4\/2021\/07\/carpe-diem-estrutura-1.jpeg\"><img loading=\"lazy\" decoding=\"async\" width=\"920\" height=\"690\" data-id=\"153\" src=\"https:\/\/rotasturisticas.jundiai.sp.gov.br\/castanho\/wp-content\/uploads\/sites\/4\/2021\/07\/carpe-diem-estrutura-1-920x690.jpeg\" alt=\"\" class=\"wp-image-153\" srcset=\"https:\/\/rotasturisticas.jundiai.sp.gov.br\/castanho\/wp-content\/uploads\/sites\/4\/2021\/07\/carpe-diem-estrutura-1-920x690.jpeg 920w, https:\/\/rotasturisticas.jundiai.sp.gov.br\/castanho\/wp-content\/uploads\/sites\/4\/2021\/07\/carpe-diem-estrutura-1-300x225.jpeg 300w, https:\/\/rotasturisticas.jundiai.sp.gov.br\/castanho\/wp-content\/uploads\/sites\/4\/2021\/07\/carpe-diem-estrutura-1-768x576.jpeg 768w, https:\/\/rotasturisticas.jundiai.sp.gov.br\/castanho\/wp-content\/uploads\/sites\/4\/2021\/07\/carpe-diem-estrutura-1.jpeg 1280w\" sizes=\"auto, (max-width: 920px) 100vw, 920px\" \/><\/a><\/figure>\n\n\n\n<figure class=\"wp-block-image size-large\"><a href=\"https:\/\/rotasturisticas.jundiai.sp.gov.br\/castanho\/wp-content\/uploads\/sites\/4\/2021\/07\/carpe-diem-estrutura-2.jpeg\"><img loading=\"lazy\" decoding=\"async\" width=\"920\" height=\"690\" data-id=\"154\" src=\"https:\/\/rotasturisticas.jundiai.sp.gov.br\/castanho\/wp-content\/uploads\/sites\/4\/2021\/07\/carpe-diem-estrutura-2-920x690.jpeg\" alt=\"\" class=\"wp-image-154\" srcset=\"https:\/\/rotasturisticas.jundiai.sp.gov.br\/castanho\/wp-content\/uploads\/sites\/4\/2021\/07\/carpe-diem-estrutura-2-920x690.jpeg 920w, https:\/\/rotasturisticas.jundiai.sp.gov.br\/castanho\/wp-content\/uploads\/sites\/4\/2021\/07\/carpe-diem-estrutura-2-300x225.jpeg 300w, https:\/\/rotasturisticas.jundiai.sp.gov.br\/castanho\/wp-content\/uploads\/sites\/4\/2021\/07\/carpe-diem-estrutura-2-768x576.jpeg 768w, https:\/\/rotasturisticas.jundiai.sp.gov.br\/castanho\/wp-content\/uploads\/sites\/4\/2021\/07\/carpe-diem-estrutura-2.jpeg 1280w\" sizes=\"auto, (max-width: 920px) 100vw, 920px\" \/><\/a><\/figure>\n\n\n\n<figure class=\"wp-block-image size-large\"><a href=\"https:\/\/rotasturisticas.jundiai.sp.gov.br\/castanho\/wp-content\/uploads\/sites\/4\/2021\/07\/carpe-diem-estrutura-4.jpeg\"><img loading=\"lazy\" decoding=\"async\" width=\"920\" height=\"518\" data-id=\"155\" src=\"https:\/\/rotasturisticas.jundiai.sp.gov.br\/castanho\/wp-content\/uploads\/sites\/4\/2021\/07\/carpe-diem-estrutura-4-920x518.jpeg\" alt=\"\" class=\"wp-image-155\" srcset=\"https:\/\/rotasturisticas.jundiai.sp.gov.br\/castanho\/wp-content\/uploads\/sites\/4\/2021\/07\/carpe-diem-estrutura-4-920x518.jpeg 920w, https:\/\/rotasturisticas.jundiai.sp.gov.br\/castanho\/wp-content\/uploads\/sites\/4\/2021\/07\/carpe-diem-estrutura-4-300x169.jpeg 300w, https:\/\/rotasturisticas.jundiai.sp.gov.br\/castanho\/wp-content\/uploads\/sites\/4\/2021\/07\/carpe-diem-estrutura-4-768x432.jpeg 768w, https:\/\/rotasturisticas.jundiai.sp.gov.br\/castanho\/wp-content\/uploads\/sites\/4\/2021\/07\/carpe-diem-estrutura-4.jpeg 1280w\" sizes=\"auto, (max-width: 920px) 100vw, 920px\" \/><\/a><\/figure>\n\n\n\n<figure class=\"wp-block-image size-large\"><a href=\"https:\/\/rotasturisticas.jundiai.sp.gov.br\/castanho\/wp-content\/uploads\/sites\/4\/2021\/07\/carpe-diem-estrutura-5.jpeg\"><img loading=\"lazy\" decoding=\"async\" width=\"920\" height=\"518\" data-id=\"156\" src=\"https:\/\/rotasturisticas.jundiai.sp.gov.br\/castanho\/wp-content\/uploads\/sites\/4\/2021\/07\/carpe-diem-estrutura-5-920x518.jpeg\" alt=\"\" class=\"wp-image-156\" srcset=\"https:\/\/rotasturisticas.jundiai.sp.gov.br\/castanho\/wp-content\/uploads\/sites\/4\/2021\/07\/carpe-diem-estrutura-5-920x518.jpeg 920w, https:\/\/rotasturisticas.jundiai.sp.gov.br\/castanho\/wp-content\/uploads\/sites\/4\/2021\/07\/carpe-diem-estrutura-5-300x169.jpeg 300w, https:\/\/rotasturisticas.jundiai.sp.gov.br\/castanho\/wp-content\/uploads\/sites\/4\/2021\/07\/carpe-diem-estrutura-5-768x432.jpeg 768w, https:\/\/rotasturisticas.jundiai.sp.gov.br\/castanho\/wp-content\/uploads\/sites\/4\/2021\/07\/carpe-diem-estrutura-5.jpeg 1280w\" sizes=\"auto, (max-width: 920px) 100vw, 920px\" \/><\/a><\/figure>\n\n\n\n<figure class=\"wp-block-image size-large\"><a href=\"https:\/\/rotasturisticas.jundiai.sp.gov.br\/castanho\/wp-content\/uploads\/sites\/4\/2021\/07\/carpe-diem-estrutura-6.jpeg\"><img loading=\"lazy\" decoding=\"async\" width=\"920\" height=\"690\" data-id=\"157\" src=\"https:\/\/rotasturisticas.jundiai.sp.gov.br\/castanho\/wp-content\/uploads\/sites\/4\/2021\/07\/carpe-diem-estrutura-6-920x690.jpeg\" alt=\"\" class=\"wp-image-157\" srcset=\"https:\/\/rotasturisticas.jundiai.sp.gov.br\/castanho\/wp-content\/uploads\/sites\/4\/2021\/07\/carpe-diem-estrutura-6-920x690.jpeg 920w, https:\/\/rotasturisticas.jundiai.sp.gov.br\/castanho\/wp-content\/uploads\/sites\/4\/2021\/07\/carpe-diem-estrutura-6-300x225.jpeg 300w, https:\/\/rotasturisticas.jundiai.sp.gov.br\/castanho\/wp-content\/uploads\/sites\/4\/2021\/07\/carpe-diem-estrutura-6-768x576.jpeg 768w, https:\/\/rotasturisticas.jundiai.sp.gov.br\/castanho\/wp-content\/uploads\/sites\/4\/2021\/07\/carpe-diem-estrutura-6.jpeg 1280w\" sizes=\"auto, (max-width: 920px) 100vw, 920px\" \/><\/a><\/figure>\n\n\n\n<figure class=\"wp-block-image size-large\"><a href=\"https:\/\/rotasturisticas.jundiai.sp.gov.br\/castanho\/wp-content\/uploads\/sites\/4\/2021\/07\/carpe-diem-estrutura-9.jpeg\"><img loading=\"lazy\" decoding=\"async\" width=\"720\" height=\"960\" data-id=\"158\" src=\"https:\/\/rotasturisticas.jundiai.sp.gov.br\/castanho\/wp-content\/uploads\/sites\/4\/2021\/07\/carpe-diem-estrutura-9-720x960.jpeg\" alt=\"\" class=\"wp-image-158\" srcset=\"https:\/\/rotasturisticas.jundiai.sp.gov.br\/castanho\/wp-content\/uploads\/sites\/4\/2021\/07\/carpe-diem-estrutura-9-720x960.jpeg 720w, https:\/\/rotasturisticas.jundiai.sp.gov.br\/castanho\/wp-content\/uploads\/sites\/4\/2021\/07\/carpe-diem-estrutura-9-300x400.jpeg 300w, https:\/\/rotasturisticas.jundiai.sp.gov.br\/castanho\/wp-content\/uploads\/sites\/4\/2021\/07\/carpe-diem-estrutura-9-768x1024.jpeg 768w, https:\/\/rotasturisticas.jundiai.sp.gov.br\/castanho\/wp-content\/uploads\/sites\/4\/2021\/07\/carpe-diem-estrutura-9.jpeg 960w\" sizes=\"auto, (max-width: 720px) 100vw, 720px\" \/><\/a><\/figure>\n\n\n\n<figure class=\"wp-block-image size-large\"><a href=\"https:\/\/rotasturisticas.jundiai.sp.gov.br\/castanho\/wp-content\/uploads\/sites\/4\/2021\/07\/carpe-diem-estrutura-11.jpeg\"><img loading=\"lazy\" decoding=\"async\" width=\"920\" height=\"690\" data-id=\"159\" src=\"https:\/\/rotasturisticas.jundiai.sp.gov.br\/castanho\/wp-content\/uploads\/sites\/4\/2021\/07\/carpe-diem-estrutura-11-920x690.jpeg\" alt=\"\" class=\"wp-image-159\" srcset=\"https:\/\/rotasturisticas.jundiai.sp.gov.br\/castanho\/wp-content\/uploads\/sites\/4\/2021\/07\/carpe-diem-estrutura-11-920x690.jpeg 920w, https:\/\/rotasturisticas.jundiai.sp.gov.br\/castanho\/wp-content\/uploads\/sites\/4\/2021\/07\/carpe-diem-estrutura-11-300x225.jpeg 300w, https:\/\/rotasturisticas.jundiai.sp.gov.br\/castanho\/wp-content\/uploads\/sites\/4\/2021\/07\/carpe-diem-estrutura-11-768x576.jpeg 768w, https:\/\/rotasturisticas.jundiai.sp.gov.br\/castanho\/wp-content\/uploads\/sites\/4\/2021\/07\/carpe-diem-estrutura-11.jpeg 1024w\" sizes=\"auto, (max-width: 920px) 100vw, 920px\" \/><\/a><\/figure>\n\n\n\n<figure class=\"wp-block-image size-large\"><a href=\"https:\/\/rotasturisticas.jundiai.sp.gov.br\/castanho\/wp-content\/uploads\/sites\/4\/2021\/07\/carpe-diem-estrutura-15.jpeg\"><img loading=\"lazy\" decoding=\"async\" width=\"920\" height=\"690\" data-id=\"160\" src=\"https:\/\/rotasturisticas.jundiai.sp.gov.br\/castanho\/wp-content\/uploads\/sites\/4\/2021\/07\/carpe-diem-estrutura-15-920x690.jpeg\" alt=\"\" class=\"wp-image-160\" srcset=\"https:\/\/rotasturisticas.jundiai.sp.gov.br\/castanho\/wp-content\/uploads\/sites\/4\/2021\/07\/carpe-diem-estrutura-15-920x690.jpeg 920w, https:\/\/rotasturisticas.jundiai.sp.gov.br\/castanho\/wp-content\/uploads\/sites\/4\/2021\/07\/carpe-diem-estrutura-15-300x225.jpeg 300w, https:\/\/rotasturisticas.jundiai.sp.gov.br\/castanho\/wp-content\/uploads\/sites\/4\/2021\/07\/carpe-diem-estrutura-15-768x576.jpeg 768w, https:\/\/rotasturisticas.jundiai.sp.gov.br\/castanho\/wp-content\/uploads\/sites\/4\/2021\/07\/carpe-diem-estrutura-15.jpeg 1024w\" sizes=\"auto, (max-width: 920px) 100vw, 920px\" \/><\/a><\/figure>\n<\/figure>\n","protected":false},"excerpt":{"rendered":"<p>O Espa\u00e7o Carpe Diem de lazer \u00e9 uma \u00e1rea de 52.000 m, que conta com uma parte da mata atl\u00e2ntica com trilha e planta\u00e7\u00e3o de caf\u00e9, piscina, campo de futebol, churrasqueira, vesti\u00e1rios, sal\u00e3o de festas e sal\u00e3o de jogos preparados para receber escolas e grupos fechados. A empresa elabora e realiza atividades como Day Camp [&hellip;]<\/p>\n","protected":false},"author":4,"featured_media":194,"parent":18,"menu_order":0,"comment_status":"closed","ping_status":"closed","template":"page-local.php","meta":{"footnotes":""},"class_list":["post-39","page","type-page","status-publish","has-post-thumbnail","hentry"],"_links":{"self":[{"href":"https:\/\/rotasturisticas.jundiai.sp.gov.br\/castanho\/wp-json\/wp\/v2\/pages\/39","targetHints":{"allow":["GET"]}}],"collection":[{"href":"https:\/\/rotasturisticas.jundiai.sp.gov.br\/castanho\/wp-json\/wp\/v2\/pages"}],"about":[{"href":"https:\/\/rotasturisticas.jundiai.sp.gov.br\/castanho\/wp-json\/wp\/v2\/types\/page"}],"author":[{"embeddable":true,"href":"https:\/\/rotasturisticas.jundiai.sp.gov.br\/castanho\/wp-json\/wp\/v2\/users\/4"}],"replies":[{"embeddable":true,"href":"https:\/\/rotasturisticas.jundiai.sp.gov.br\/castanho\/wp-json\/wp\/v2\/comments?post=39"}],"version-history":[{"count":13,"href":"https:\/\/rotasturisticas.jundiai.sp.gov.br\/castanho\/wp-json\/wp\/v2\/pages\/39\/revisions"}],"predecessor-version":[{"id":233,"href":"https:\/\/rotasturisticas.jundiai.sp.gov.br\/castanho\/wp-json\/wp\/v2\/pages\/39\/revisions\/233"}],"up":[{"embeddable":true,"href":"https:\/\/rotasturisticas.jundiai.sp.gov.br\/castanho\/wp-json\/wp\/v2\/pages\/18"}],"wp:featuredmedia":[{"embeddable":true,"href":"https:\/\/rotasturisticas.jundiai.sp.gov.br\/castanho\/wp-json\/wp\/v2\/media\/194"}],"wp:attachment":[{"href":"https:\/\/rotasturisticas.jundiai.sp.gov.br\/castanho\/wp-json\/wp\/v2\/media?parent=39"}],"curies":[{"name":"wp","href":"https:\/\/api.w.org\/{rel}","templated":true}]}}