{"id":244,"date":"2024-12-17T15:18:12","date_gmt":"2024-12-17T18:18:12","guid":{"rendered":"https:\/\/rotasturisticas.jundiai.sp.gov.br\/castanho\/?page_id=244"},"modified":"2024-12-17T16:00:28","modified_gmt":"2024-12-17T19:00:28","slug":"leiteria-catarina","status":"publish","type":"page","link":"https:\/\/rotasturisticas.jundiai.sp.gov.br\/castanho\/o-que-visitar\/leiteria-catarina\/","title":{"rendered":"Leiteria Catarina"},"content":{"rendered":"\n<p>Com uma receita que atravessa gera\u00e7\u00f5es, a Leiteria Catarina mant\u00e9m a tradi\u00e7\u00e3o na produ\u00e7\u00e3o de del\u00edcias do campo, todas feitas com muito carinho e mat\u00e9ria-prima de \u00f3tima qualidade!<br>A nossa receita \u00e9 uma valiosa heran\u00e7a deixada por 3 gera\u00e7\u00f5es que preza pela autenticidade dos alimentos, nossos produtos s\u00e3o livres de conservantes e manualmente produzidos com o carinho original da nossa fam\u00edlia.<br>Quem experimenta os produtos Catarina sabe o que \u00e9 um sabor especial, a suavidade e a textura se transformam em uma verdadeira experi\u00eancia gastron\u00f4mica com gostinhos da fazenda<br>Redescubra o prazer de se alimentar com sa\u00fade conhecendo uma produ\u00e7\u00e3o local e limpa, que respeita a tradi\u00e7\u00e3o da receita e o sabor do alimento. Nossos produtos com baixo n\u00edvel de processamento representa um estilo de vida e de alimenta\u00e7\u00e3o saud\u00e1vel. Feito para ser apreciado.<\/p>\n\n\n\n<figure class=\"wp-block-gallery has-nested-images columns-4 is-cropped wp-block-gallery-1 is-layout-flex wp-block-gallery-is-layout-flex\">\n<figure class=\"wp-block-image size-large\"><img loading=\"lazy\" decoding=\"async\" width=\"534\" height=\"950\" data-id=\"248\" src=\"https:\/\/rotasturisticas.jundiai.sp.gov.br\/castanho\/wp-content\/uploads\/sites\/4\/2024\/12\/IMG_0341-Celia-Catarina-de-Almeida-534x950.jpeg\" alt=\"\" class=\"wp-image-248\" srcset=\"https:\/\/rotasturisticas.jundiai.sp.gov.br\/castanho\/wp-content\/uploads\/sites\/4\/2024\/12\/IMG_0341-Celia-Catarina-de-Almeida-534x950.jpeg 534w, https:\/\/rotasturisticas.jundiai.sp.gov.br\/castanho\/wp-content\/uploads\/sites\/4\/2024\/12\/IMG_0341-Celia-Catarina-de-Almeida.jpeg 719w\" sizes=\"auto, (max-width: 534px) 100vw, 534px\" \/><\/figure>\n\n\n\n<figure class=\"wp-block-image size-large\"><img decoding=\"async\" data-id=\"27432\" src=\"https:\/\/turismo.jundiai.sp.gov.br\/wp-content\/uploads\/2024\/12\/IMG_0342-Celia-Catarina-de-Almeida-950x950.jpeg\" alt=\"\" class=\"wp-image-27432\"\/><\/figure>\n\n\n\n<figure class=\"wp-block-image size-large\"><img decoding=\"async\" data-id=\"27433\" src=\"https:\/\/turismo.jundiai.sp.gov.br\/wp-content\/uploads\/2024\/12\/IMG_0345-Celia-Catarina-de-Almeida-461x950.jpeg\" alt=\"\" class=\"wp-image-27433\"\/><\/figure>\n\n\n\n<figure class=\"wp-block-image size-large\"><img decoding=\"async\" data-id=\"27437\" src=\"https:\/\/turismo.jundiai.sp.gov.br\/wp-content\/uploads\/2024\/12\/IMG_0338-Celia-Catarina-de-Almeida-461x950.jpeg\" alt=\"\" class=\"wp-image-27437\"\/><\/figure>\n\n\n\n<figure class=\"wp-block-image size-large\"><img decoding=\"async\" data-id=\"27431\" src=\"https:\/\/turismo.jundiai.sp.gov.br\/wp-content\/uploads\/2024\/12\/IMG_0339-Celia-Catarina-de-Almeida-534x950.jpeg\" alt=\"\" class=\"wp-image-27431\"\/><\/figure>\n\n\n\n<figure class=\"wp-block-image size-large\"><img decoding=\"async\" data-id=\"27435\" src=\"https:\/\/turismo.jundiai.sp.gov.br\/wp-content\/uploads\/2024\/12\/IMG_0343-Celia-Catarina-de-Almeida-461x950.jpeg\" alt=\"\" class=\"wp-image-27435\"\/><\/figure>\n\n\n\n<figure class=\"wp-block-image size-large\"><img decoding=\"async\" data-id=\"27434\" src=\"https:\/\/turismo.jundiai.sp.gov.br\/wp-content\/uploads\/2024\/12\/IMG_0340-Celia-Catarina-de-Almeida-950x950.jpeg\" alt=\"\" class=\"wp-image-27434\"\/><\/figure>\n\n\n\n<figure class=\"wp-block-image size-large\"><img decoding=\"async\" data-id=\"27438\" src=\"https:\/\/turismo.jundiai.sp.gov.br\/wp-content\/uploads\/2024\/12\/IMG_0344-Celia-Catarina-de-Almeida-950x950.jpeg\" alt=\"\" class=\"wp-image-27438\"\/><\/figure>\n<\/figure>\n","protected":false},"excerpt":{"rendered":"<p>Com uma receita que atravessa gera\u00e7\u00f5es, a Leiteria Catarina mant\u00e9m a tradi\u00e7\u00e3o na produ\u00e7\u00e3o de del\u00edcias do campo, todas feitas com muito carinho e mat\u00e9ria-prima de \u00f3tima qualidade!A nossa receita \u00e9 uma valiosa heran\u00e7a deixada por 3 gera\u00e7\u00f5es que preza pela autenticidade dos alimentos, nossos produtos s\u00e3o livres de conservantes e manualmente produzidos com o [&hellip;]<\/p>\n","protected":false},"author":22,"featured_media":0,"parent":18,"menu_order":0,"comment_status":"closed","ping_status":"closed","template":"page-local.php","meta":{"footnotes":""},"class_list":["post-244","page","type-page","status-publish","hentry"],"_links":{"self":[{"href":"https:\/\/rotasturisticas.jundiai.sp.gov.br\/castanho\/wp-json\/wp\/v2\/pages\/244","targetHints":{"allow":["GET"]}}],"collection":[{"href":"https:\/\/rotasturisticas.jundiai.sp.gov.br\/castanho\/wp-json\/wp\/v2\/pages"}],"about":[{"href":"https:\/\/rotasturisticas.jundiai.sp.gov.br\/castanho\/wp-json\/wp\/v2\/types\/page"}],"author":[{"embeddable":true,"href":"https:\/\/rotasturisticas.jundiai.sp.gov.br\/castanho\/wp-json\/wp\/v2\/users\/22"}],"replies":[{"embeddable":true,"href":"https:\/\/rotasturisticas.jundiai.sp.gov.br\/castanho\/wp-json\/wp\/v2\/comments?post=244"}],"version-history":[{"count":4,"href":"https:\/\/rotasturisticas.jundiai.sp.gov.br\/castanho\/wp-json\/wp\/v2\/pages\/244\/revisions"}],"predecessor-version":[{"id":249,"href":"https:\/\/rotasturisticas.jundiai.sp.gov.br\/castanho\/wp-json\/wp\/v2\/pages\/244\/revisions\/249"}],"up":[{"embeddable":true,"href":"https:\/\/rotasturisticas.jundiai.sp.gov.br\/castanho\/wp-json\/wp\/v2\/pages\/18"}],"wp:attachment":[{"href":"https:\/\/rotasturisticas.jundiai.sp.gov.br\/castanho\/wp-json\/wp\/v2\/media?parent=244"}],"curies":[{"name":"wp","href":"https:\/\/api.w.org\/{rel}","templated":true}]}}