{"id":242,"date":"2024-12-05T12:15:30","date_gmt":"2024-12-05T15:15:30","guid":{"rendered":"https:\/\/rotasturisticas.jundiai.sp.gov.br\/castanho\/?page_id=242"},"modified":"2024-12-18T08:39:08","modified_gmt":"2024-12-18T11:39:08","slug":"deposito-moringa","status":"publish","type":"page","link":"https:\/\/rotasturisticas.jundiai.sp.gov.br\/castanho\/o-que-visitar\/deposito-moringa\/","title":{"rendered":"Dep\u00f3sito Moringa"},"content":{"rendered":"\n<p>O Dep\u00f3sito Moringa \u00e9 uma loja conceito de m\u00f3veis, decora\u00e7\u00e3o e arte brasileira com foco em sustentabilidade. Nascemos dentro de um ferro velho familiar e hoje somos refer\u00eancia em pe\u00e7as exclusivas que contam hist\u00f3rias de seus artistas e artes\u00e3os ! Venha nos visitar , ser\u00e1 uma experi\u00eancia \u00fanica e marcante !<\/p>\n\n\n\n<figure class=\"wp-block-gallery has-nested-images columns-default is-cropped wp-block-gallery-1 is-layout-flex wp-block-gallery-is-layout-flex\">\n<figure class=\"wp-block-image size-large\"><img loading=\"lazy\" decoding=\"async\" width=\"712\" height=\"950\" data-id=\"251\" src=\"https:\/\/rotasturisticas.jundiai.sp.gov.br\/castanho\/wp-content\/uploads\/sites\/4\/2024\/12\/IMG_7297-712x950.jpeg\" alt=\"\" class=\"wp-image-251\" srcset=\"https:\/\/rotasturisticas.jundiai.sp.gov.br\/castanho\/wp-content\/uploads\/sites\/4\/2024\/12\/IMG_7297-712x950.jpeg 712w, https:\/\/rotasturisticas.jundiai.sp.gov.br\/castanho\/wp-content\/uploads\/sites\/4\/2024\/12\/IMG_7297-768x1024.jpeg 768w, https:\/\/rotasturisticas.jundiai.sp.gov.br\/castanho\/wp-content\/uploads\/sites\/4\/2024\/12\/IMG_7297-1152x1536.jpeg 1152w, https:\/\/rotasturisticas.jundiai.sp.gov.br\/castanho\/wp-content\/uploads\/sites\/4\/2024\/12\/IMG_7297.jpeg 1280w\" sizes=\"auto, (max-width: 712px) 100vw, 712px\" \/><\/figure>\n\n\n\n<figure class=\"wp-block-image size-large\"><img decoding=\"async\" data-id=\"27457\" src=\"https:\/\/turismo.jundiai.sp.gov.br\/wp-content\/uploads\/2024\/12\/IMG_7312.jpeg\" alt=\"\" class=\"wp-image-27457\"\/><\/figure>\n\n\n\n<figure class=\"wp-block-image size-large\"><img decoding=\"async\" data-id=\"27452\" src=\"https:\/\/turismo.jundiai.sp.gov.br\/wp-content\/uploads\/2024\/12\/IMG_7321-712x950.jpeg\" alt=\"\" class=\"wp-image-27452\"\/><\/figure>\n\n\n\n<figure class=\"wp-block-image size-large\"><img decoding=\"async\" data-id=\"27459\" src=\"https:\/\/turismo.jundiai.sp.gov.br\/wp-content\/uploads\/2024\/12\/IMG_7307-1267x950.jpeg\" alt=\"\" class=\"wp-image-27459\"\/><\/figure>\n\n\n\n<figure class=\"wp-block-image size-large\"><img decoding=\"async\" data-id=\"27456\" src=\"https:\/\/turismo.jundiai.sp.gov.br\/wp-content\/uploads\/2024\/12\/IMG_7305-712x950.jpeg\" alt=\"\" class=\"wp-image-27456\"\/><\/figure>\n\n\n\n<figure class=\"wp-block-image size-large\"><img decoding=\"async\" data-id=\"27460\" src=\"https:\/\/turismo.jundiai.sp.gov.br\/wp-content\/uploads\/2024\/12\/IMG_7314-1267x950.jpeg\" alt=\"\" class=\"wp-image-27460\"\/><\/figure>\n\n\n\n<figure class=\"wp-block-image size-large\"><img decoding=\"async\" data-id=\"27453\" src=\"https:\/\/turismo.jundiai.sp.gov.br\/wp-content\/uploads\/2024\/12\/IMG_7323-859x950.jpeg\" alt=\"\" class=\"wp-image-27453\"\/><\/figure>\n\n\n\n<figure class=\"wp-block-image size-large\"><img decoding=\"async\" data-id=\"27458\" src=\"https:\/\/turismo.jundiai.sp.gov.br\/wp-content\/uploads\/2024\/12\/IMG_7288-712x950.jpeg\" alt=\"\" class=\"wp-image-27458\"\/><\/figure>\n\n\n\n<figure class=\"wp-block-image size-large\"><img decoding=\"async\" data-id=\"27454\" src=\"https:\/\/turismo.jundiai.sp.gov.br\/wp-content\/uploads\/2024\/12\/IMG_7316-1265x950.jpeg\" alt=\"\" class=\"wp-image-27454\"\/><\/figure>\n<\/figure>\n","protected":false},"excerpt":{"rendered":"<p>O Dep\u00f3sito Moringa \u00e9 uma loja conceito de m\u00f3veis, decora\u00e7\u00e3o e arte brasileira com foco em sustentabilidade. Nascemos dentro de um ferro velho familiar e hoje somos refer\u00eancia em pe\u00e7as exclusivas que contam hist\u00f3rias de seus artistas e artes\u00e3os ! Venha nos visitar , ser\u00e1 uma experi\u00eancia \u00fanica e marcante !<\/p>\n","protected":false},"author":22,"featured_media":0,"parent":18,"menu_order":0,"comment_status":"closed","ping_status":"closed","template":"page-local.php","meta":{"footnotes":""},"class_list":["post-242","page","type-page","status-publish","hentry"],"_links":{"self":[{"href":"https:\/\/rotasturisticas.jundiai.sp.gov.br\/castanho\/wp-json\/wp\/v2\/pages\/242","targetHints":{"allow":["GET"]}}],"collection":[{"href":"https:\/\/rotasturisticas.jundiai.sp.gov.br\/castanho\/wp-json\/wp\/v2\/pages"}],"about":[{"href":"https:\/\/rotasturisticas.jundiai.sp.gov.br\/castanho\/wp-json\/wp\/v2\/types\/page"}],"author":[{"embeddable":true,"href":"https:\/\/rotasturisticas.jundiai.sp.gov.br\/castanho\/wp-json\/wp\/v2\/users\/22"}],"replies":[{"embeddable":true,"href":"https:\/\/rotasturisticas.jundiai.sp.gov.br\/castanho\/wp-json\/wp\/v2\/comments?post=242"}],"version-history":[{"count":2,"href":"https:\/\/rotasturisticas.jundiai.sp.gov.br\/castanho\/wp-json\/wp\/v2\/pages\/242\/revisions"}],"predecessor-version":[{"id":252,"href":"https:\/\/rotasturisticas.jundiai.sp.gov.br\/castanho\/wp-json\/wp\/v2\/pages\/242\/revisions\/252"}],"up":[{"embeddable":true,"href":"https:\/\/rotasturisticas.jundiai.sp.gov.br\/castanho\/wp-json\/wp\/v2\/pages\/18"}],"wp:attachment":[{"href":"https:\/\/rotasturisticas.jundiai.sp.gov.br\/castanho\/wp-json\/wp\/v2\/media?parent=242"}],"curies":[{"name":"wp","href":"https:\/\/api.w.org\/{rel}","templated":true}]}}