{"id":18,"date":"2016-09-02T14:34:27","date_gmt":"2016-09-02T17:34:27","guid":{"rendered":"http:\/\/rotasturisticas.jundiai.sp.gov.br\/castanho\/?page_id=18"},"modified":"2022-08-11T10:55:01","modified_gmt":"2022-08-11T13:55:01","slug":"o-que-visitar","status":"publish","type":"page","link":"https:\/\/rotasturisticas.jundiai.sp.gov.br\/castanho\/o-que-visitar\/","title":{"rendered":"O Que Visitar"},"content":{"rendered":"\n<p class=\"has-medium-font-size\"><strong>Passeios e Roteiros<\/strong><\/p>\n\n\n\n<div class=\"wp-block-file\"><a id=\"wp-block-file--media-ad2377ab-209f-41d8-af28-ffa20501e663\" href=\"https:\/\/rotasturisticas.jundiai.sp.gov.br\/castanho\/wp-content\/uploads\/sites\/4\/2021\/07\/Rota-do-Castanho-Roteiro.pdf\" target=\"_blank\" rel=\"noreferrer noopener\">Confira aqui as op\u00e7\u00f5es de Roteiros dispon\u00edveis na Rota do Castanho<\/a><a href=\"https:\/\/rotasturisticas.jundiai.sp.gov.br\/castanho\/wp-content\/uploads\/sites\/4\/2021\/07\/Rota-do-Castanho-Roteiro.pdf\" class=\"wp-block-file__button\" download aria-describedby=\"wp-block-file--media-ad2377ab-209f-41d8-af28-ffa20501e663\">Baixar<\/a><\/div>\n\n\n\n<p><\/p>\n","protected":false},"excerpt":{"rendered":"<p>Passeios e Roteiros<\/p>\n","protected":false},"author":2,"featured_media":189,"parent":0,"menu_order":0,"comment_status":"closed","ping_status":"closed","template":"","meta":{"footnotes":""},"class_list":["post-18","page","type-page","status-publish","has-post-thumbnail","hentry"],"_links":{"self":[{"href":"https:\/\/rotasturisticas.jundiai.sp.gov.br\/castanho\/wp-json\/wp\/v2\/pages\/18","targetHints":{"allow":["GET"]}}],"collection":[{"href":"https:\/\/rotasturisticas.jundiai.sp.gov.br\/castanho\/wp-json\/wp\/v2\/pages"}],"about":[{"href":"https:\/\/rotasturisticas.jundiai.sp.gov.br\/castanho\/wp-json\/wp\/v2\/types\/page"}],"author":[{"embeddable":true,"href":"https:\/\/rotasturisticas.jundiai.sp.gov.br\/castanho\/wp-json\/wp\/v2\/users\/2"}],"replies":[{"embeddable":true,"href":"https:\/\/rotasturisticas.jundiai.sp.gov.br\/castanho\/wp-json\/wp\/v2\/comments?post=18"}],"version-history":[{"count":6,"href":"https:\/\/rotasturisticas.jundiai.sp.gov.br\/castanho\/wp-json\/wp\/v2\/pages\/18\/revisions"}],"predecessor-version":[{"id":190,"href":"https:\/\/rotasturisticas.jundiai.sp.gov.br\/castanho\/wp-json\/wp\/v2\/pages\/18\/revisions\/190"}],"wp:featuredmedia":[{"embeddable":true,"href":"https:\/\/rotasturisticas.jundiai.sp.gov.br\/castanho\/wp-json\/wp\/v2\/media\/189"}],"wp:attachment":[{"href":"https:\/\/rotasturisticas.jundiai.sp.gov.br\/castanho\/wp-json\/wp\/v2\/media?parent=18"}],"curies":[{"name":"wp","href":"https:\/\/api.w.org\/{rel}","templated":true}]}}