{"id":14,"date":"2016-09-02T14:33:49","date_gmt":"2016-09-02T17:33:49","guid":{"rendered":"http:\/\/rotasturisticas.jundiai.sp.gov.br\/castanho\/?page_id=14"},"modified":"2021-12-06T17:33:41","modified_gmt":"2021-12-06T20:33:41","slug":"historia","status":"publish","type":"page","link":"https:\/\/rotasturisticas.jundiai.sp.gov.br\/castanho\/historia\/","title":{"rendered":"Hist\u00f3ria"},"content":{"rendered":"<p style=\"text-align: justify\"><img loading=\"lazy\" decoding=\"async\" class=\"size-medium wp-image-70 alignleft\" src=\"http:\/\/rotasturisticas.jundiai.sp.gov.br\/castanho\/wp-content\/uploads\/sites\/4\/2016\/09\/Logo-Rota-Castanho-final-300x258.jpg\" alt=\"logo-rota-castanho-final\" width=\"300\" height=\"258\" srcset=\"https:\/\/rotasturisticas.jundiai.sp.gov.br\/castanho\/wp-content\/uploads\/sites\/4\/2016\/09\/Logo-Rota-Castanho-final-300x258.jpg 300w, https:\/\/rotasturisticas.jundiai.sp.gov.br\/castanho\/wp-content\/uploads\/sites\/4\/2016\/09\/Logo-Rota-Castanho-final-768x661.jpg 768w, https:\/\/rotasturisticas.jundiai.sp.gov.br\/castanho\/wp-content\/uploads\/sites\/4\/2016\/09\/Logo-Rota-Castanho-final-920x792.jpg 920w, https:\/\/rotasturisticas.jundiai.sp.gov.br\/castanho\/wp-content\/uploads\/sites\/4\/2016\/09\/Logo-Rota-Castanho-final.jpg 1280w\" sizes=\"auto, (max-width: 300px) 100vw, 300px\" \/>Rota Tur\u00edstica, localizada ao sul de Jundia\u00ed, com acesso pela Rodovia Tancredo de Almeida Neves, tamb\u00e9m conhecida como Estrada Velha de S\u00e3o Paulo. A Rota re\u00fane vin\u00edcola tradicional, que comercializa vinhos, cacha\u00e7as e diversos produtos regionais e espa\u00e7o de lazer, com visita a produ\u00e7\u00e3o e processamento de caf\u00e9.<br \/>\nA Vin\u00edcola funciona diariamente. Demais atrativos demandam agendamento.<\/p>\n<p style=\"text-align: justify\">Conhe\u00e7a a Rota do Castanho!<\/p>\n","protected":false},"excerpt":{"rendered":"<p>Rota Tur\u00edstica, localizada ao sul de Jundia\u00ed, com acesso pela Rodovia Tancredo de Almeida Neves, tamb\u00e9m conhecida como Estrada Velha de S\u00e3o Paulo. A Rota re\u00fane vin\u00edcola tradicional, que comercializa vinhos, cacha\u00e7as e diversos produtos regionais e espa\u00e7o de lazer, com visita a produ\u00e7\u00e3o e processamento de caf\u00e9. A Vin\u00edcola funciona diariamente. Demais atrativos demandam [&hellip;]<\/p>\n","protected":false},"author":2,"featured_media":0,"parent":0,"menu_order":0,"comment_status":"closed","ping_status":"closed","template":"","meta":{"footnotes":""},"class_list":["post-14","page","type-page","status-publish","hentry"],"_links":{"self":[{"href":"https:\/\/rotasturisticas.jundiai.sp.gov.br\/castanho\/wp-json\/wp\/v2\/pages\/14","targetHints":{"allow":["GET"]}}],"collection":[{"href":"https:\/\/rotasturisticas.jundiai.sp.gov.br\/castanho\/wp-json\/wp\/v2\/pages"}],"about":[{"href":"https:\/\/rotasturisticas.jundiai.sp.gov.br\/castanho\/wp-json\/wp\/v2\/types\/page"}],"author":[{"embeddable":true,"href":"https:\/\/rotasturisticas.jundiai.sp.gov.br\/castanho\/wp-json\/wp\/v2\/users\/2"}],"replies":[{"embeddable":true,"href":"https:\/\/rotasturisticas.jundiai.sp.gov.br\/castanho\/wp-json\/wp\/v2\/comments?post=14"}],"version-history":[{"count":6,"href":"https:\/\/rotasturisticas.jundiai.sp.gov.br\/castanho\/wp-json\/wp\/v2\/pages\/14\/revisions"}],"predecessor-version":[{"id":171,"href":"https:\/\/rotasturisticas.jundiai.sp.gov.br\/castanho\/wp-json\/wp\/v2\/pages\/14\/revisions\/171"}],"wp:attachment":[{"href":"https:\/\/rotasturisticas.jundiai.sp.gov.br\/castanho\/wp-json\/wp\/v2\/media?parent=14"}],"curies":[{"name":"wp","href":"https:\/\/api.w.org\/{rel}","templated":true}]}}