{"id":66,"date":"2023-03-13T11:41:45","date_gmt":"2023-03-13T14:41:45","guid":{"rendered":"https:\/\/rotasturisticas.jundiai.sp.gov.br\/brincar\/?page_id=66"},"modified":"2023-03-13T15:11:52","modified_gmt":"2023-03-13T18:11:52","slug":"biblioteca-publica-municipal-prof-nelson-foot","status":"publish","type":"page","link":"https:\/\/rotasturisticas.jundiai.sp.gov.br\/brincar\/o-que-visitar\/biblioteca-publica-municipal-prof-nelson-foot\/","title":{"rendered":"Biblioteca P\u00fablica Municipal &#8220;Prof. Nelson Foot&#8221;"},"content":{"rendered":"\n<p><\/p>\n\n\n\n<p><strong>L\u00ea no Ninho<\/strong><\/p>\n\n\n\n<p>\u00c9 um programa permanente desenvolvido em apenas dez bibliotecas no Estado de S\u00e3o Paulo e, tem por objetivo, fomentar o gosto pela leitura entre crian\u00e7as de seis meses a quatro anos. Para isso, ele conta com dois ingredientes-chave: o l\u00fadico e o v\u00ednculo afetivo entre os pequenos e seus cuidadores.<\/p>\n\n\n\n<p>Durante cada sess\u00e3o as crian\u00e7as ouvem hist\u00f3rias, brincam e cantam em um ambiente aconchegante, tendo seus cuidadores como parceiros. A ideia por tr\u00e1s disso \u00e9 tornar o momento de media\u00e7\u00e3o de leitura t\u00e3o gostoso que o p\u00fablico queira n\u00e3o apenas retornar, mas tamb\u00e9m reproduzir as sess\u00f5es do L\u00ea no Ninho em casa ou na escola.<\/p>\n\n\n\n<p>Outro elemento que diferencia o programa \u00e9 a tecnologia. Embora as sess\u00f5es do L\u00ea no Ninho tenha livros como grande destaque, h\u00e1 momentos que contam com tablet.<\/p>\n\n\n\n<p>Esses momentos s\u00e3o importantes para que os cuidadores aprendam diferentes formas de mediar o uso de dispositivos tecnol\u00f3gicos.<\/p>\n\n\n\n<p>Ocorrem duas sess\u00f5es durante o m\u00eas para atendimento \u00e0 popula\u00e7\u00e3o, com inscri\u00e7\u00f5es pr\u00e9vias. J\u00e1 para as escolas p\u00fablicas e particulares, com o p\u00fablico de 6 meses a 3 anos, o atendimento acontece de acordo com a disponibilidade de datas. <\/p>\n\n\n\n<p><strong><a rel=\"noreferrer noopener\" href=\"https:\/\/biblioteca.jundiai.sp.gov.br\/programacao\/\" target=\"_blank\">Consulte aqui a programa\u00e7\u00e3o<\/a><\/strong><\/p>\n\n\n\n<figure class=\"wp-block-gallery aligncenter has-nested-images columns-default is-cropped wp-block-gallery-1 is-layout-flex wp-block-gallery-is-layout-flex\">\n<figure class=\"wp-block-image size-full\"><a href=\"https:\/\/rotasturisticas.jundiai.sp.gov.br\/brincar\/wp-content\/uploads\/sites\/10\/2023\/03\/le-no-ninho.jpg\"><img loading=\"lazy\" decoding=\"async\" width=\"639\" height=\"573\" data-id=\"102\" src=\"https:\/\/rotasturisticas.jundiai.sp.gov.br\/brincar\/wp-content\/uploads\/sites\/10\/2023\/03\/le-no-ninho.jpg\" alt=\"\" class=\"wp-image-102\" \/><\/a><\/figure>\n\n\n\n<figure class=\"wp-block-image size-full\"><a href=\"https:\/\/rotasturisticas.jundiai.sp.gov.br\/brincar\/wp-content\/uploads\/sites\/10\/2023\/03\/biblioteca_le_no_ninho.jpg\"><img loading=\"lazy\" decoding=\"async\" width=\"1148\" height=\"738\" data-id=\"104\" src=\"https:\/\/rotasturisticas.jundiai.sp.gov.br\/brincar\/wp-content\/uploads\/sites\/10\/2023\/03\/biblioteca_le_no_ninho.jpg\" alt=\"\" class=\"wp-image-104\" srcset=\"https:\/\/rotasturisticas.jundiai.sp.gov.br\/brincar\/wp-content\/uploads\/sites\/10\/2023\/03\/biblioteca_le_no_ninho.jpg 1148w, https:\/\/rotasturisticas.jundiai.sp.gov.br\/brincar\/wp-content\/uploads\/sites\/10\/2023\/03\/biblioteca_le_no_ninho-768x494.jpg 768w\" sizes=\"auto, (max-width: 1148px) 100vw, 1148px\" \/><\/a><\/figure>\n<\/figure>\n","protected":false},"excerpt":{"rendered":"<p>L\u00ea no Ninho \u00c9 um programa permanente desenvolvido em apenas dez bibliotecas no Estado de S\u00e3o Paulo e, tem por objetivo, fomentar o gosto pela leitura entre crian\u00e7as de seis meses a quatro anos. Para isso, ele conta com dois ingredientes-chave: o l\u00fadico e o v\u00ednculo afetivo entre os pequenos e seus cuidadores. Durante cada [&hellip;]<\/p>\n","protected":false},"author":16,"featured_media":0,"parent":9,"menu_order":0,"comment_status":"closed","ping_status":"closed","template":"page-local.php","meta":{"footnotes":""},"class_list":["post-66","page","type-page","status-publish","hentry"],"_links":{"self":[{"href":"https:\/\/rotasturisticas.jundiai.sp.gov.br\/brincar\/wp-json\/wp\/v2\/pages\/66","targetHints":{"allow":["GET"]}}],"collection":[{"href":"https:\/\/rotasturisticas.jundiai.sp.gov.br\/brincar\/wp-json\/wp\/v2\/pages"}],"about":[{"href":"https:\/\/rotasturisticas.jundiai.sp.gov.br\/brincar\/wp-json\/wp\/v2\/types\/page"}],"author":[{"embeddable":true,"href":"https:\/\/rotasturisticas.jundiai.sp.gov.br\/brincar\/wp-json\/wp\/v2\/users\/16"}],"replies":[{"embeddable":true,"href":"https:\/\/rotasturisticas.jundiai.sp.gov.br\/brincar\/wp-json\/wp\/v2\/comments?post=66"}],"version-history":[{"count":3,"href":"https:\/\/rotasturisticas.jundiai.sp.gov.br\/brincar\/wp-json\/wp\/v2\/pages\/66\/revisions"}],"predecessor-version":[{"id":105,"href":"https:\/\/rotasturisticas.jundiai.sp.gov.br\/brincar\/wp-json\/wp\/v2\/pages\/66\/revisions\/105"}],"up":[{"embeddable":true,"href":"https:\/\/rotasturisticas.jundiai.sp.gov.br\/brincar\/wp-json\/wp\/v2\/pages\/9"}],"wp:attachment":[{"href":"https:\/\/rotasturisticas.jundiai.sp.gov.br\/brincar\/wp-json\/wp\/v2\/media?parent=66"}],"curies":[{"name":"wp","href":"https:\/\/api.w.org\/{rel}","templated":true}]}}